{"id":4069,"date":"2021-10-12T13:52:09","date_gmt":"2021-10-12T13:52:09","guid":{"rendered":"https:\/geschichte\/"},"modified":"2021-10-12T20:45:30","modified_gmt":"2021-10-12T20:45:30","slug":"geschichte","status":"publish","type":"page","link":"https:\/\/lanochedelostambores.com\/de\/geschichte\/","title":{"rendered":"GESCHICHTE"},"content":{"rendered":"<div class=\"wpb-content-wrapper\"><p>[vc_row full_width=&#8220;stretch_row&#8220; css=&#8220;.vc_custom_1622660616750{background-image: url(http:\/\/lanochedelostambores.com\/wp-content\/uploads\/2021\/05\/Tambores-Mula-la-fiesta-1920_2.jpg?id=1013) !important;}&#8220;][vc_column]<div class=\"cz_gap clr \" style=\"height: 80px\"><\/div>[vc_row_inner content_placement=&#8220;middle&#8220;][vc_column_inner width=&#8220;1\/2&#8243;]<h2 id=\"cz_100361\" data-time=\"3000\" class=\"cz_100361 cz_headline slide\"><span class=\"cz_words-wrapper\"><b class=\"is-visible\">H\u00f6ren<\/b><b class=\"is-hidden\"> F\u00fchlen<\/b><b class=\"is-hidden\"> Leben<\/b><\/span><\/h2>[\/vc_column_inner][vc_column_inner width=&#8220;1\/2&#8243;]<div id=\"cz_86412\" class=\"cz_86412 cz_title clr cz_title_pos_inline\"><div class=\"cz_title_shape shape_rectangle cz_title_shape_outline cz_shape_2\"><\/div><div class=\"cz_title_content\"><div class=\"cz_wpe_content\"><h3><span style=\"font-family: Montserrat; font-weight: 800; font-size: 34px; color: #ffffff;\">Leidenschaft f\u00fcr den donnernden Klang, mit dem Sie sp\u00fcren k\u00f6nnen, wie Ihre Haut vibriert und str\u00e4ubt<\/span><\/h3>\n<\/div><\/div><\/div>[\/vc_column_inner][\/vc_row_inner]<div class=\"cz_gap clr  hide_on_mobile\" style=\"height: 80px\"><\/div><div class=\"cz_gap show_on_mobile clr\" style=\"height: 101px\"><\/div>[\/vc_column][\/vc_row][vc_row full_width=&#8220;stretch_row&#8220; css=&#8220;.vc_custom_1627682387176{background-color: #dbcdbc !important;}&#8220;][vc_column]<div class=\"cz_gap clr \" style=\"height: 80px\"><\/div><div id=\"cz_15649\" class=\"cz_15649 cz_title clr cz_title_pos_inline tac\"><div class=\"cz_title_shape shape_circle cz_title_shape_outline cz_shape_1\"><\/div><div class=\"cz_title_content\"><div class=\"cz_wpe_content\"><div style=\"text-align: center; line-height: 1;\"><span style=\"font-family: Montserrat; font-size: 36px; font-weight: 300;\">GESCHICHTE<\/span><\/div>\n<div style=\"text-align: center; line-height: 1;\"><span style=\"font-family: Montserrat; font-weight: 900;\">DER TROMMEL<\/span><\/div>\n<\/div><\/div><\/div><div class=\"cz_gap clr \" style=\"height: 80px\"><\/div>[\/vc_column][\/vc_row][vc_row css=&#8220;.vc_custom_1629912990001{margin-top: 80px !important;background-position: center !important;background-repeat: no-repeat !important;background-size: cover !important;}&#8220;][vc_column offset=&#8220;vc_col-lg-8 vc_col-md-8 vc_col-xs-12&#8243;]<div id=\"cz_101358\" data-arrows='{\"open\":\"fa fa-chevron-circle-down\",\"close\":\"fa fa-chevron-circle-up\"}' class=\"cz_101358 cz_acc clr cz_acc_first_open\"><div><div id=\"cz_33943\"><span class=\"cz_acc_child\"><div>GESCHICHTE DER TROMMELN VON MULA<\/div><\/span><div class=\"cz_acc_child_content clr\">[vc_column_text]<\/p>\n<div style=\"line-height: 1.6;\"><span style=\"font-weight: 400; font-family: Montserrat;\"><strong>O<\/strong>bwohl der Ursprung der \u201etamborada mule\u00f1a\u201c, des Trommelfests von Mula, ungewiss ist, scheint es, dass die Tradition in der ersten H\u00e4lfte des 19. Jahrhunderts aufkam, denn bereits in der Gemeindeordnung aus dem Jahr 1859 wird der Brauch des Trommelschlagens in der Karwoche au\u00dferhalb der Prozession verboten:<\/span><\/div>\n<div><\/div>\n<div><\/div>\n<blockquote>\n<div style=\"line-height: 1.6;\"><span style=\"font-family: Montserrat;\"><i><span style=\"font-weight: 400;\">&#8222;Bei den Prozessionen wird die geb\u00fchrende Ordnung und Ruhe von den Anwesenden eingehalten, und in jedem Fall ist es verboten, mit Trommeln durch die Stra\u00dfen zu laufen, au\u00dfer den wenigen, denen die Erlaubnis der Beh\u00f6rde \u201eDie Bruderschaft von Carmen\u201c erteilt wurde, und selbst diese werden nur in der Prozession gehen&#8230;&#8220;. <\/span><\/i><\/span><\/div>\n<\/blockquote>\n<p><span style=\"color: #0c0c0c; background-color: #d7ba93;\"><strong><span style=\"font-family: Montserrat; font-size: 14px; background-color: #d7ba93;\">Stadtverordnungen von Mula, Jahr 1859.<\/span><\/strong><\/span><\/p>\n<div style=\"line-height: 1.6;\"><span style=\"font-weight: 400; font-family: Montserrat;\">Au\u00dferdem wurden die so genannten &#8222;nazarenos de la broma&#8220; (witzige B\u00fc\u00dfer) verboten, die nichts anderes waren als die Jungen aus Mula, die &#8211; gekleidet in die traditionellen Tuniken und Kapuzen der Bruderschaften, denen sie angeh\u00f6rten &#8211; auf dem Weg zu den Prozessionen umherzogen, um Streiche zu spielen, Witze zu machen und M\u00e4dchen zu umwerben. Sie nutzten dabei &#8211; im echten Stil der Karnevalsverkleidung &#8211; die Anonymit\u00e4t, indem sie ihre Gesichter verbargen. Dies gefiel den konservativsten Bewohnern der Stadt, die f\u00fcr die von der Kirche geforderte Besinnung an den Tagen der Karwoche eintraten, nat\u00fcrlich nicht. <\/span><\/div>\n<p>&nbsp;<\/p>\n<div style=\"line-height: 1.6;\"><span style=\"font-weight: 600; font-family: Montserrat;\">Das Verbot des Trommelns hatte jedoch die gegenteilige Wirkung und sorgte daf\u00fcr, dass die Veranstaltung immer mehr Anh\u00e4nger gewann. Dies geschah in einem so starken Ausma\u00df, dass im Jahr 1875 die \u201eTamborada\u201c bereits etabliert und als Brauch gefestigt war. Zu diesem Zeitpunkt bildeten Nazarener (B\u00fc\u00dfer) und Trommel eine untrennbare Einheit und festigten so einen Brauch, der im Laufe der Jahre zur Tradition werden sollte.<\/span><\/div>\n<p>[\/vc_column_text]<\/div><\/div><div id=\"cz_16511\"><span class=\"cz_acc_child\"><div>DIE HISTORISCHE ENTWICKLUNG<\/div><\/span><div class=\"cz_acc_child_content clr\">[vc_column_text]<\/p>\n<div style=\"line-height: 1.6;\"><span style=\"font-weight: 400; font-family: Montserrat;\">Am Ende des 19. Jahrhunderts hatte die \u201eTamborada\u201c bereits viele Anh\u00e4nger, meist aus dem einfachen Volk. Die konservativsten Gruppen der Stadt, n\u00e4mlich die wohlhabenden Schichten und der Klerus, waren gegen den Brauch des Trommelschlagens, weil sie die Karwoche als eine Zeit der Besinnung zum Gedenken an die Passion Christi verstanden. Es ist erstaunlich, wie trotz der Opposition der in Mula Regierenden, das Trommeln am Leben erhalten wurde, obwohl man begann, die Tage des Trommelns und die Zeitpl\u00e4ne zu regeln. Folgendes geschah im Jahr 1892:<\/span><\/div>\n<p>&nbsp;<\/p>\n<blockquote>\n<div style=\"line-height: 1.5;\"><span style=\"font-family: Montserrat;\"><i><span style=\"font-weight: 400;\">&#8222;Wir glauben, versichern zu k\u00f6nnen, dass es in diesem Jahr bis zur Prozession am Karmittwoch Trommeln und B\u00fc\u00dfer geben wird, und dass in den folgenden Tagen weder Trommeln noch bedeckte Nazarener \u00fcberhaupt erlaubt sein werden.\u201c Zeitung \u201e <\/span><\/i><span style=\"font-weight: 400;\">El Noticiero de Mula\u201c, 27-III-1892.<\/span><\/span><\/div>\n<\/blockquote>\n<p>&nbsp;<\/p>\n<div style=\"line-height: 1.6;\"><span style=\"font-family: Montserrat; font-weight: 600;\">Der Versuch, die bereits etablierte Tamborada zu regulieren, stie\u00df auf den rebellischen Charakter der jungen Trommler von Mula. Wie 1908 in einer Zeitung festgehalten wurde, z\u00f6gerten diese nicht, sich massenhaft gegen die Herrschenden zu stellen. <\/span><\/div>\n<p>&nbsp;<\/p>\n<div style=\"line-height: 1.6;\"><span style=\"font-weight: 400; font-family: Montserrat;\">Zu Beginn des 20. Jahrhunderts schien die Tamborada weiterhin eher ein Ventil f\u00fcr die einfache Bev\u00f6lkerung zu sein, die die Menschenmenge und die damit verbundene Anonymit\u00e4t eher dazu nutzte, ihre Unzufriedenheit auszudr\u00fccken, anstatt sich tats\u00e4chlich am Trommeln zu erfreuen. Und dieser Ausdruckdrang an Unzufriedenheit war so stark, dass sie &#8211; um L\u00e4rm ins Menschengelage zu bringen &#8211; alles benutzen, was in ihrer Reichweite war: \u00d6lkannen, Kessel und Signalh\u00f6rner,denn nicht jeder war in der Lage, eine Trommel zu bauen oder deise gar zu kaufen. Diese Zusammenst\u00f6\u00dfe wurden auch von den verschiedenen politischen Gruppen beeinflusst.<\/span><\/div>\n<p>&nbsp;<\/p>\n<div style=\"line-height: 1.6;\">\n<p><span style=\"font-weight: 400; font-family: Montserrat;\">Angesichts der steigenden Anzahl an Teilnehmern an diesem in den Tagen der Karwoche stattfindenden &#8222;Karneval&#8220; \u2013 wie die unzufriedenen Regierenden der Stadt das Trommelfest abwertend nannten \u2013 war es diesen unm\u00f6glich, das Trommeln ganz zu verbieten. Jedoch f\u00fchrte die Unzufriedenheit der konservativen Gruppen dazu, dass die Stunden des Trommelns von Jahr zu Jahr weiter reduziert wurden. Der H\u00f6hepunkt dieser Reduzierung wurde w\u00e4hrend der Diktatur von Primo de Rivera mit nur vier erlaubten Stunden des Trommelns erreicht, obwohl die Verkleidung als Nazarener seltsamerweise f\u00fcr mehr Stunden an verschiedenen Tagen erlaubt wurde.<\/span><br \/>\n<span style=\"font-weight: 400; font-family: Montserrat;\">Nach dem Niedergang der Trommel-Tradition w\u00e4hrend der Diktatur und der anschlie\u00dfenden Dictablanda (kleine strenge Diktatur) von General D\u00e1maso Berenguer kehrt die Tradition der Tamborada mit der Gr\u00fcndung der Zweiten Republik zur Normalit\u00e4t zur\u00fcck. Mit der Ankunft der Franco-Diktatur wurde die Tamborada am Leben erhalten, die Macht der Masse machte das Verbot der Trommel undenkbar. Allerdings kam f\u00fcr die Tradition ein neuer Knackpunkt auf, denn die lokalen Machthaber legten eine Steuer fest, um die Trommel schlagen zu d\u00fcrfen.<\/span><\/p>\n<p><span style=\"font-weight: 600; font-family: Montserrat;\">Auf diese Weise \u00fcberlebte die \u201eTamborada de Mula\u201c, das Trommelfest von Mula, die schwierigen Jahre der Diktatur bis zur Ankunft der Demokratie, in der die Veranstaltung festlichere T\u00f6ne anzunehmen begann.<\/span><\/p>\n<\/div>\n<p>[\/vc_column_text]<\/div><\/div><div id=\"cz_109176\"><span class=\"cz_acc_child\"><div>DIE KOST\u00dcME<\/div><\/span><div class=\"cz_acc_child_content clr\">[vc_column_text]<\/p>\n<div style=\"line-height: 1.6;\"><span style=\"font-weight: 400; font-family: Montserrat;\">Als der Brauch der \u201ewitzigen B\u00fc\u00dfer\u201c (nazarenos de la broma) zu Beginn des 19. Jahrhunderts oder bereits gegen Ende des 18. Jahrhunderts entstand, musste deren Bekleidung \u2013 die typischen Nazarener-Tuniken und Kapuzen \u2013 die der einzelnen Prozessionsbruderschaften, der sie angeh\u00f6rten, sein. So kam es, dass es verschiedene Farben der Verkleidung gab. Die Jungen nutzen so die die Anonymit\u00e4t der Kapuze aus, w\u00e4hrend sie auf dem Weg und zu Beginn jeder Prozession Witze machten.<\/span><\/div>\n<p>&nbsp;<\/p>\n<div style=\"line-height: 1.6;\"><span style=\"font-weight: 400; font-family: Montserrat;\">Mit der Zeit weitete sich diese Vorliebe f\u00fcr Scherze und Streiche an den Ostertagen und in der Karwoche auch auf die j\u00fcngsten Bewohner Mulas aus, unabh\u00e4ngig davon, ob sie nun einer Bruderschaft angeh\u00f6rten oder nicht. Diejenigen, die keine Nazarener-Tracht besa\u00dfen, bastelten sich deshalb aus den in den H\u00e4usern vorhandenen Lumpen eine Tunika und eine Kapuze. Hier scheint die sogenannte \u201ePerkalin-Tunika\u201c ihren Ursprung zu haben, da sie aus sehr billigem Stoff ist.<\/span><\/div>\n<p>&nbsp;<\/p>\n<p><span style=\"font-weight: 400; font-family: Montserrat;\">Wir wissen, dass im Jahr 1875 nicht nur schwarze Tuniken verwendet wurden, sondern auch blaue oder violette:<\/span><\/p>\n<p>&nbsp;<\/p>\n<blockquote>\n<div style=\"line-height: 1.6;\"><span style=\"font-family: Montserrat;\"><i><span style=\"font-weight: 400;\">&#8222;Einige fr\u00f6hliche und sich am\u00fcsierende junge Leute hatten sich, dem traditionellen Brauch folgend, als Nazarener mit schwarzen, blauen oder violetten Perkal-Kost\u00fcmen und Masken verkleidet und zogen trommelnd durch die schlecht gepflasterten Stra\u00dfen und Pl\u00e4tze.&#8220; Zeitung \u201c<\/span><\/i><\/span><\/div>\n<p>&nbsp;<\/p>\n<div style=\"line-height: 1.6;\"><span style=\"font-family: Montserrat; font-size: 14px; background-color: #d7ba93; font-weight: 600;\">El Constitucional de Alicante\u201d, 9.-13. November 1875.<\/span><\/div>\n<\/blockquote>\n<p>&nbsp;<\/p>\n<div style=\"line-height: 1.6;\"><span style=\"font-weight: 400; font-family: Montserrat;\">Mit der Zeit verallgemeinerte sich der Gebrauch der schwarzen Tunika und gleichfarbiger Kapuze, wobei die Kappe, die der fr\u00fcheren Kapuzenform die konische Form gab, im Laufe der Zeit verschwand.<\/span><\/div>\n<p>[\/vc_column_text]<\/div><\/div><\/div><\/div><div class=\"cz_gap clr \" style=\"height: 50px\"><\/div>[\/vc_column][vc_column offset=&#8220;vc_col-lg-4 vc_col-md-4 vc_col-xs-12&#8243;]<div class=\"cz_eqh cz_content_box_parent_fx  \"><div id=\"cz_84564\" class=\"cz_84564 cz_content_box clr\" data-tilt><div class=\"cz_box_front clr\"><div class=\"cz_box_front_inner clr \"><span><\/span><div><div class=\"cz_gap clr \" style=\"height: 50px\"><\/div><div id=\"cz_49095\" class=\"cz_49095 cz_title clr cz_mobile_text_center cz_title_pos_inline tac\"><div class=\"cz_title_content\"><div class=\"cz_wpe_content\"><h3 style=\"text-align: center; line-height: 1.3;\"><span style=\"font-size: 36px; color: #ffffff; font-family: Montserrat;\"><strong>KOMMEN SIE\u00a0<\/strong><\/span><\/h3>\n<h3 style=\"text-align: center; line-height: 1.3;\"><span style=\"font-size: 36px; color: #ffffff; font-family: Montserrat;\"><strong>SIE KENNEN<\/strong><\/span><\/h3>\n<\/div><\/div><\/div>[vc_column_text]<\/p>\n<p style=\"text-align: center; color: #ffffff; font-size: 14px; line-height: 18px;\"><span style=\"font-family: Montserrat;\">Mula, die Stadt der Trommel, ist ein Erlebnis, ein kultureller Genuss, der seine Besucher mit der Ruhe der Geschichte erwartet<\/span><\/p>\n<p>[\/vc_column_text]<div class=\"cz_gap clr \" style=\"height: 50px\"><\/div><\/div><\/div><\/div><\/div><\/div><div id=\"cz_92448\" class=\"cz_92448 cz_banner clr\">\n\t\t\t<figure class=\"effect-style5\">\n\t\t\t\t<img decoding=\"async\" width=\"606\" height=\"353\" src=\"data:image\/svg+xml,%3Csvg%20xmlns%3D&#39;http%3A%2F%2Fwww.w3.org%2F2000%2Fsvg&#39;%20width=&#39;606&#39;%20height=&#39;353&#39;%20viewBox%3D&#39;0%200%20606%20353&#39;%2F%3E\" data-czlz data-src=\"https:\/\/lanochedelostambores.com\/wp-content\/uploads\/2021\/07\/banner-contacto-turismo.jpg\" class=\"attachment-full\" alt=\"\" title=\"banner-contacto-turismo\" data-srcset=\"https:\/\/lanochedelostambores.com\/wp-content\/uploads\/2021\/07\/banner-contacto-turismo.jpg 606w, https:\/\/lanochedelostambores.com\/wp-content\/uploads\/2021\/07\/banner-contacto-turismo-300x175.jpg 300w, https:\/\/lanochedelostambores.com\/wp-content\/uploads\/2021\/07\/banner-contacto-turismo-600x350.jpg 600w\" data-sizes=\"(max-width: 606px) 100vw, 606px\" \/>\n\t\t\t\t<figcaption><div><h4>Tourismus Mula<\/h4><\/div><a href=\"https:\/\/turismodemula.es\/\" target=\"_blank\"> <\/a><\/figcaption>\t\t\t\n\t\t\t<\/figure>\n\t\t<\/div><div id=\"cz_107376\" class=\"cz_107376 cz_banner clr\">\n\t\t\t<figure class=\"effect-style5\">\n\t\t\t\t<img decoding=\"async\" width=\"606\" height=\"353\" src=\"data:image\/svg+xml,%3Csvg%20xmlns%3D&#39;http%3A%2F%2Fwww.w3.org%2F2000%2Fsvg&#39;%20width=&#39;606&#39;%20height=&#39;353&#39;%20viewBox%3D&#39;0%200%20606%20353&#39;%2F%3E\" data-czlz data-src=\"https:\/\/lanochedelostambores.com\/wp-content\/uploads\/2021\/07\/banner-contacto-gastronomia.jpg\" class=\"attachment-full\" alt=\"\" title=\"banner-contacto-gastronomia\" data-srcset=\"https:\/\/lanochedelostambores.com\/wp-content\/uploads\/2021\/07\/banner-contacto-gastronomia.jpg 606w, https:\/\/lanochedelostambores.com\/wp-content\/uploads\/2021\/07\/banner-contacto-gastronomia-300x175.jpg 300w, https:\/\/lanochedelostambores.com\/wp-content\/uploads\/2021\/07\/banner-contacto-gastronomia-600x350.jpg 600w\" data-sizes=\"(max-width: 606px) 100vw, 606px\" \/>\n\t\t\t\t<figcaption><div><h4>Wo sollen wir essen<\/h4><\/div><a href=\"https:\/\/turismodemula.es\/gastronomia\/bares-y-restaurantes\/\" target=\"_blank\"> <\/a><\/figcaption>\t\t\t\n\t\t\t<\/figure>\n\t\t<\/div><div id=\"cz_23082\" class=\"cz_23082 cz_title clr cz_title_pos_inline\"><div class=\"cz_title_content\"><div class=\"cz_wpe_content\"><div style=\"line-height: 1.3;\"><span style=\"font-weight: 400; font-family: Montserrat; font-size: 14px;\"><strong>Text:<\/strong> <\/span><\/div>\n<div style=\"line-height: 1.3;\"><span style=\"font-weight: 400; font-family: Parisienne; font-size: 24px;\">Jos\u00e9 Antonio Zapata y <\/span><\/div>\n<div style=\"line-height: 1.3;\"><span style=\"font-weight: 400; font-family: Parisienne; font-size: 24px;\">Juan Fern\u00e1ndez del Toro<\/span><\/div>\n<\/div><\/div><\/div>[\/vc_column][\/vc_row]<\/p>\n<\/div>","protected":false},"excerpt":{"rendered":"<p>[vc_row full_width=&#8220;stretch_row&#8220; css=&#8220;.vc_custom_1622660616750{background-image: url(http:\/\/lanochedelostambores.com\/wp-content\/uploads\/2021\/05\/Tambores-Mula-la-fiesta-1920_2.jpg?id=1013) !important;}&#8220;][vc_column][vc_row_inner content_placement=&#8220;middle&#8220;][vc_column_inner width=&#8220;1\/2&#8243;][\/vc_column_inner][vc_column_inner width=&#8220;1\/2&#8243;][\/vc_column_inner][\/vc_row_inner][\/vc_column][\/vc_row][vc_row full_width=&#8220;stretch_row&#8220; css=&#8220;.vc_custom_1627682387176{background-color: #dbcdbc &#8230; <\/p>\n","protected":false},"author":2,"featured_media":0,"parent":0,"menu_order":0,"comment_status":"closed","ping_status":"closed","template":"","meta":{"om_disable_all_campaigns":false,"_monsterinsights_skip_tracking":false,"_monsterinsights_sitenote_active":false,"_monsterinsights_sitenote_note":"","_monsterinsights_sitenote_category":0,"_uf_show_specific_survey":0,"_uf_disable_surveys":false,"footnotes":""},"class_list":["post-4069","page","type-page","status-publish","hentry"],"aioseo_notices":[],"_links":{"self":[{"href":"https:\/\/lanochedelostambores.com\/de\/wp-json\/wp\/v2\/pages\/4069","targetHints":{"allow":["GET"]}}],"collection":[{"href":"https:\/\/lanochedelostambores.com\/de\/wp-json\/wp\/v2\/pages"}],"about":[{"href":"https:\/\/lanochedelostambores.com\/de\/wp-json\/wp\/v2\/types\/page"}],"author":[{"embeddable":true,"href":"https:\/\/lanochedelostambores.com\/de\/wp-json\/wp\/v2\/users\/2"}],"replies":[{"embeddable":true,"href":"https:\/\/lanochedelostambores.com\/de\/wp-json\/wp\/v2\/comments?post=4069"}],"version-history":[{"count":8,"href":"https:\/\/lanochedelostambores.com\/de\/wp-json\/wp\/v2\/pages\/4069\/revisions"}],"predecessor-version":[{"id":4077,"href":"https:\/\/lanochedelostambores.com\/de\/wp-json\/wp\/v2\/pages\/4069\/revisions\/4077"}],"wp:attachment":[{"href":"https:\/\/lanochedelostambores.com\/de\/wp-json\/wp\/v2\/media?parent=4069"}],"curies":[{"name":"wp","href":"https:\/\/api.w.org\/{rel}","templated":true}]}}