{"id":4159,"date":"2021-10-12T19:17:08","date_gmt":"2021-10-12T19:17:08","guid":{"rendered":"https:\/handwerkskunst\/"},"modified":"2021-10-12T19:18:21","modified_gmt":"2021-10-12T19:18:21","slug":"handwerkskunst","status":"publish","type":"page","link":"https:\/\/lanochedelostambores.com\/de\/handwerkskunst\/","title":{"rendered":"HANDWERKSKUNST"},"content":{"rendered":"<div class=\"wpb-content-wrapper\"><p>[vc_row full_width=&#8220;stretch_row_content&#8220; content_placement=&#8220;middle&#8220; css=&#8220;.vc_custom_1629915055492{background-image: url(http:\/\/lanochedelostambores.com\/wp-content\/uploads\/2021\/08\/cabecera-artesania-1.jpg?id=1555) !important;background-position: center !important;background-repeat: no-repeat !important;background-size: cover !important;}&#8220;][vc_column offset=&#8220;vc_col-xs-12&#8243;]<div class=\"cz_gap clr \" style=\"height: 200px\"><\/div><div class=\"cz_gap clr \" style=\"height: 100px\"><\/div><div class=\"cz_gap clr \" style=\"height: 80px\"><\/div>[\/vc_column][\/vc_row][vc_row full_width=&#8220;stretch_row&#8220; css=&#8220;.vc_custom_1627668591196{background-color: #dfdbd7 !important;}&#8220;][vc_column]<div class=\"cz_gap clr \" style=\"height: 80px\"><\/div><div id=\"cz_100810\" class=\"cz_100810 cz_title clr cz_title_pos_inline tac\"><div class=\"cz_title_shape shape_circle cz_title_shape_outline cz_shape_1\"><\/div><div class=\"cz_title_content\"><div class=\"cz_wpe_content\"><div style=\"text-align: center; line-height: 1;\"><span style=\"font-family: Montserrat; font-size: 36px; font-weight: 300;\">HANDWERKSKUNST<\/span><\/div>\n<div style=\"text-align: center; line-height: 1;\"><span style=\"font-family: Montserrat; font-weight: 900;\">DER TROMMEL<\/span><\/div>\n<\/div><\/div><\/div><div class=\"cz_gap clr \" style=\"height: 80px\"><\/div><div id=\"cz_19863\" class=\"cz_19863 cz_title clr cz_title_pos_inline tac\"><div class=\"cz_title_content\"><div class=\"cz_wpe_content\"><div style=\"line-height: 1.6; text-align: center;\"><span style=\"font-weight: 400; font-family: Montserrat;\"><strong>D<\/strong>ie Mule\u00f1o-Trommel hat sich, wie die Tradition selbst, im Laufe der Zeit stets weiterentwickelt. Wir wissen nichts \u00fcber die ersten Instrumente, von denen die \u201eTamborada\u201c-Trommel sp\u00e4ter entstand, obwohl angenommen wird, dass es sich urspr\u00fcnglich um Kisten im Milit\u00e4rstil handelte und diese h\u00f6chstwahrscheinlich Eigentum einer Bruderschaft waren. Man erinnert sich, dass es die Jungen waren, die auf dem Weg zur Prozession Scherze machten und dabei die Trommel schlugen.<\/span><\/div>\n<\/div><\/div><\/div><div class=\"cz_gap clr \" style=\"height: 100px\"><\/div>[\/vc_column][\/vc_row][vc_row equal_height=&#8220;yes&#8220; content_placement=&#8220;middle&#8220; css=&#8220;.vc_custom_1629913790217{margin-top: 75px !important;}&#8220;][vc_column width=&#8220;1\/3&#8243;]<div id=\"cz_104128\" class=\"cz_104128 cz_title clr cz_title_pos_inline tac\"><div class=\"cz_title_content\"><div class=\"cz_wpe_content\"><div style=\"text-align: center; line-height: 1.4;\">\n<p style=\"text-align: left;\"><span style=\"font-weight: 400; font-family: Montserrat; font-size: 16px;\">Weil gerade die bescheidensten Bewohner Mulas (\u201emule\u00f1os\u201c) an diesem Brauch teilnahmen, f\u00fchrte deren Anliegen sehr bald zur eigenen Herstellung der Trommeln zu Hause. In den meisten F\u00e4llen gen\u00fcgten Fischdosen, um die Boxen zu bauen, ein Seil zum Festziehen und das Bestellen einiger Holzreifen bei einem Schreiner, dazu Felle und Darmschlingen, die in einer l\u00e4ndlich gepr\u00e4gten Stadt wie Mula, wo es viele Ziegen und Schafe gab, nicht schwer zu bekommen waren. Der Mule\u00f1o hatte somit alle n\u00f6tigen Teile, um seine eigene Trommel zu bauen. <\/span><\/p>\n<p>&nbsp;<\/p>\n<p style=\"text-align: left;\">\n<\/div>\n<\/div><\/div><\/div>[\/vc_column][vc_column width=&#8220;2\/3&#8243;]<div id=\"cz_61954\" class=\"cz_61954 cz_image clr cz_image_no_fx center_on_mobile\"><div class=\"\" ><div class=\"cz_image_in\"><div class=\"cz_main_image\"><img decoding=\"async\" width=\"1800\" height=\"1200\" src=\"data:image\/svg+xml,%3Csvg%20xmlns%3D&#39;http%3A%2F%2Fwww.w3.org%2F2000%2Fsvg&#39;%20width=&#39;1800&#39;%20height=&#39;1200&#39;%20viewBox%3D&#39;0%200%201800%201200&#39;%2F%3E\" data-czlz data-src=\"https:\/\/lanochedelostambores.com\/wp-content\/uploads\/2021\/08\/TAMBORES-2014.-WEB.-LA-CHOLEPA-65.jpg\" class=\"attachment-full\" alt=\"\" title=\"TAMBORES 2014. WEB. LA CHOLEPA-65\" data-srcset=\"https:\/\/lanochedelostambores.com\/wp-content\/uploads\/2021\/08\/TAMBORES-2014.-WEB.-LA-CHOLEPA-65.jpg 1800w, https:\/\/lanochedelostambores.com\/wp-content\/uploads\/2021\/08\/TAMBORES-2014.-WEB.-LA-CHOLEPA-65-300x200.jpg 300w, https:\/\/lanochedelostambores.com\/wp-content\/uploads\/2021\/08\/TAMBORES-2014.-WEB.-LA-CHOLEPA-65-1024x683.jpg 1024w, https:\/\/lanochedelostambores.com\/wp-content\/uploads\/2021\/08\/TAMBORES-2014.-WEB.-LA-CHOLEPA-65-768x512.jpg 768w, https:\/\/lanochedelostambores.com\/wp-content\/uploads\/2021\/08\/TAMBORES-2014.-WEB.-LA-CHOLEPA-65-1536x1024.jpg 1536w, https:\/\/lanochedelostambores.com\/wp-content\/uploads\/2021\/08\/TAMBORES-2014.-WEB.-LA-CHOLEPA-65-600x400.jpg 600w\" data-sizes=\"(max-width: 1800px) 100vw, 1800px\" \/><\/div><\/div><\/div><\/div><div id=\"cz_36639\" class=\"cz_36639 cz_hotspot\"><div class=\"cz_hotspot_waves\" style=\"animation-duration: 1.4s\"><div class=\"cz_hotspot_circle\"><i class=\"fa fa-plus\"><\/i><\/div><\/div><div class=\"cz_hotspot_content cz_wpe_content cz_hotspot_top\"><div style=\"line-height: 1.2;\"><span style=\"font-size: 15px;\"><strong><span style=\"font-family: Montserrat;\">BORDONES (Saiten):<\/span><\/strong><\/span><\/div>\n<div style=\"line-height: 1.2;\"><span style=\"font-family: Montserrat; font-size: 15px;\">Urspr\u00fcnglich waren es D\u00e4rme, aber heutzutage werden auch Gitarrensaiten verwendet. Diese Saiten ber\u00fchren und verlaufen am hinteren Trommelfell.<\/span><\/div>\n<\/div><\/div><div id=\"cz_101325\" class=\"cz_101325 cz_hotspot\"><div class=\"cz_hotspot_waves\" style=\"animation-duration: 1s\"><div class=\"cz_hotspot_circle\"><i class=\"fa fa-plus\"><\/i><\/div><\/div><div class=\"cz_hotspot_content cz_wpe_content cz_hotspot_top\"><div style=\"line-height: 1.2;\"><strong><span style=\"font-family: Montserrat; font-size: 15px;\">PUENTE (B\u00fcgel):<\/span><\/strong><\/div>\n<div style=\"line-height: 1.2;\"><span style=\"font-family: Montserrat; font-size: 15px;\">Element, das mit dem Geh\u00e4use verschraubt ist und den Trommelkamm tr\u00e4gt.<\/span><\/div>\n<\/div><\/div><div id=\"cz_106690\" class=\"cz_106690 cz_hotspot\"><div class=\"cz_hotspot_waves\" style=\"animation-duration: 1s\"><div class=\"cz_hotspot_circle\"><i class=\"fa fa-plus\"><\/i><\/div><\/div><div class=\"cz_hotspot_content cz_wpe_content cz_hotspot_top\"><div style=\"line-height: 1.2;\"><strong><span style=\"font-family: Montserrat; font-size: 15px;\">PEINETA (Verbindungsplatte bzw. Stellmutter):<\/span><\/strong><\/div>\n<div style=\"line-height: 1.2;\"><span style=\"font-weight: 400; font-family: Montserrat; font-size: 15px;\">St\u00fcck, das zum Festziehen der Saiten verwendet wird. Manche Trommler tragen personalisierte Objekte mit typischen Bildern von Mula oder mit einem pers\u00f6nlichen Aufdruck.<\/span><\/div>\n<\/div><\/div><div id=\"cz_87211\" class=\"cz_87211 cz_hotspot\"><div class=\"cz_hotspot_waves\" style=\"animation-duration: 1s\"><div class=\"cz_hotspot_circle\"><i class=\"fa fa-plus\"><\/i><\/div><\/div><div class=\"cz_hotspot_content cz_wpe_content cz_hotspot_top\"><div style=\"line-height: 1.2;\"><strong><span style=\"font-family: Montserrat; font-size: 15px;\">AROS (Reifen):<\/span><\/strong><\/div>\n<div style=\"line-height: 1.2;\"><span style=\"font-weight: 400; font-family: Montserrat; font-size: 15px;\">Die aus Holz gefertigten Reifen fixieren die Felle auf dem Trommelgeh\u00e4use. Wenn die Trommel mit einem Seil gespannt wird, haben die B\u00fcgel L\u00f6cher, durch die das Seil gef\u00fchrt wird. Wenn das Geh\u00e4use aus Schrauben besteht, sind keine L\u00f6cher vorhanden. Wenn die Trommel mit einem Seil gespannt wird, haben die B\u00fcgel L\u00f6cher, durch die das Seil gef\u00fchrt wird. Wenn das Geh\u00e4use aus Schrauben besteht, sind keine L\u00f6cher vorhanden. Wenn das Geh\u00e4use aus Schrauben besteht, sind keine L\u00f6cher vorhanden.<\/span><\/div>\n<\/div><\/div><div id=\"cz_13879\" class=\"cz_13879 cz_hotspot\"><div class=\"cz_hotspot_waves\" style=\"animation-duration: 1s\"><div class=\"cz_hotspot_circle\"><i class=\"fa fa-plus\"><\/i><\/div><\/div><div class=\"cz_hotspot_content cz_wpe_content cz_hotspot_top\"><div style=\"line-height: 1.2;\"><strong><span style=\"font-family: Montserrat; font-size: 15px;\">PIEL (Felle):<\/span><\/strong><\/div>\n<div style=\"line-height: 1.2;\"><span style=\"font-weight: 400; font-family: Montserrat; font-size: 15px;\">das Material des vorderen Fells, die so genannte \u201ePalillera\u201c,<\/span><\/div>\n<div style=\"line-height: 1;\"><span style=\"font-weight: 400; font-family: Montserrat; font-size: 13px;\">ist aus Ziegenfell und das hintere Fell, die Schlinge, aus Schafsfell. Beide Felle sind in Holzringe eingebettet, welche so die gew\u00fcnschte Form ergeben.<\/span><\/div>\n<\/div><\/div><div id=\"cz_13879\" class=\"cz_13879 cz_hotspot\"><div class=\"cz_hotspot_waves\" style=\"animation-duration: 1s\"><div class=\"cz_hotspot_circle\"><i class=\"fa fa-plus\"><\/i><\/div><\/div><div class=\"cz_hotspot_content cz_wpe_content cz_hotspot_top\"><div style=\"line-height: 1.2;\"><strong><span style=\"font-family: Montserrat; font-size: 15px;\">PIEL (Felle):<\/span><\/strong><\/div>\n<div style=\"line-height: 1.2;\"><span style=\"font-weight: 400; font-family: Montserrat; font-size: 15px;\">das Material des vorderen Fells, die so genannte \u201ePalillera\u201c,<\/span><\/div>\n<div style=\"line-height: 1;\"><span style=\"font-weight: 400; font-family: Montserrat; font-size: 13px;\">ist aus Ziegenfell und das hintere Fell, die Schlinge, aus Schafsfell. Beide Felle sind in Holzringe eingebettet, welche so die gew\u00fcnschte Form ergeben.<\/span><\/div>\n<\/div><\/div><div id=\"cz_14590\" class=\"cz_14590 cz_hotspot\"><div class=\"cz_hotspot_waves\" style=\"animation-duration: 1s\"><div class=\"cz_hotspot_circle\"><i class=\"fa fa-plus\"><\/i><\/div><\/div><div class=\"cz_hotspot_content cz_wpe_content cz_hotspot_top\"><div style=\"line-height: 1.2;\"><strong><span style=\"font-family: Montserrat; font-size: 15px;\">PIEL (Felle):<\/span><\/strong><\/div>\n<div style=\"line-height: 1.2;\"><span style=\"font-weight: 400; font-family: Montserrat; font-size: 15px;\">Hinten, bekannt als Bordonera, aus Schafen.<\/span><\/div>\n<div style=\"line-height: 1;\"><span style=\"font-weight: 400; font-family: Montserrat; font-size: 13px;\">ist aus Ziegenfell und das hintere Fell, die Schlinge, aus Schafsfell. Beide Felle sind in Holzringe eingebettet, welche so die gew\u00fcnschte Form ergeben.<\/span><\/div>\n<\/div><\/div>[\/vc_column][\/vc_row][vc_row equal_height=&#8220;yes&#8220; content_placement=&#8220;middle&#8220; css=&#8220;.vc_custom_1628103197217{margin-top: 30px !important;}&#8220;][vc_column width=&#8220;2\/3&#8243;]<div id=\"cz_25083\" class=\"cz_25083 cz_image clr cz_image_no_fx center_on_mobile\"><div class=\"\" ><div class=\"cz_image_in\"><div class=\"cz_main_image\"><img decoding=\"async\" width=\"1200\" height=\"800\" src=\"data:image\/svg+xml,%3Csvg%20xmlns%3D&#39;http%3A%2F%2Fwww.w3.org%2F2000%2Fsvg&#39;%20width=&#39;1200&#39;%20height=&#39;800&#39;%20viewBox%3D&#39;0%200%201200%20800&#39;%2F%3E\" data-czlz data-src=\"https:\/\/lanochedelostambores.com\/wp-content\/uploads\/2021\/08\/Tambores-Mula-96.jpg\" class=\"attachment-full\" alt=\"\" title=\"Drums-Mula-96\" data-srcset=\"https:\/\/lanochedelostambores.com\/wp-content\/uploads\/2021\/08\/Tambores-Mula-96.jpg 1200w, https:\/\/lanochedelostambores.com\/wp-content\/uploads\/2021\/08\/Tambores-Mula-96-300x200.jpg 300w, https:\/\/lanochedelostambores.com\/wp-content\/uploads\/2021\/08\/Tambores-Mula-96-1024x683.jpg 1024w, https:\/\/lanochedelostambores.com\/wp-content\/uploads\/2021\/08\/Tambores-Mula-96-768x512.jpg 768w, https:\/\/lanochedelostambores.com\/wp-content\/uploads\/2021\/08\/Tambores-Mula-96-600x400.jpg 600w\" data-sizes=\"(max-width: 1200px) 100vw, 1200px\" \/><\/div><\/div><\/div><\/div><div id=\"cz_28696\" class=\"cz_28696 cz_hotspot\"><div class=\"cz_hotspot_waves\" style=\"animation-duration: 1s\"><div class=\"cz_hotspot_circle\"><i class=\"fa fa-plus\"><\/i><\/div><\/div><div class=\"cz_hotspot_content cz_wpe_content cz_hotspot_top\"><div style=\"line-height: 1.2;\"><span style=\"font-size: 15px;\"><strong><span style=\"font-family: Montserrat;\">CAJA (Box): <\/span><\/strong><\/span><\/div>\n<div style=\"line-height: 1.2;\"><span style=\"font-weight: 400; font-family: Montserrat; font-size: 15px;\">Metallelement aus Blech oder Stahl, das der Trommel einen K\u00f6rper verleiht. Der Innenraum wird dabei hohl gelassen.<\/span><\/div>\n<\/div><\/div><div id=\"cz_54367\" class=\"cz_54367 cz_hotspot\"><div class=\"cz_hotspot_waves\" style=\"animation-duration: 1s\"><div class=\"cz_hotspot_circle\"><i class=\"fa fa-plus\"><\/i><\/div><\/div><div class=\"cz_hotspot_content cz_wpe_content cz_hotspot_top\"><div style=\"line-height: 1.2;\"><strong><span style=\"font-family: Montserrat; font-size: 15px;\">AROS (Reifen):<\/span><\/strong><\/div>\n<div style=\"line-height: 1.2;\"><span style=\"font-weight: 400; font-family: Montserrat; font-size: 15px;\">Die aus Holz gefertigten Reifen fixieren die Felle auf dem Trommelgeh\u00e4use. Wenn die Trommel mit einem Seil gespannt wird, haben die B\u00fcgel L\u00f6cher, durch die das Seil gef\u00fchrt wird. Wenn das Geh\u00e4use aus Schrauben besteht, sind keine L\u00f6cher vorhanden. Wenn die Trommel mit einem Seil gespannt wird, haben die B\u00fcgel L\u00f6cher, durch die das Seil gef\u00fchrt wird. Wenn das Geh\u00e4use aus Schrauben besteht, sind keine L\u00f6cher vorhanden. Wenn das Geh\u00e4use aus Schrauben besteht, sind keine L\u00f6cher vorhanden.<\/span><\/div>\n<\/div><\/div><div id=\"cz_55489\" class=\"cz_55489 cz_hotspot\"><div class=\"\" style=\"animation-duration: 1s\"><div class=\"cz_hotspot_circle\"><i class=\"fa fa-plus\"><\/i><\/div><\/div><div class=\"cz_hotspot_content cz_wpe_content cz_hotspot_top\"><div style=\"line-height: 1.2;\"><strong><span style=\"font-family: Montserrat; font-size: 15px;\">CUERDA (Seil): <\/span><\/strong><\/div>\n<div style=\"line-height: 1.2;\"><span style=\"font-weight: 400; font-family: Montserrat; font-size: 15px;\">Schnur, die zum Spannen der Reifen verwendet wird. Die Reifen wiederum dienen zum Spannen der Felle.<\/span><\/div>\n<\/div><\/div><div id=\"cz_100137\" class=\"cz_100137 cz_hotspot\"><div class=\"cz_hotspot_waves\" style=\"animation-duration: 1s\"><div class=\"cz_hotspot_circle\"><i class=\"fa fa-plus\"><\/i><\/div><\/div><div class=\"cz_hotspot_content cz_wpe_content cz_hotspot_top\"><div style=\"line-height: 1.2;\"><strong><span style=\"font-family: Montserrat; font-size: 15px;\">TORNILLOS (Spannstange oder Spannbolzen):<\/span><\/strong><\/div>\n<div style=\"line-height: 1.2;\"><span style=\"font-weight: 400; font-family: Montserrat; font-size: 15px;\">Eine weitere Variante zum Festziehen der Trommel. Sie haben die gleiche Funktion wie die Seile.<\/span><\/div>\n<\/div><\/div>[\/vc_column][vc_column width=&#8220;1\/3&#8243;]<div id=\"cz_38454\" class=\"cz_38454 cz_title clr cz_title_pos_inline tac\"><div class=\"cz_title_content\"><div class=\"cz_wpe_content\"><div style=\"text-align: center; line-height: 1.4;\">\n<p style=\"text-align: left;\"><span style=\"font-weight: 400; font-family: Montserrat; font-size: 16px;\">Es ist offensichtlich, dass die Qualit\u00e4t dieser ersten Trommeln nicht sehr gut war, aber man suchte auch nicht nach einem perfekten Klang, das kam erst im Laufe der Zeit hinzu. <\/span><\/p>\n<\/div>\n<\/div><\/div><\/div><div class=\"relative\"><div id=\"cz_76189\" class=\"cz_76189 cz_line tac\"><\/div><\/div><div class=\"clr\"><\/div><div id=\"cz_63349\" class=\"cz_63349 cz_title clr cz_title_pos_inline tac\"><div class=\"cz_title_content\"><div class=\"cz_wpe_content\"><div style=\"text-align: center; line-height: 1.4;\">\n<p style=\"text-align: left;\"><span style=\"font-weight: 400; font-family: Montserrat; font-size: 18px;\"><strong> W\u00e4hrend sich diese Trommel-Tradition festigte, wurde der Neid zwischen den Trommlern immer gr\u00f6\u00dfer und das Bestreben einzelne Teile zu verbessern f\u00fchrte gleichzeitig auch zur Verbesserung der Trommel an sich. Ergebnis dieser stetigen Verbesserungen und Weiterentwicklungen sind die gro\u00dfartigen und pr\u00e4chtigen Instrumenten, die heutzutage hergestellt werden.<\/strong><\/span><\/p>\n<\/div>\n<\/div><\/div><\/div>[\/vc_column][\/vc_row][vc_row full_width=&#8220;stretch_row_content_no_spaces&#8220; css=&#8220;.vc_custom_1628104465611{margin-top: 75px !important;margin-bottom: 0px !important;padding-top: 50px !important;padding-bottom: 50px !important;background-color: #dfd5cc !important;}&#8220;][vc_column]<div id=\"cz_14176\" class=\"cz_grid_p cz_14176\"><div class=\"cz_grid cz_grid_1 clr cz_grid_c4 cz_grid_1_no_title cz_grid_1_mid tac\"><div class=\"cz_grid_item cz_grid_first\"><\/div><div class=\"cz_grid_item \"><div><a class=\"cz_grid_link \" href=\"https:\/\/lanochedelostambores.com\/wp-content\/uploads\/2021\/08\/Tambores-Mula-66.jpg\" data-xtra-lightbox><img decoding=\"async\" width=\"300\" height=\"200\" src=\"data:image\/svg+xml,%3Csvg%20xmlns%3D&#39;http%3A%2F%2Fwww.w3.org%2F2000%2Fsvg&#39;%20width=&#39;300&#39;%20height=&#39;200&#39;%20viewBox%3D&#39;0%200%20300%20200&#39;%2F%3E\" data-czlz data-src=\"https:\/\/lanochedelostambores.com\/wp-content\/uploads\/2021\/08\/Tambores-Mula-66-300x200.jpg\" class=\"attachment-medium\" alt=\"\" title=\"Tambores-Mula-66\" data-srcset=\"https:\/\/lanochedelostambores.com\/wp-content\/uploads\/2021\/08\/Tambores-Mula-66-300x200.jpg 300w, https:\/\/lanochedelostambores.com\/wp-content\/uploads\/2021\/08\/Tambores-Mula-66-1024x683.jpg 1024w, https:\/\/lanochedelostambores.com\/wp-content\/uploads\/2021\/08\/Tambores-Mula-66-768x512.jpg 768w, https:\/\/lanochedelostambores.com\/wp-content\/uploads\/2021\/08\/Tambores-Mula-66-600x400.jpg 600w, https:\/\/lanochedelostambores.com\/wp-content\/uploads\/2021\/08\/Tambores-Mula-66.jpg 1200w\" data-sizes=\"(max-width: 300px) 100vw, 300px\" \/><div class=\"cz_grid_details\"><i class=\"fa fa-search cz_grid_icon\"><\/i><\/div><\/a><\/div><\/div><div class=\"cz_grid_item \"><div><a class=\"cz_grid_link \" href=\"https:\/\/lanochedelostambores.com\/wp-content\/uploads\/2021\/08\/Tambores-Mula-56.jpg\" data-xtra-lightbox><img decoding=\"async\" width=\"300\" height=\"200\" src=\"data:image\/svg+xml,%3Csvg%20xmlns%3D&#39;http%3A%2F%2Fwww.w3.org%2F2000%2Fsvg&#39;%20width=&#39;300&#39;%20height=&#39;200&#39;%20viewBox%3D&#39;0%200%20300%20200&#39;%2F%3E\" data-czlz data-src=\"https:\/\/lanochedelostambores.com\/wp-content\/uploads\/2021\/08\/Tambores-Mula-56-300x200.jpg\" class=\"attachment-medium\" alt=\"\" title=\"Tambores-Mula-56\" data-srcset=\"https:\/\/lanochedelostambores.com\/wp-content\/uploads\/2021\/08\/Tambores-Mula-56-300x200.jpg 300w, https:\/\/lanochedelostambores.com\/wp-content\/uploads\/2021\/08\/Tambores-Mula-56-1024x683.jpg 1024w, https:\/\/lanochedelostambores.com\/wp-content\/uploads\/2021\/08\/Tambores-Mula-56-768x512.jpg 768w, https:\/\/lanochedelostambores.com\/wp-content\/uploads\/2021\/08\/Tambores-Mula-56-600x400.jpg 600w, https:\/\/lanochedelostambores.com\/wp-content\/uploads\/2021\/08\/Tambores-Mula-56.jpg 1200w\" data-sizes=\"(max-width: 300px) 100vw, 300px\" \/><div class=\"cz_grid_details\"><i class=\"fa fa-search cz_grid_icon\"><\/i><\/div><\/a><\/div><\/div><div class=\"cz_grid_item \"><div><a class=\"cz_grid_link \" href=\"https:\/\/lanochedelostambores.com\/wp-content\/uploads\/2021\/08\/Tambores-Mula-39.jpg\" data-xtra-lightbox><img decoding=\"async\" width=\"300\" height=\"200\" src=\"data:image\/svg+xml,%3Csvg%20xmlns%3D&#39;http%3A%2F%2Fwww.w3.org%2F2000%2Fsvg&#39;%20width=&#39;300&#39;%20height=&#39;200&#39;%20viewBox%3D&#39;0%200%20300%20200&#39;%2F%3E\" data-czlz data-src=\"https:\/\/lanochedelostambores.com\/wp-content\/uploads\/2021\/08\/Tambores-Mula-39-300x200.jpg\" class=\"attachment-medium\" alt=\"\" title=\"Tambores-Mula-39\" data-srcset=\"https:\/\/lanochedelostambores.com\/wp-content\/uploads\/2021\/08\/Tambores-Mula-39-300x200.jpg 300w, https:\/\/lanochedelostambores.com\/wp-content\/uploads\/2021\/08\/Tambores-Mula-39-1024x683.jpg 1024w, https:\/\/lanochedelostambores.com\/wp-content\/uploads\/2021\/08\/Tambores-Mula-39-768x512.jpg 768w, https:\/\/lanochedelostambores.com\/wp-content\/uploads\/2021\/08\/Tambores-Mula-39-600x400.jpg 600w, https:\/\/lanochedelostambores.com\/wp-content\/uploads\/2021\/08\/Tambores-Mula-39.jpg 1200w\" data-sizes=\"(max-width: 300px) 100vw, 300px\" \/><div class=\"cz_grid_details\"><i class=\"fa fa-search cz_grid_icon\"><\/i><\/div><\/a><\/div><\/div><div class=\"cz_grid_item \"><div><a class=\"cz_grid_link \" href=\"https:\/\/lanochedelostambores.com\/wp-content\/uploads\/2021\/08\/Tambores-Mula-30.jpg\" data-xtra-lightbox><img decoding=\"async\" width=\"300\" height=\"200\" src=\"data:image\/svg+xml,%3Csvg%20xmlns%3D&#39;http%3A%2F%2Fwww.w3.org%2F2000%2Fsvg&#39;%20width=&#39;300&#39;%20height=&#39;200&#39;%20viewBox%3D&#39;0%200%20300%20200&#39;%2F%3E\" data-czlz data-src=\"https:\/\/lanochedelostambores.com\/wp-content\/uploads\/2021\/08\/Tambores-Mula-30-300x200.jpg\" class=\"attachment-medium\" alt=\"\" title=\"Tambores-Mula-30\" data-srcset=\"https:\/\/lanochedelostambores.com\/wp-content\/uploads\/2021\/08\/Tambores-Mula-30-300x200.jpg 300w, https:\/\/lanochedelostambores.com\/wp-content\/uploads\/2021\/08\/Tambores-Mula-30-1024x683.jpg 1024w, https:\/\/lanochedelostambores.com\/wp-content\/uploads\/2021\/08\/Tambores-Mula-30-768x512.jpg 768w, https:\/\/lanochedelostambores.com\/wp-content\/uploads\/2021\/08\/Tambores-Mula-30-600x400.jpg 600w, https:\/\/lanochedelostambores.com\/wp-content\/uploads\/2021\/08\/Tambores-Mula-30.jpg 1200w\" data-sizes=\"(max-width: 300px) 100vw, 300px\" \/><div class=\"cz_grid_details\"><i class=\"fa fa-search cz_grid_icon\"><\/i><\/div><\/a><\/div><\/div><\/div><\/div>[\/vc_column][\/vc_row]<\/p>\n<\/div>","protected":false},"excerpt":{"rendered":"<p>[vc_row full_width=&#8220;stretch_row_content&#8220; content_placement=&#8220;middle&#8220; css=&#8220;.vc_custom_1629915055492{background-image: url(http:\/\/lanochedelostambores.com\/wp-content\/uploads\/2021\/08\/cabecera-artesania-1.jpg?id=1555) !important;background-position: center !important;background-repeat: no-repeat !important;background-size: cover &#8230; <\/p>\n","protected":false},"author":2,"featured_media":0,"parent":0,"menu_order":0,"comment_status":"closed","ping_status":"closed","template":"","meta":{"om_disable_all_campaigns":false,"_monsterinsights_skip_tracking":false,"_monsterinsights_sitenote_active":false,"_monsterinsights_sitenote_note":"","_monsterinsights_sitenote_category":0,"_uf_show_specific_survey":0,"_uf_disable_surveys":false,"footnotes":""},"class_list":["post-4159","page","type-page","status-publish","hentry"],"aioseo_notices":[],"_links":{"self":[{"href":"https:\/\/lanochedelostambores.com\/de\/wp-json\/wp\/v2\/pages\/4159","targetHints":{"allow":["GET"]}}],"collection":[{"href":"https:\/\/lanochedelostambores.com\/de\/wp-json\/wp\/v2\/pages"}],"about":[{"href":"https:\/\/lanochedelostambores.com\/de\/wp-json\/wp\/v2\/types\/page"}],"author":[{"embeddable":true,"href":"https:\/\/lanochedelostambores.com\/de\/wp-json\/wp\/v2\/users\/2"}],"replies":[{"embeddable":true,"href":"https:\/\/lanochedelostambores.com\/de\/wp-json\/wp\/v2\/comments?post=4159"}],"version-history":[{"count":2,"href":"https:\/\/lanochedelostambores.com\/de\/wp-json\/wp\/v2\/pages\/4159\/revisions"}],"predecessor-version":[{"id":4172,"href":"https:\/\/lanochedelostambores.com\/de\/wp-json\/wp\/v2\/pages\/4159\/revisions\/4172"}],"wp:attachment":[{"href":"https:\/\/lanochedelostambores.com\/de\/wp-json\/wp\/v2\/media?parent=4159"}],"curies":[{"name":"wp","href":"https:\/\/api.w.org\/{rel}","templated":true}]}}