{"id":4547,"date":"2021-10-12T19:56:34","date_gmt":"2021-10-12T19:56:34","guid":{"rendered":"https:\/videogalerie\/"},"modified":"2022-02-01T17:27:26","modified_gmt":"2022-02-01T17:27:26","slug":"videogalerie","status":"publish","type":"page","link":"https:\/\/lanochedelostambores.com\/de\/videogalerie\/","title":{"rendered":"VIDEOGALERIE"},"content":{"rendered":"<div class=\"wpb-content-wrapper\"><p>[vc_row full_width=&#8220;stretch_row_content&#8220;][vc_column width=&#8220;1\/3&#8243; css=&#8220;.vc_custom_1633715521399{background-image: url(http:\/\/lanochedelostambores.com\/wp-content\/uploads\/2021\/08\/TAMBORES-2014.-WEB.-LA-CHOLEPA-5.jpg?id=1373) !important;background-position: 0 0 !important;background-repeat: no-repeat !important;}&#8220;]<div class=\"cz_gap clr  hide_on_tablet hide_on_mobile\" style=\"height: 300px\"><\/div><div class=\"cz_gap show_on_tablet clr  show_only_tablet\" style=\"height: 200px\"><\/div><div class=\"cz_gap show_on_mobile clr\" style=\"height: 200px\"><\/div>[\/vc_column][vc_column width=&#8220;1\/3&#8243; css=&#8220;.vc_custom_1633715713670{background-image: url(http:\/\/lanochedelostambores.com\/wp-content\/uploads\/2021\/07\/Mula_cityscape.jpg?id=1127) !important;background-position: center !important;background-repeat: no-repeat !important;background-size: cover;background-position: bottom !important;}&#8220;]<div class=\"cz_gap clr  hide_on_tablet hide_on_mobile\" style=\"height: 300px\"><\/div><div class=\"cz_gap show_on_tablet clr  show_only_tablet\" style=\"height: 200px\"><\/div><div class=\"cz_gap show_on_mobile clr\" style=\"height: 200px\"><\/div>[\/vc_column][vc_column width=&#8220;1\/3&#8243; css=&#8220;.vc_custom_1633715818346{background-image: url(http:\/\/lanochedelostambores.com\/wp-content\/uploads\/2021\/08\/Tambores-Mula-104.jpg?id=1506) !important;background-position: center !important;background-repeat: no-repeat !important;background-size: cover;background-position: bottom !important;}&#8220;]<div class=\"cz_gap clr  hide_on_tablet hide_on_mobile\" style=\"height: 300px\"><\/div><div class=\"cz_gap show_on_tablet clr  show_only_tablet\" style=\"height: 200px\"><\/div><div class=\"cz_gap show_on_mobile clr\" style=\"height: 200px\"><\/div>[\/vc_column][\/vc_row][vc_row full_width=&#8220;stretch_row&#8220; css=&#8220;.vc_custom_1633715944318{padding-top: 50px !important;padding-bottom: 50px !important;background-color: #e0d6cc !important;}&#8220;][vc_column]<div id=\"cz_107354\" class=\"cz_107354 cz_title clr cz_title_pos_inline tac\"><div class=\"cz_title_shape shape_circle cz_title_shape_outline cz_shape_1\"><\/div><div class=\"cz_title_content\"><div class=\"cz_wpe_content\"><div style=\"text-align: center; line-height: 1;\"><span style=\"font-family: Montserrat; font-size: 36px; font-weight: 300;\">GALERIE<\/span><\/div>\n<div style=\"text-align: center; line-height: 1;\"><span style=\"font-family: Montserrat; font-weight: 900;\">VIDEOS<\/span><\/div>\n<\/div><\/div><\/div>[\/vc_column][\/vc_row][vc_row][vc_column][vc_video link=&#8220;https:\/\/youtu.be\/b1CRvrs-HWE&#8220; align=&#8220;center&#8220;][\/vc_column][\/vc_row][vc_row][vc_column width=&#8220;1\/2&#8243;][vc_video link=&#8220;https:\/\/www.youtube.com\/watch?v=QbcUPvrry-w&#8220;][\/vc_column][vc_column width=&#8220;1\/2&#8243;][vc_video link=&#8220;https:\/\/www.youtube.com\/watch?v=oBwpNtxGdSg&#8220;][\/vc_column][\/vc_row][vc_row full_width=&#8220;stretch_row&#8220; equal_height=&#8220;yes&#8220; content_placement=&#8220;middle&#8220; css=&#8220;.vc_custom_1633716740332{padding-top: 60px !important;padding-bottom: 60px !important;background-color: #000000 !important;}&#8220;][vc_column width=&#8220;1\/2&#8243;]<div id=\"cz_46414\" class=\"cz_46414 cz_title clr cz_title_pos_right\"><div class=\"cz_title_content\"><div class=\"cz_wpe_content\"><h3><span style=\"font-family: Montserrat; font-size: 100px; color: #d7ba93;\">MULA<\/span><\/h3>\n<\/div><\/div><\/div>[\/vc_column][vc_column width=&#8220;1\/2&#8243;]<div id=\"cz_81975\" class=\"cz_81975 cz_title clr cz_title_pos_inline\"><div class=\"cz_title_shape shape_square cz_title_shape_outline cz_shape_2\"><\/div><div class=\"cz_title_content\"><div class=\"cz_wpe_content\"><div style=\"line-height: 1.2;\"><span style=\"font-family: Montserrat; font-weight: 300; font-size: 26px; color: #d7ba93;\">Leidenschaft f\u00fcr den donnernden Klang, mit dem Sie sp\u00fcren k\u00f6nnen, wie Ihre Haut vibriert und str\u00e4ubt<\/span><\/div>\n<\/div><\/div><\/div>[\/vc_column][\/vc_row]<\/p>\n<\/div>","protected":false},"excerpt":{"rendered":"<p>[vc_row full_width=&#8220;stretch_row_content&#8220;][vc_column width=&#8220;1\/3&#8243; css=&#8220;.vc_custom_1633715521399{background-image: url(http:\/\/lanochedelostambores.com\/wp-content\/uploads\/2021\/08\/TAMBORES-2014.-WEB.-LA-CHOLEPA-5.jpg?id=1373) !important;background-position: 0 0 !important;background-repeat: no-repeat !important;}&#8220;][\/vc_column][vc_column &#8230; <\/p>\n","protected":false},"author":2,"featured_media":0,"parent":0,"menu_order":0,"comment_status":"closed","ping_status":"closed","template":"","meta":{"om_disable_all_campaigns":false,"_monsterinsights_skip_tracking":false,"_monsterinsights_sitenote_active":false,"_monsterinsights_sitenote_note":"","_monsterinsights_sitenote_category":0,"_uf_show_specific_survey":0,"_uf_disable_surveys":false,"footnotes":""},"class_list":["post-4547","page","type-page","status-publish","hentry"],"aioseo_notices":[],"_links":{"self":[{"href":"https:\/\/lanochedelostambores.com\/de\/wp-json\/wp\/v2\/pages\/4547","targetHints":{"allow":["GET"]}}],"collection":[{"href":"https:\/\/lanochedelostambores.com\/de\/wp-json\/wp\/v2\/pages"}],"about":[{"href":"https:\/\/lanochedelostambores.com\/de\/wp-json\/wp\/v2\/types\/page"}],"author":[{"embeddable":true,"href":"https:\/\/lanochedelostambores.com\/de\/wp-json\/wp\/v2\/users\/2"}],"replies":[{"embeddable":true,"href":"https:\/\/lanochedelostambores.com\/de\/wp-json\/wp\/v2\/comments?post=4547"}],"version-history":[{"count":6,"href":"https:\/\/lanochedelostambores.com\/de\/wp-json\/wp\/v2\/pages\/4547\/revisions"}],"predecessor-version":[{"id":5910,"href":"https:\/\/lanochedelostambores.com\/de\/wp-json\/wp\/v2\/pages\/4547\/revisions\/5910"}],"wp:attachment":[{"href":"https:\/\/lanochedelostambores.com\/de\/wp-json\/wp\/v2\/media?parent=4547"}],"curies":[{"name":"wp","href":"https:\/\/api.w.org\/{rel}","templated":true}]}}