{"id":5248,"date":"2021-10-12T20:36:29","date_gmt":"2021-10-12T20:36:29","guid":{"rendered":"https:\/vereinigung\/"},"modified":"2021-10-12T20:49:54","modified_gmt":"2021-10-12T20:49:54","slug":"vereinigung","status":"publish","type":"page","link":"https:\/\/lanochedelostambores.com\/de\/vereinigung\/","title":{"rendered":"VEREINIGUNG"},"content":{"rendered":"<div class=\"wpb-content-wrapper\"><p>[vc_row full_width=&#8220;stretch_row&#8220; css=&#8220;.vc_custom_1627686117206{background-image: url(http:\/\/lanochedelostambores.com\/wp-content\/uploads\/2021\/07\/cabecera-asociacion-tamboristas.jpg?id=1294) !important;background-position: center !important;background-repeat: no-repeat !important;background-size: cover !important;}&#8220;][vc_column]<div class=\"cz_gap clr \" style=\"height: 200px\"><\/div>[\/vc_column][\/vc_row][vc_row equal_height=&#8220;yes&#8220; content_placement=&#8220;middle&#8220; css=&#8220;.vc_custom_1627686743220{margin-top: 75px !important;}&#8220;][vc_column width=&#8220;1\/3&#8243;]<div class=\"cz_gap clr \" style=\"height: 50px\"><\/div><div id=\"cz_39738\" class=\"cz_39738 cz_title clr cz_title_pos_inline tac\"><div class=\"cz_title_shape shape_circle cz_title_shape_outline cz_shape_1\"><\/div><div class=\"cz_title_content\"><div class=\"cz_wpe_content\"><div style=\"text-align: center; line-height: 1;\"><span style=\"font-family: Montserrat; font-size: 36px; font-weight: 300;\">VEREINIGUNG<\/span><\/div>\n<div style=\"text-align: center; line-height: 1;\"><span style=\"font-family: Montserrat; font-weight: 900;\">TROMMLER<\/span><\/div>\n<\/div><\/div><\/div><div class=\"cz_gap clr \" style=\"height: 50px\"><\/div>[\/vc_column][vc_column width=&#8220;2\/3&#8243;][vc_column_text]<\/p>\n<div style=\"line-height: 1.4;\"><span style=\"font-size: 18px; font-family: Montserrat; font-weight: 400;\">Seinen Ursprung hat der \u201eVerein der Trommler von Mula\u201c in einem Treffen, welches am Sonntag, den 4. M\u00e4rz 1979 stattfand und zu dem die Trommler von Mula zusammengerufen wurden, um die Tradition zu besprechen. <strong>Aus dieser Sitzung wurde ein Auschuss unter dem Vorsitz von Diego Cervantes und mit Salvador Llorente als Sekret\u00e4r gebildet. Die Ziele dieses Ausschusses waren, sich f\u00fcr den Erhalt der Tradition einzusetzen sowie mehr Anh\u00e4nger f\u00fcr die Trommel zu gewinnen.<\/strong><\/span><\/div>\n<div style=\"line-height: 1.4;\"><\/div>\n<div style=\"line-height: 1.4;\"><span style=\"font-size: 18px; font-family: Montserrat; font-weight: 400;\">Die Bedeutung, die das Trommelfestival \u201eTamborada\u201c im Laufe der Zeit erlangte, f\u00fchrte am 5. Juli 1987 zur Gr\u00fcndung eines Verwaltungsausschusses mit dem Ziel, einen Verband zu gr\u00fcnden, der die Trommler vertritt. Am 7. Januar 1988 wurde die Satzung genehmigt und der \u201eVerein der Trommler von Mula\u201c (Asociaci\u00f3n de Tamboristas de Mula) gegr\u00fcndet.<\/span><\/div>\n<p>[\/vc_column_text][\/vc_column][\/vc_row][vc_row full_width=&#8220;stretch_row&#8220; equal_height=&#8220;yes&#8220; content_placement=&#8220;middle&#8220; css=&#8220;.vc_custom_1627687011491{margin-top: 75px !important;margin-bottom: 70px !important;padding-top: 60px !important;padding-bottom: 60px !important;background-color: #0c0c0c !important;}&#8220;][vc_column width=&#8220;2\/3&#8243;]<div id=\"cz_94982\" class=\"cz_94982 cz_title clr cz_title_pos_inline\"><div class=\"cz_title_content\"><div class=\"cz_wpe_content\"><div style=\"line-height: 1.3;\"><span style=\"font-weight: 400; font-family: Montserrat; color: #ffffff; font-size: 24px;\"><strong>PANGANICO<\/strong> <\/span><\/div>\n<div style=\"line-height: 1.3;\"><span style=\"font-weight: 400; font-family: Montserrat; color: #ffffff; font-size: 14px;\">\u2013 das Logo des Vereins<\/span><\/div>\n<p>&nbsp;<\/p>\n<div style=\"line-height: 1.3;\"><span style=\"font-weight: 400; font-family: Montserrat; font-size: 18px; color: #ffffff;\">Als der Verein der Trommler von Mula 1988 gegr\u00fcndet wurde, w\u00e4hlte man als Logo die Burg von Mula, zu deren F\u00fc\u00dfen sich eine Trommel mit gekreuzten St\u00f6cken befindet, und dar\u00fcber ein Bogen mit dem Namen des Vereins.<\/span><\/div>\n<div style=\"line-height: 1.3;\"><\/div>\n<div style=\"line-height: 1.3;\"><span style=\"font-weight: 400; font-family: Montserrat; font-size: 18px; color: #ffffff;\">Am 3. M\u00e4rz 1990 wurde dann eine \u00c4nderung des Logos genehmigt, wobei der Entwurf von Paco Verd\u00fa mit dem Namen \u201ePanganico, der linksh\u00e4ndige Trommler\u201c \u00fcbernommen wurde. Seitdem repr\u00e4sentiert dieses Logo den Verein und wird in dieser Darstellung stolz und fest als Vertretung der Trommler in Mula wahrgenommen.<\/span><\/div>\n<\/div><\/div><\/div>[\/vc_column][vc_column width=&#8220;1\/3&#8243;]<div id=\"cz_96184\" class=\"cz_96184 cz_image clr cz_image_no_fx center_on_mobile\"><div class=\"\" ><div class=\"cz_image_in\"><div class=\"cz_main_image\"><img decoding=\"async\" width=\"400\" height=\"400\" src=\"data:image\/svg+xml,%3Csvg%20xmlns%3D&#39;http%3A%2F%2Fwww.w3.org%2F2000%2Fsvg&#39;%20width=&#39;400&#39;%20height=&#39;400&#39;%20viewBox%3D&#39;0%200%20400%20400&#39;%2F%3E\" data-czlz data-src=\"https:\/\/lanochedelostambores.com\/wp-content\/uploads\/2021\/05\/logo-asociacion-tambor-mula.png\" class=\"attachment-full\" alt=\"\" title=\"logo-asociacion-tambor-mula\" data-srcset=\"https:\/\/lanochedelostambores.com\/wp-content\/uploads\/2021\/05\/logo-asociacion-tambor-mula.png 400w, https:\/\/lanochedelostambores.com\/wp-content\/uploads\/2021\/05\/logo-asociacion-tambor-mula-300x300.png 300w, https:\/\/lanochedelostambores.com\/wp-content\/uploads\/2021\/05\/logo-asociacion-tambor-mula-150x150.png 150w\" data-sizes=\"(max-width: 400px) 100vw, 400px\" \/><\/div><\/div><\/div><\/div>[\/vc_column][\/vc_row][vc_row equal_height=&#8220;yes&#8220; content_placement=&#8220;middle&#8220;][vc_column width=&#8220;1\/3&#8243;]<div id=\"cz_106829\" class=\"cz_106829 cz_image clr cz_image_no_fx center_on_mobile\"><div class=\"\" ><div class=\"cz_image_in\"><div class=\"cz_main_image\"><img decoding=\"async\" width=\"1200\" height=\"1800\" src=\"data:image\/svg+xml,%3Csvg%20xmlns%3D&#39;http%3A%2F%2Fwww.w3.org%2F2000%2Fsvg&#39;%20width=&#39;1200&#39;%20height=&#39;1800&#39;%20viewBox%3D&#39;0%200%201200%201800&#39;%2F%3E\" data-czlz data-src=\"https:\/\/lanochedelostambores.com\/wp-content\/uploads\/2021\/08\/TAMBORES-2014.-WEB.-LA-CHOLEPA-35.jpg\" class=\"attachment-full\" alt=\"Ni\u00f1o peque\u00f1o tocando un tambor\" title=\"TAMBORES 2014. WEB. LA CHOLEPA-35\" data-srcset=\"https:\/\/lanochedelostambores.com\/wp-content\/uploads\/2021\/08\/TAMBORES-2014.-WEB.-LA-CHOLEPA-35.jpg 1200w, https:\/\/lanochedelostambores.com\/wp-content\/uploads\/2021\/08\/TAMBORES-2014.-WEB.-LA-CHOLEPA-35-200x300.jpg 200w, https:\/\/lanochedelostambores.com\/wp-content\/uploads\/2021\/08\/TAMBORES-2014.-WEB.-LA-CHOLEPA-35-683x1024.jpg 683w, https:\/\/lanochedelostambores.com\/wp-content\/uploads\/2021\/08\/TAMBORES-2014.-WEB.-LA-CHOLEPA-35-768x1152.jpg 768w, https:\/\/lanochedelostambores.com\/wp-content\/uploads\/2021\/08\/TAMBORES-2014.-WEB.-LA-CHOLEPA-35-1024x1536.jpg 1024w, https:\/\/lanochedelostambores.com\/wp-content\/uploads\/2021\/08\/TAMBORES-2014.-WEB.-LA-CHOLEPA-35-600x900.jpg 600w\" data-sizes=\"(max-width: 1200px) 100vw, 1200px\" \/><\/div><\/div><\/div><\/div>[\/vc_column][vc_column width=&#8220;2\/3&#8243;][vc_column_text]<\/p>\n<div style=\"line-height: 1.4;\">\n<p><span style=\"font-size: 24px;\"><strong><span style=\"font-family: Montserrat;\">DIE TROMMELSCHULE<\/span><\/strong><\/span><\/p>\n<p><span style=\"font-weight: 400; font-size: 18px; font-family: Montserrat;\"><strong>Mit dem Ziel, das Trommeln unter den j\u00fcngsten Mula-Einwohnern zu f\u00f6rdern, wurde 1989 &#8211; ein Jahr nach der Gr\u00fcndung des Trommlervereins &#8211; die Trommelschule gegr\u00fcndet.<\/strong> Die Schule ist daf\u00fcr verantwortlich, den Sch\u00fclern den traditionellen Schlag und den Aufbau der Trommeln beizubringen und ihnen die Werte des Respekts und der Teilnahme an der Tamborada zu vermitteln.<\/span><\/p>\n<p><span style=\"font-weight: 400; font-size: 18px; font-family: Montserrat;\">Die Leiter, erfahrene Trommler, bringen den Sch\u00fclern das Trommeln bei, wobei sie eine Methode anwenden, die auf der schuleigenen Nomenklatur basiert. Das ganze Jahr \u00fcber \u00fcben die Trommel-Sch\u00fcler in gro\u00dfen umgebauten und entsprechend adaptierten Lkw- Kabinen.<\/span><\/p>\n<p><span style=\"font-weight: 400; font-size: 18px; font-family: Montserrat;\">In den Tagen vor der Tamborada, der Nacht der Trommeln, wird jedes Jahr im \u201eLope de Vega\u201c-Theater die Klausur-Gala (&#8222;Gala de Clausura&#8220;) gefeiert, die das Schuljahr abschlie\u00dft. Bei dieser Auff\u00fchrung zeigen die Sch\u00fcler, was sie im Laufe des Jahres gelernt haben.<\/span><\/p>\n<\/div>\n<p>[\/vc_column_text][\/vc_column][\/vc_row][vc_row css=&#8220;.vc_custom_1628104685649{margin-top: 30px !important;}&#8220;][vc_column][vc_separator color=&#8220;custom&#8220; border_width=&#8220;3&#8243; accent_color=&#8220;#bfbfbf&#8220;][\/vc_column][\/vc_row][vc_row equal_height=&#8220;yes&#8220; content_placement=&#8220;middle&#8220;][vc_column width=&#8220;2\/3&#8243;][vc_column_text]<\/p>\n<div style=\"line-height: 1.2;\">\n<p>&nbsp;<\/p>\n<p><strong>30. Jahrestag<\/strong><span style=\"font-weight: 400; font-family: Montserrat; font-size: 14px;\">des Trommlervereins von Mula<\/span><\/p>\n<p>&nbsp;<\/p>\n<p><span style=\"font-weight: 400; font-family: Montserrat; font-size: 18px;\">Im Jahr 2018 feierte der Verein sein drei\u00dfigj\u00e4hriges Bestehen; drei\u00dfig Jahre, in denen der Verein an der Erhaltung der Tradition der Trommler (\u201eTamboristas\u201c) gearbeitet hat. Zu den herausragenden Meilensteinen geh\u00f6ren die Gr\u00fcndung der Trommelschule im Jahr 1989 sowie die Durchf\u00fchrung der 9., 17. und 33. \u201eNationalen Tage der Lobpreisung der Trommel und der Pauke\u201c in der Stadt Mula in den Jahren 1994, 2002 und 2018.<\/span><\/p>\n<p>&nbsp;<\/p>\n<\/div>\n<p>[\/vc_column_text][\/vc_column][vc_column width=&#8220;1\/3&#8243;]<div id=\"cz_96537\" class=\"cz_96537 cz_image clr cz_image_no_fx center_on_mobile\"><div class=\"\" ><div class=\"cz_image_in\"><div class=\"cz_main_image\"><img decoding=\"async\" width=\"1498\" height=\"1084\" src=\"data:image\/svg+xml,%3Csvg%20xmlns%3D&#39;http%3A%2F%2Fwww.w3.org%2F2000%2Fsvg&#39;%20width=&#39;1498&#39;%20height=&#39;1084&#39;%20viewBox%3D&#39;0%200%201498%201084&#39;%2F%3E\" data-czlz data-src=\"https:\/\/lanochedelostambores.com\/wp-content\/uploads\/2021\/08\/30ANIVERSARIO-ASOCIAON-TAMBORISTA-MULA-1.jpg\" class=\"attachment-full\" alt=\"Imagen conmemorativa del 30\u00ba Aniversario de la Asociaci\u00f3n de Tamboristas de Mula\" title=\"30. Jahrestag des Trommlervereins von Mula\" data-srcset=\"https:\/\/lanochedelostambores.com\/wp-content\/uploads\/2021\/08\/30ANIVERSARIO-ASOCIAON-TAMBORISTA-MULA-1.jpg 1498w, https:\/\/lanochedelostambores.com\/wp-content\/uploads\/2021\/08\/30ANIVERSARIO-ASOCIAON-TAMBORISTA-MULA-1-300x217.jpg 300w, https:\/\/lanochedelostambores.com\/wp-content\/uploads\/2021\/08\/30ANIVERSARIO-ASOCIAON-TAMBORISTA-MULA-1-1024x741.jpg 1024w, https:\/\/lanochedelostambores.com\/wp-content\/uploads\/2021\/08\/30ANIVERSARIO-ASOCIAON-TAMBORISTA-MULA-1-768x556.jpg 768w, https:\/\/lanochedelostambores.com\/wp-content\/uploads\/2021\/08\/30ANIVERSARIO-ASOCIAON-TAMBORISTA-MULA-1-600x434.jpg 600w\" data-sizes=\"(max-width: 1498px) 100vw, 1498px\" \/><\/div><\/div><\/div><\/div>[\/vc_column][\/vc_row]<\/p>\n<\/div>","protected":false},"excerpt":{"rendered":"<p>[vc_row full_width=&#8220;stretch_row&#8220; css=&#8220;.vc_custom_1627686117206{background-image: url(http:\/\/lanochedelostambores.com\/wp-content\/uploads\/2021\/07\/cabecera-asociacion-tamboristas.jpg?id=1294) !important;background-position: center !important;background-repeat: no-repeat !important;background-size: cover !important;}&#8220;][vc_column][\/vc_column][\/vc_row][vc_row &#8230; <\/p>\n","protected":false},"author":2,"featured_media":0,"parent":0,"menu_order":0,"comment_status":"closed","ping_status":"closed","template":"","meta":{"om_disable_all_campaigns":false,"_monsterinsights_skip_tracking":false,"_monsterinsights_sitenote_active":false,"_monsterinsights_sitenote_note":"","_monsterinsights_sitenote_category":0,"_uf_show_specific_survey":0,"_uf_disable_surveys":false,"footnotes":""},"class_list":["post-5248","page","type-page","status-publish","hentry"],"aioseo_notices":[],"_links":{"self":[{"href":"https:\/\/lanochedelostambores.com\/de\/wp-json\/wp\/v2\/pages\/5248","targetHints":{"allow":["GET"]}}],"collection":[{"href":"https:\/\/lanochedelostambores.com\/de\/wp-json\/wp\/v2\/pages"}],"about":[{"href":"https:\/\/lanochedelostambores.com\/de\/wp-json\/wp\/v2\/types\/page"}],"author":[{"embeddable":true,"href":"https:\/\/lanochedelostambores.com\/de\/wp-json\/wp\/v2\/users\/2"}],"replies":[{"embeddable":true,"href":"https:\/\/lanochedelostambores.com\/de\/wp-json\/wp\/v2\/comments?post=5248"}],"version-history":[{"count":3,"href":"https:\/\/lanochedelostambores.com\/de\/wp-json\/wp\/v2\/pages\/5248\/revisions"}],"predecessor-version":[{"id":5265,"href":"https:\/\/lanochedelostambores.com\/de\/wp-json\/wp\/v2\/pages\/5248\/revisions\/5265"}],"wp:attachment":[{"href":"https:\/\/lanochedelostambores.com\/de\/wp-json\/wp\/v2\/media?parent=5248"}],"curies":[{"name":"wp","href":"https:\/\/api.w.org\/{rel}","templated":true}]}}