{"id":2140,"date":"2021-06-02T19:50:35","date_gmt":"2021-06-02T19:50:35","guid":{"rendered":"https:\/artesania\/"},"modified":"2021-10-08T17:33:57","modified_gmt":"2021-10-08T17:33:57","slug":"drum-craft","status":"publish","type":"page","link":"https:\/\/lanochedelostambores.com\/en\/drum-craft\/","title":{"rendered":"DRUM CRAFT"},"content":{"rendered":"<div class=\"wpb-content-wrapper\"><p>[vc_row full_width=&#8221;stretch_row_content&#8221; content_placement=&#8221;middle&#8221; css=&#8221;.vc_custom_1629915055492{background-image: url(http:\/\/lanochedelostambores.com\/wp-content\/uploads\/2021\/08\/cabecera-artesania-1.jpg?id=1555) !important;background-position: center !important;background-repeat: no-repeat !important;background-size: cover !important;}&#8221;][vc_column offset=&#8221;vc_col-xs-12&#8243;]<div class=\"cz_gap clr \" style=\"height: 200px\"><\/div><div class=\"cz_gap clr \" style=\"height: 100px\"><\/div><div class=\"cz_gap clr \" style=\"height: 80px\"><\/div>[\/vc_column][\/vc_row][vc_row full_width=&#8221;stretch_row&#8221; css=&#8221;.vc_custom_1627668591196{background-color: #dfdbd7 !important;}&#8221;][vc_column]<div class=\"cz_gap clr \" style=\"height: 80px\"><\/div><div id=\"cz_26891\" class=\"cz_26891 cz_title clr cz_title_pos_inline tac\"><div class=\"cz_title_shape shape_circle cz_title_shape_outline cz_shape_1\"><\/div><div class=\"cz_title_content\"><div class=\"cz_wpe_content\"><div style=\"text-align: center; line-height: 1;\"><span style=\"font-family: Montserrat; font-size: 36px; font-weight: 300;\">DRUM<\/span><\/div>\n<div style=\"text-align: center; line-height: 1;\"><span style=\"font-family: Montserrat; font-weight: 900;\">CRAFT<\/span><\/div>\n<\/div><\/div><\/div><div class=\"cz_gap clr \" style=\"height: 80px\"><\/div><div id=\"cz_55841\" class=\"cz_55841 cz_title clr cz_title_pos_inline tac\"><div class=\"cz_title_content\"><div class=\"cz_wpe_content\"><div style=\"line-height: 1.6; text-align: center;\"><span style=\"font-weight: 400; font-family: Montserrat;\"><span style=\"font-size: 24px;\"><strong><span style=\"font-family: Parisienne;\">T<\/span><\/strong><\/span>he drum in Mula (Murcia, Spain) and its tradition have been evolving with the time. We have no knowledge of the instruments that originated the \u201ctamborada\u201d (drum parade), although we suppose that those were military style boxes that probably belonged to a brotherhood. At the time, the boys were joking and banging the drum on their way to the procession. <\/span><\/div>\n<\/div><\/div><\/div><div class=\"cz_gap clr \" style=\"height: 100px\"><\/div>[\/vc_column][\/vc_row][vc_row equal_height=&#8221;yes&#8221; content_placement=&#8221;middle&#8221; css=&#8221;.vc_custom_1629913790217{margin-top: 75px !important;}&#8221;][vc_column width=&#8221;1\/3&#8243;]<div id=\"cz_78022\" class=\"cz_78022 cz_title clr cz_title_pos_inline tac\"><div class=\"cz_title_content\"><div class=\"cz_wpe_content\"><div style=\"text-align: center; line-height: 1.4;\">\n<p style=\"text-align: left;\"><span style=\"font-family: Montserrat; font-size: 16px;\">The lower income residents in the town also wanted to take part in this tradition, which lead to the drum manufacturing locally. In most instances, the shells were made with canned fish, a rope to tighten and some hoops provided by a carpenter. In addition to this, furs and gut snares were also used, and these were easy to get in an eminently rural town like Mula, where there were plenty of goats and sheets. The town\u2019s residents had all the necessary pieces to manufacture the drums by themselves. <\/span><\/p>\n<p>&nbsp;<\/p>\n<p style=\"text-align: left;\">\n<\/div>\n<\/div><\/div><\/div>[\/vc_column][vc_column width=&#8221;2\/3&#8243;]<div id=\"cz_61954\" class=\"cz_61954 cz_image clr cz_image_no_fx center_on_mobile\"><div class=\"\" ><div class=\"cz_image_in\"><div class=\"cz_main_image\"><img decoding=\"async\" width=\"1800\" height=\"1200\" src=\"data:image\/svg+xml,%3Csvg%20xmlns%3D&#39;http%3A%2F%2Fwww.w3.org%2F2000%2Fsvg&#39;%20width=&#39;1800&#39;%20height=&#39;1200&#39;%20viewBox%3D&#39;0%200%201800%201200&#39;%2F%3E\" data-czlz data-src=\"https:\/\/lanochedelostambores.com\/wp-content\/uploads\/2021\/08\/TAMBORES-2014.-WEB.-LA-CHOLEPA-65.jpg\" class=\"attachment-full\" alt=\"\" title=\"TAMBORES 2014. WEB. LA CHOLEPA-65\" data-srcset=\"https:\/\/lanochedelostambores.com\/wp-content\/uploads\/2021\/08\/TAMBORES-2014.-WEB.-LA-CHOLEPA-65.jpg 1800w, https:\/\/lanochedelostambores.com\/wp-content\/uploads\/2021\/08\/TAMBORES-2014.-WEB.-LA-CHOLEPA-65-300x200.jpg 300w, https:\/\/lanochedelostambores.com\/wp-content\/uploads\/2021\/08\/TAMBORES-2014.-WEB.-LA-CHOLEPA-65-1024x683.jpg 1024w, https:\/\/lanochedelostambores.com\/wp-content\/uploads\/2021\/08\/TAMBORES-2014.-WEB.-LA-CHOLEPA-65-768x512.jpg 768w, https:\/\/lanochedelostambores.com\/wp-content\/uploads\/2021\/08\/TAMBORES-2014.-WEB.-LA-CHOLEPA-65-1536x1024.jpg 1536w, https:\/\/lanochedelostambores.com\/wp-content\/uploads\/2021\/08\/TAMBORES-2014.-WEB.-LA-CHOLEPA-65-600x400.jpg 600w\" data-sizes=\"(max-width: 1800px) 100vw, 1800px\" \/><\/div><\/div><\/div><\/div><div id=\"cz_81092\" class=\"cz_81092 cz_hotspot\"><div class=\"cz_hotspot_waves\" style=\"animation-duration: 1.4s\"><div class=\"cz_hotspot_circle\"><i class=\"fa fa-plus\"><\/i><\/div><\/div><div class=\"cz_hotspot_content cz_wpe_content cz_hotspot_top\"><div style=\"line-height: 1.2;\"><span style=\"font-size: 15px;\"><strong><span style=\"font-family: Montserrat;\">BORDONES:<\/span><\/strong><\/span><\/div>\n<div style=\"line-height: 1.2;\"><span style=\"font-family: Montserrat; font-size: 15px; white-space: pre-wrap;\">Originally they were guts, although nowadays guitar strings are used. These are touching the back skin.<\/span><\/div>\n<\/div><\/div><div id=\"cz_92303\" class=\"cz_92303 cz_hotspot\"><div class=\"cz_hotspot_waves\" style=\"animation-duration: 1s\"><div class=\"cz_hotspot_circle\"><i class=\"fa fa-plus\"><\/i><\/div><\/div><div class=\"cz_hotspot_content cz_wpe_content cz_hotspot_top\"><div style=\"line-height: 1.2;\"><strong><span style=\"font-family: Montserrat; font-size: 15px;\">PUENTE<\/span><\/strong><\/div>\n<div style=\"line-height: 1.2;\"><span style=\"font-family: Montserrat; font-size: 15px; white-space: pre-wrap;\">Element screwed to the box and that supports the comb.<\/span><\/div>\n<\/div><\/div><div id=\"cz_36376\" class=\"cz_36376 cz_hotspot\"><div class=\"cz_hotspot_waves\" style=\"animation-duration: 1s\"><div class=\"cz_hotspot_circle\"><i class=\"fa fa-plus\"><\/i><\/div><\/div><div class=\"cz_hotspot_content cz_wpe_content cz_hotspot_top\"><div style=\"line-height: 1.2;\"><strong><span style=\"font-family: Montserrat; font-size: 15px;\">PEINETA<\/span><\/strong><\/div>\n<div style=\"line-height: 1.2;\"><span style=\"font-family: Montserrat; font-size: 1rem; white-space: pre-wrap;\">Piece that serves to tighten the strings. There are those who carry personalized combs with typical images of Mula or with a personal stamp.<\/span><\/div>\n<\/div><\/div><div id=\"cz_49149\" class=\"cz_49149 cz_hotspot\"><div class=\"cz_hotspot_waves\" style=\"animation-duration: 1s\"><div class=\"cz_hotspot_circle\"><i class=\"fa fa-plus\"><\/i><\/div><\/div><div class=\"cz_hotspot_content cz_wpe_content cz_hotspot_top\"><div style=\"line-height: 1.2;\"><strong><span style=\"font-family: Montserrat; font-size: 15px;\">AROS:<\/span><\/strong><\/div>\n<div style=\"line-height: 1.2;\"><span style=\"font-family: Montserrat; font-size: 15px; white-space: pre-wrap;\">The wooden hoops fix the skins on the box. If the drum is tightened with rope, the hoops have holes that allow the rope to pass through. If it is made of screws, it has no holes.<\/span><\/div>\n<\/div><\/div><div id=\"cz_110448\" class=\"cz_110448 cz_hotspot\"><div class=\"cz_hotspot_waves\" style=\"animation-duration: 1s\"><div class=\"cz_hotspot_circle\"><i class=\"fa fa-plus\"><\/i><\/div><\/div><div class=\"cz_hotspot_content cz_wpe_content cz_hotspot_top\"><div style=\"line-height: 1.2;\"><strong><span style=\"font-family: Montserrat; font-size: 15px;\">PIEL<\/span><\/strong><\/div>\n<div style=\"line-height: 1.2;\"><span style=\"font-family: Montserrat; font-size: 15px; white-space: pre-wrap;\">Front, known as palillera, of goat.<\/span><\/div>\n<div style=\"line-height: 1.2;\"><span style=\"font-family: Montserrat; font-size: 13px; white-space: pre-wrap;\">(Both skins, front and back, are packed in wooden rings that give the desired shape)<\/span><\/div>\n<\/div><\/div><div id=\"cz_44932\" class=\"cz_44932 cz_hotspot\"><div class=\"cz_hotspot_waves\" style=\"animation-duration: 1s\"><div class=\"cz_hotspot_circle\"><i class=\"fa fa-plus\"><\/i><\/div><\/div><div class=\"cz_hotspot_content cz_wpe_content cz_hotspot_top\"><div style=\"line-height: 1.2;\"><strong><span style=\"font-family: Montserrat; font-size: 15px;\">PIEL:<\/span><\/strong><\/div>\n<div style=\"line-height: 1.2;\"><span style=\"font-family: Montserrat; font-size: 16px; white-space: pre-wrap;\">Front, known as palillera, of goat.<\/span><\/div>\n<div style=\"line-height: 1.2;\"><span style=\"font-family: Montserrat; font-size: 14px; white-space: pre-wrap;\">(Both skins, front and back, are packed in wooden rings that give the desired shape)<\/span><\/div>\n<\/div><\/div><div id=\"cz_18712\" class=\"cz_18712 cz_hotspot\"><div class=\"cz_hotspot_waves\" style=\"animation-duration: 1s\"><div class=\"cz_hotspot_circle\"><i class=\"fa fa-plus\"><\/i><\/div><\/div><div class=\"cz_hotspot_content cz_wpe_content cz_hotspot_top\"><div style=\"line-height: 1.2;\"><strong><span style=\"font-family: Montserrat; font-size: 15px;\">PIEL:<\/span><\/strong><\/div>\n<div style=\"line-height: 1.2;\"><span style=\"font-family: Montserrat; font-size: 16px; white-space: pre-wrap;\">Rear, known as the bordonera, made of sheep.<\/span><\/div>\n<div style=\"line-height: 1.2;\"><span style=\"font-family: Montserrat; font-size: 14px; white-space: pre-wrap;\">(Both skins, front and back, are packed in wooden rings that give the desired shape)<\/span><\/div>\n<\/div><\/div>[\/vc_column][\/vc_row][vc_row equal_height=&#8221;yes&#8221; content_placement=&#8221;middle&#8221; css=&#8221;.vc_custom_1628103197217{margin-top: 30px !important;}&#8221;][vc_column width=&#8221;2\/3&#8243;]<div id=\"cz_25083\" class=\"cz_25083 cz_image clr cz_image_no_fx center_on_mobile\"><div class=\"\" ><div class=\"cz_image_in\"><div class=\"cz_main_image\"><img decoding=\"async\" width=\"1200\" height=\"800\" src=\"data:image\/svg+xml,%3Csvg%20xmlns%3D&#39;http%3A%2F%2Fwww.w3.org%2F2000%2Fsvg&#39;%20width=&#39;1200&#39;%20height=&#39;800&#39;%20viewBox%3D&#39;0%200%201200%20800&#39;%2F%3E\" data-czlz data-src=\"https:\/\/lanochedelostambores.com\/wp-content\/uploads\/2021\/08\/Tambores-Mula-96.jpg\" class=\"attachment-full\" alt=\"\" title=\"Tambores-Mula-96\" data-srcset=\"https:\/\/lanochedelostambores.com\/wp-content\/uploads\/2021\/08\/Tambores-Mula-96.jpg 1200w, https:\/\/lanochedelostambores.com\/wp-content\/uploads\/2021\/08\/Tambores-Mula-96-300x200.jpg 300w, https:\/\/lanochedelostambores.com\/wp-content\/uploads\/2021\/08\/Tambores-Mula-96-1024x683.jpg 1024w, https:\/\/lanochedelostambores.com\/wp-content\/uploads\/2021\/08\/Tambores-Mula-96-768x512.jpg 768w, https:\/\/lanochedelostambores.com\/wp-content\/uploads\/2021\/08\/Tambores-Mula-96-600x400.jpg 600w\" data-sizes=\"(max-width: 1200px) 100vw, 1200px\" \/><\/div><\/div><\/div><\/div><div id=\"cz_47713\" class=\"cz_47713 cz_hotspot\"><div class=\"cz_hotspot_waves\" style=\"animation-duration: 1s\"><div class=\"cz_hotspot_circle\"><i class=\"fa fa-plus\"><\/i><\/div><\/div><div class=\"cz_hotspot_content cz_wpe_content cz_hotspot_top\"><div style=\"line-height: 1.2;\"><span style=\"font-size: 15px;\"><strong><span style=\"font-family: Montserrat;\">CAJA: <\/span><\/strong><\/span><\/div>\n<div style=\"line-height: 1.2;\"><span style=\"font-family: Montserrat; font-size: 16px; white-space: pre-wrap;\">Sheet metal or steel element that gives body to the drum, leaving it hollow inside.<\/span><\/div>\n<\/div><\/div><div id=\"cz_106615\" class=\"cz_106615 cz_hotspot\"><div class=\"cz_hotspot_waves\" style=\"animation-duration: 1s\"><div class=\"cz_hotspot_circle\"><i class=\"fa fa-plus\"><\/i><\/div><\/div><div class=\"cz_hotspot_content cz_wpe_content cz_hotspot_top\"><div style=\"line-height: 1.2;\"><strong><span style=\"font-family: Montserrat; font-size: 15px;\">AROS:<\/span><\/strong><\/div>\n<div style=\"line-height: 1.2;\"><span style=\"font-family: Montserrat; font-size: 16px; white-space: pre-wrap;\">The wooden hoops fix the skins on the box. If the drum is tightened with rope, the hoops have holes that allow the rope to pass through. If it is made of screws, it has no holes.<\/span><\/div>\n<\/div><\/div><div id=\"cz_35419\" class=\"cz_35419 cz_hotspot\"><div class=\"\" style=\"animation-duration: 1s\"><div class=\"cz_hotspot_circle\"><i class=\"fa fa-plus\"><\/i><\/div><\/div><div class=\"cz_hotspot_content cz_wpe_content cz_hotspot_top\"><div style=\"line-height: 1.2;\"><strong><span style=\"font-family: Montserrat; font-size: 15px;\">CUERDA:<\/span><\/strong><\/div>\n<div style=\"line-height: 1.2;\"><span style=\"font-family: Montserrat; font-size: 16px; white-space: pre-wrap;\">String used to tighten the rings and these, in turn, the skins, also to tighten the latter.<\/span><\/div>\n<\/div><\/div><div id=\"cz_85520\" class=\"cz_85520 cz_hotspot\"><div class=\"cz_hotspot_waves\" style=\"animation-duration: 1s\"><div class=\"cz_hotspot_circle\"><i class=\"fa fa-plus\"><\/i><\/div><\/div><div class=\"cz_hotspot_content cz_wpe_content cz_hotspot_top\"><div style=\"line-height: 1.2;\"><strong><span style=\"font-family: Montserrat; font-size: 15px;\">TORNILLOS:<\/span><\/strong><\/div>\n<div style=\"line-height: 1.2;\"><span style=\"font-family: Montserrat; font-size: 16px; white-space: pre-wrap;\">Another variant to tighten the drum. They fulfill the same function as the strings.<\/span><\/div>\n<\/div><\/div>[\/vc_column][vc_column width=&#8221;1\/3&#8243;]<div id=\"cz_62133\" class=\"cz_62133 cz_title clr cz_title_pos_inline tac\"><div class=\"cz_title_content\"><div class=\"cz_wpe_content\"><div style=\"text-align: center; line-height: 1.4;\">\n<p style=\"text-align: left;\"><span style=\"font-family: Montserrat; font-size: 18px;\">Evidently, the quality of those first drums was not very good, but the manufacturers were not looking for a perfect sound. The evolvement of the tradition lead to a search for improvements in the pieces and thus in the drums, resulting in the magnificent instruments that are currently manufactured.<\/span><\/p>\n<\/div>\n<\/div><\/div><\/div><div class=\"relative\"><div id=\"cz_76189\" class=\"cz_76189 cz_line tac\"><\/div><\/div><div class=\"clr\"><\/div><div id=\"cz_63349\" class=\"cz_63349 cz_title clr cz_title_pos_inline tac\"><div class=\"cz_title_content\"><div class=\"cz_wpe_content\"><div style=\"text-align: center; line-height: 1.4;\">\n<p style=\"text-align: left;\"><span style=\"font-weight: 400; font-family: Montserrat; font-size: 18px;\"><strong> Y es as\u00ed como, a medida que la tradici\u00f3n fue consolid\u00e1ndose, el pique entre tamboristas da lugar a una b\u00fasqueda en la mejora de las piezas y, por ende, del tambor, llegando a los magn\u00edficos instrumentos que hoy en d\u00eda se fabrican.<\/strong><\/span><\/p>\n<\/div>\n<\/div><\/div><\/div>[\/vc_column][\/vc_row][vc_row full_width=&#8221;stretch_row_content_no_spaces&#8221; css=&#8221;.vc_custom_1628104465611{margin-top: 75px !important;margin-bottom: 0px !important;padding-top: 50px !important;padding-bottom: 50px !important;background-color: #dfd5cc !important;}&#8221;][vc_column]<div id=\"cz_14176\" class=\"cz_grid_p cz_14176\"><div class=\"cz_grid cz_grid_1 clr cz_grid_c4 cz_grid_1_no_title cz_grid_1_mid tac\"><div class=\"cz_grid_item cz_grid_first\"><\/div><div class=\"cz_grid_item \"><div><a class=\"cz_grid_link \" href=\"https:\/\/lanochedelostambores.com\/wp-content\/uploads\/2021\/08\/Tambores-Mula-66.jpg\" data-xtra-lightbox><img decoding=\"async\" width=\"300\" height=\"200\" src=\"data:image\/svg+xml,%3Csvg%20xmlns%3D&#39;http%3A%2F%2Fwww.w3.org%2F2000%2Fsvg&#39;%20width=&#39;300&#39;%20height=&#39;200&#39;%20viewBox%3D&#39;0%200%20300%20200&#39;%2F%3E\" data-czlz data-src=\"https:\/\/lanochedelostambores.com\/wp-content\/uploads\/2021\/08\/Tambores-Mula-66-300x200.jpg\" class=\"attachment-medium\" alt=\"\" title=\"Tambores-Mula-66\" data-srcset=\"https:\/\/lanochedelostambores.com\/wp-content\/uploads\/2021\/08\/Tambores-Mula-66-300x200.jpg 300w, https:\/\/lanochedelostambores.com\/wp-content\/uploads\/2021\/08\/Tambores-Mula-66-1024x683.jpg 1024w, https:\/\/lanochedelostambores.com\/wp-content\/uploads\/2021\/08\/Tambores-Mula-66-768x512.jpg 768w, https:\/\/lanochedelostambores.com\/wp-content\/uploads\/2021\/08\/Tambores-Mula-66-600x400.jpg 600w, https:\/\/lanochedelostambores.com\/wp-content\/uploads\/2021\/08\/Tambores-Mula-66.jpg 1200w\" data-sizes=\"(max-width: 300px) 100vw, 300px\" \/><div class=\"cz_grid_details\"><i class=\"fa fa-search cz_grid_icon\"><\/i><\/div><\/a><\/div><\/div><div class=\"cz_grid_item \"><div><a class=\"cz_grid_link \" href=\"https:\/\/lanochedelostambores.com\/wp-content\/uploads\/2021\/08\/Tambores-Mula-56.jpg\" data-xtra-lightbox><img decoding=\"async\" width=\"300\" height=\"200\" src=\"data:image\/svg+xml,%3Csvg%20xmlns%3D&#39;http%3A%2F%2Fwww.w3.org%2F2000%2Fsvg&#39;%20width=&#39;300&#39;%20height=&#39;200&#39;%20viewBox%3D&#39;0%200%20300%20200&#39;%2F%3E\" data-czlz data-src=\"https:\/\/lanochedelostambores.com\/wp-content\/uploads\/2021\/08\/Tambores-Mula-56-300x200.jpg\" class=\"attachment-medium\" alt=\"\" title=\"Tambores-Mula-56\" data-srcset=\"https:\/\/lanochedelostambores.com\/wp-content\/uploads\/2021\/08\/Tambores-Mula-56-300x200.jpg 300w, https:\/\/lanochedelostambores.com\/wp-content\/uploads\/2021\/08\/Tambores-Mula-56-1024x683.jpg 1024w, https:\/\/lanochedelostambores.com\/wp-content\/uploads\/2021\/08\/Tambores-Mula-56-768x512.jpg 768w, https:\/\/lanochedelostambores.com\/wp-content\/uploads\/2021\/08\/Tambores-Mula-56-600x400.jpg 600w, https:\/\/lanochedelostambores.com\/wp-content\/uploads\/2021\/08\/Tambores-Mula-56.jpg 1200w\" data-sizes=\"(max-width: 300px) 100vw, 300px\" \/><div class=\"cz_grid_details\"><i class=\"fa fa-search cz_grid_icon\"><\/i><\/div><\/a><\/div><\/div><div class=\"cz_grid_item \"><div><a class=\"cz_grid_link \" href=\"https:\/\/lanochedelostambores.com\/wp-content\/uploads\/2021\/08\/Tambores-Mula-39.jpg\" data-xtra-lightbox><img decoding=\"async\" width=\"300\" height=\"200\" src=\"data:image\/svg+xml,%3Csvg%20xmlns%3D&#39;http%3A%2F%2Fwww.w3.org%2F2000%2Fsvg&#39;%20width=&#39;300&#39;%20height=&#39;200&#39;%20viewBox%3D&#39;0%200%20300%20200&#39;%2F%3E\" data-czlz data-src=\"https:\/\/lanochedelostambores.com\/wp-content\/uploads\/2021\/08\/Tambores-Mula-39-300x200.jpg\" class=\"attachment-medium\" alt=\"\" title=\"Tambores-Mula-39\" data-srcset=\"https:\/\/lanochedelostambores.com\/wp-content\/uploads\/2021\/08\/Tambores-Mula-39-300x200.jpg 300w, https:\/\/lanochedelostambores.com\/wp-content\/uploads\/2021\/08\/Tambores-Mula-39-1024x683.jpg 1024w, https:\/\/lanochedelostambores.com\/wp-content\/uploads\/2021\/08\/Tambores-Mula-39-768x512.jpg 768w, https:\/\/lanochedelostambores.com\/wp-content\/uploads\/2021\/08\/Tambores-Mula-39-600x400.jpg 600w, https:\/\/lanochedelostambores.com\/wp-content\/uploads\/2021\/08\/Tambores-Mula-39.jpg 1200w\" data-sizes=\"(max-width: 300px) 100vw, 300px\" \/><div class=\"cz_grid_details\"><i class=\"fa fa-search cz_grid_icon\"><\/i><\/div><\/a><\/div><\/div><div class=\"cz_grid_item \"><div><a class=\"cz_grid_link \" href=\"https:\/\/lanochedelostambores.com\/wp-content\/uploads\/2021\/08\/Tambores-Mula-30.jpg\" data-xtra-lightbox><img decoding=\"async\" width=\"300\" height=\"200\" src=\"data:image\/svg+xml,%3Csvg%20xmlns%3D&#39;http%3A%2F%2Fwww.w3.org%2F2000%2Fsvg&#39;%20width=&#39;300&#39;%20height=&#39;200&#39;%20viewBox%3D&#39;0%200%20300%20200&#39;%2F%3E\" data-czlz data-src=\"https:\/\/lanochedelostambores.com\/wp-content\/uploads\/2021\/08\/Tambores-Mula-30-300x200.jpg\" class=\"attachment-medium\" alt=\"\" title=\"Tambores-Mula-30\" data-srcset=\"https:\/\/lanochedelostambores.com\/wp-content\/uploads\/2021\/08\/Tambores-Mula-30-300x200.jpg 300w, https:\/\/lanochedelostambores.com\/wp-content\/uploads\/2021\/08\/Tambores-Mula-30-1024x683.jpg 1024w, https:\/\/lanochedelostambores.com\/wp-content\/uploads\/2021\/08\/Tambores-Mula-30-768x512.jpg 768w, https:\/\/lanochedelostambores.com\/wp-content\/uploads\/2021\/08\/Tambores-Mula-30-600x400.jpg 600w, https:\/\/lanochedelostambores.com\/wp-content\/uploads\/2021\/08\/Tambores-Mula-30.jpg 1200w\" data-sizes=\"(max-width: 300px) 100vw, 300px\" \/><div class=\"cz_grid_details\"><i class=\"fa fa-search cz_grid_icon\"><\/i><\/div><\/a><\/div><\/div><\/div><\/div>[\/vc_column][\/vc_row]<\/p>\n<\/div>","protected":false},"excerpt":{"rendered":"<p>[vc_row full_width=&#8221;stretch_row_content&#8221; content_placement=&#8221;middle&#8221; css=&#8221;.vc_custom_1629915055492{background-image: url(http:\/\/lanochedelostambores.com\/wp-content\/uploads\/2021\/08\/cabecera-artesania-1.jpg?id=1555) !important;background-position: center !important;background-repeat: no-repeat !important;background-size: cover &#8230; <\/p>\n","protected":false},"author":2,"featured_media":0,"parent":0,"menu_order":0,"comment_status":"closed","ping_status":"closed","template":"","meta":{"om_disable_all_campaigns":false,"_monsterinsights_skip_tracking":false,"_monsterinsights_sitenote_active":false,"_monsterinsights_sitenote_note":"","_monsterinsights_sitenote_category":0,"_uf_show_specific_survey":0,"_uf_disable_surveys":false,"footnotes":""},"class_list":["post-2140","page","type-page","status-publish","hentry"],"aioseo_notices":[],"_links":{"self":[{"href":"https:\/\/lanochedelostambores.com\/en\/wp-json\/wp\/v2\/pages\/2140","targetHints":{"allow":["GET"]}}],"collection":[{"href":"https:\/\/lanochedelostambores.com\/en\/wp-json\/wp\/v2\/pages"}],"about":[{"href":"https:\/\/lanochedelostambores.com\/en\/wp-json\/wp\/v2\/types\/page"}],"author":[{"embeddable":true,"href":"https:\/\/lanochedelostambores.com\/en\/wp-json\/wp\/v2\/users\/2"}],"replies":[{"embeddable":true,"href":"https:\/\/lanochedelostambores.com\/en\/wp-json\/wp\/v2\/comments?post=2140"}],"version-history":[{"count":12,"href":"https:\/\/lanochedelostambores.com\/en\/wp-json\/wp\/v2\/pages\/2140\/revisions"}],"predecessor-version":[{"id":2758,"href":"https:\/\/lanochedelostambores.com\/en\/wp-json\/wp\/v2\/pages\/2140\/revisions\/2758"}],"wp:attachment":[{"href":"https:\/\/lanochedelostambores.com\/en\/wp-json\/wp\/v2\/media?parent=2140"}],"curies":[{"name":"wp","href":"https:\/\/api.w.org\/{rel}","templated":true}]}}