{"id":2785,"date":"2021-10-08T20:19:39","date_gmt":"2021-10-08T20:19:39","guid":{"rendered":"https:\/la-fete\/"},"modified":"2021-10-10T22:13:09","modified_gmt":"2021-10-10T22:13:09","slug":"la-fete","status":"publish","type":"page","link":"https:\/\/lanochedelostambores.com\/fr\/la-fete\/","title":{"rendered":"LA F\u00caTE"},"content":{"rendered":"<div class=\"wpb-content-wrapper\"><p>[vc_row full_width=\u00a0\u00bbstretch_row_content_no_spaces\u00a0\u00bb equal_height=\u00a0\u00bbyes\u00a0\u00bb content_placement=\u00a0\u00bbmiddle\u00a0\u00bb css=\u00a0\u00bb.vc_custom_1620776736219{margin-top: 0px !important;}\u00a0\u00bb][vc_column width=\u00a0\u00bb2\/3&Prime; offset=\u00a0\u00bbvc_col-md-12&Prime;]<div id=\"cz_62709\" class=\"cz_62709 cz_video_popup clr cz_video_popup_c cz_video_inline xtra-disable-lightbox\"><div><div class=\"cz_vp_c\"><a href=\"https:\/\/www.youtube.com\/watch?v=b1CRvrs-HWE\" class=\"xtra-disable-lightbox\"><img decoding=\"async\" width=\"1920\" height=\"1080\" src=\"data:image\/svg+xml,%3Csvg%20xmlns%3D&#39;http%3A%2F%2Fwww.w3.org%2F2000%2Fsvg&#39;%20width=&#39;1920&#39;%20height=&#39;1080&#39;%20viewBox%3D&#39;0%200%201920%201080&#39;%2F%3E\" data-czlz data-src=\"https:\/\/lanochedelostambores.com\/wp-content\/uploads\/2021\/05\/slide-tambores-1.jpg\" class=\"attachment-full\" alt=\"\" title=\"slide-tambores-1\" data-srcset=\"https:\/\/lanochedelostambores.com\/wp-content\/uploads\/2021\/05\/slide-tambores-1.jpg 1920w, https:\/\/lanochedelostambores.com\/wp-content\/uploads\/2021\/05\/slide-tambores-1-300x169.jpg 300w, https:\/\/lanochedelostambores.com\/wp-content\/uploads\/2021\/05\/slide-tambores-1-1024x576.jpg 1024w, https:\/\/lanochedelostambores.com\/wp-content\/uploads\/2021\/05\/slide-tambores-1-768x432.jpg 768w, https:\/\/lanochedelostambores.com\/wp-content\/uploads\/2021\/05\/slide-tambores-1-1536x864.jpg 1536w, https:\/\/lanochedelostambores.com\/wp-content\/uploads\/2021\/05\/slide-tambores-1-600x338.jpg 600w\" data-sizes=\"(max-width: 1920px) 100vw, 1920px\" \/><div class=\"cz_vp_inner\"><span><i class=\"fa fa-play\"><\/i><\/span><\/div><\/a><\/div><\/div><\/div>[\/vc_column][vc_column width=\u00a0\u00bb1\/3&Prime; css=\u00a0\u00bb.vc_custom_1620778972525{background-color: #d7ba93 !important;}\u00a0\u00bb offset=\u00a0\u00bbvc_col-md-12&Prime;]<div class=\"cz_gap clr \" style=\"height: 200px\"><\/div><div id=\"cz_41594\" class=\"cz_41594 cz_title clr cz_title_pos_inline tac\"><div class=\"cz_title_shape shape_circle cz_title_shape_outline cz_shape_1\"><\/div><div class=\"cz_title_content\"><div class=\"cz_wpe_content\"><div style=\"text-align: center; line-height: 1;\"><span style=\"font-family: Montserrat; font-size: 50px; font-weight: 300; color: #0c0c0c;\">LA F\u00caTE<\/span><\/div>\n<div style=\"text-align: center; line-height: 1;\"><span style=\"font-family: Montserrat; font-weight: 900; font-size: 22px; color: #0c0c0c;\">DU TAMBOUR<\/span><\/div>\n<\/div><\/div><\/div><div class=\"cz_gap clr \" style=\"height: 200px\"><\/div>[\/vc_column][vc_column][\/vc_column][\/vc_row][vc_row full_width=\u00a0\u00bbstretch_row_content_no_spaces\u00a0\u00bb content_placement=\u00a0\u00bbmiddle\u00a0\u00bb css=\u00a0\u00bb.vc_custom_1627684395346{margin-top: 0px !important;}\u00a0\u00bb][vc_column width=\u00a0\u00bb1\/2&Prime;]<div class=\"cz_eqh cz_content_box_parent_fx  \"><div id=\"cz_79193\" class=\"cz_79193 cz_content_box clr\"><div class=\"cz_box_front clr\"><div class=\"cz_box_front_inner clr \"><span><\/span><div><div class=\"cz_gap clr \" style=\"height: 30px\"><\/div><div class=\"cz_gap clr  hide_on_mobile\" style=\"height: 50px\"><\/div><div class=\"cz_gap show_on_mobile clr\" style=\"height: 30px\"><\/div><div id=\"cz_69184\" class=\"cz_69184 cz_title clr cz_mobile_text_center cz_title_pos_inline\"><div class=\"cz_title_content\"><div class=\"cz_wpe_content\"><div style=\"line-height: 1.4;\">\n<p><span style=\"font-weight: 400; font-family: Montserrat;\"><span style=\"font-size: 36px; font-family: Parisienne;\">B<\/span>ien qu&rsquo;il semble que d\u00e9j\u00e0 dans le dernier quart du XIXe si\u00e8cle, la tamborada commen\u00e7ait le mardi soir de la Semaine Sainte, en 1919, le journal mule\u00f1o \u2018La Semana\u2019, dans son empressement \u00e0 condamner la tradition de jouer du tambour \u00e0 P\u00e2ques, annonce de nouveaux horaires : le commencement du tambourinage le Mardi Saint \u00e0 minuit :<\/span><\/p>\n<p>&nbsp;<\/p>\n<blockquote><p>\n<span style=\"font-family: Montserrat;\"><i><span style=\"font-weight: 400;\">\u00ab\u00a0Les jours de recueillement comme ceux de la Semaine Sainte, il vient \u00e0 notre premi\u00e8re autorit\u00e9 administrative, de proclamer un communiqu\u00e9 autorisant le d\u00e9part des tambours \u00e0 partir de minuit le mardi jusqu&rsquo;\u00e0 midi le mercredi&#8230;\u00a0\u00bb<\/span><\/i><span style=\"font-weight: 400;\"> La Semana, 24-IV-1919.<\/span><\/span>\n<\/p><\/blockquote>\n<p>&nbsp;<\/p>\n<p><span style=\"font-weight: 400; font-family: Montserrat; font-size: 18px;\">Le nom de Nuit des Tambours apparait avec la cr\u00e9ation de l\u2019Association des Batteurs de Mula dans les ann\u00e9es 1980 et est utilis\u00e9 comme nom officiel de la f\u00eate \u00e0 partir de 1995, apparaissant alors sur l&rsquo;affiche publicitaire.<\/span><\/p>\n<\/div>\n<\/div><\/div><\/div><div class=\"cz_gap clr  hide_on_mobile\" style=\"height: 50px\"><\/div><div class=\"cz_gap show_on_mobile clr\" style=\"height: 40px\"><\/div><div class=\"cz_gap clr  hide_on_mobile\" style=\"height: 20px\"><\/div><div class=\"cz_gap show_on_mobile clr\" style=\"height: 40px\"><\/div><\/div><\/div><\/div><\/div><\/div>[\/vc_column][vc_column width=\u00a0\u00bb1\/2&Prime; offset=\u00a0\u00bbvc_hidden-sm vc_hidden-xs\u00a0\u00bb css=\u00a0\u00bb.vc_custom_1622581038829{background-image: url(http:\/\/lanochedelostambores.com\/wp-content\/uploads\/2021\/06\/tambores-mula-la-fiesta-1.jpg?id=1048) !important;background-position: center !important;background-repeat: no-repeat !important;background-size: cover !important;}\u00a0\u00bb]<div class=\"cz_gap clr \" style=\"height: 700px\"><\/div>[\/vc_column][\/vc_row][vc_row full_width=\u00a0\u00bbstretch_row_content_no_spaces\u00a0\u00bb equal_height=\u00a0\u00bbyes\u00a0\u00bb content_placement=\u00a0\u00bbmiddle\u00a0\u00bb][vc_column width=\u00a0\u00bb1\/2&Prime; css=\u00a0\u00bb.vc_custom_1622581026396{background-image: url(http:\/\/lanochedelostambores.com\/wp-content\/uploads\/2021\/06\/tambores-mula-la-fiesta-3.jpg?id=1050) !important;background-position: center !important;background-repeat: no-repeat !important;background-size: cover !important;}\u00a0\u00bb offset=\u00a0\u00bbvc_col-xs-12&Prime;]<div class=\"cz_gap clr \" style=\"height: 600px\"><\/div>[\/vc_column][vc_column width=\u00a0\u00bb1\/2&Prime; css=\u00a0\u00bb.vc_custom_1500554500154{padding-top: 50px !important;padding-right: 70px !important;padding-left: 70px !important;background-color: rgba(215,186,147,0.05) !important;}\u00a0\u00bb]<div id=\"cz_50098\" class=\"cz_50098 cz_title clr cz_mobile_text_center cz_title_pos_inline\"><div class=\"cz_title_content\"><div class=\"cz_wpe_content\"><p><span style=\"font-size: 24px; font-family: Montserrat; font-weight: bold;\">D\u00c9VELOPPEMENT<\/span><\/p>\n<\/div><\/div><\/div><div id=\"cz_71497\" class=\"cz_71497 cz_title clr cz_mobile_text_center cz_title_pos_inline\"><div class=\"cz_title_content\"><div class=\"cz_wpe_content\"><div style=\"line-height: 1.6;\"><span style=\"font-weight: 400;\"><span style=\"font-size: 18px; font-family: Montserrat;\">\u00c0 partir de vingt-trois heures le Mardi Saint, la Place de la Mairie commence \u00e0 se remplir de Mule\u00f1os <\/span><span style=\"font-size: 18px; font-family: Montserrat;\">qui, v\u00eatus de leur tunique et de leur tambour, se pr\u00e9parent pour la tamborada tant attendue. Il y a <\/span><\/span><span style=\"font-weight: 400;\"><span style=\"font-size: 18px; font-family: Montserrat;\">\u00e9galement de nombreux visiteurs qui assistent \u00e0 l&rsquo;\u00e9v\u00e9nement ce jour-l\u00e0 pour \u00eatre spectateurs de notre <\/span><span style=\"font-size: 18px; font-family: Montserrat;\">tradition.<\/span><\/span><\/div>\n<div><\/div>\n<div style=\"line-height: 1.6;\"><span style=\"font-weight: 400; font-family: Montserrat; font-size: 18px;\"><strong>Quelques minutes avant minuit, l&rsquo;obscurit\u00e9 inonde la place et les batteurs l\u00e8vent leurs baguettes audessus <\/strong><strong>de leurs t\u00eates, signe qu&rsquo;ils ne frapperont leur tambour que lorsque la vieille horloge publique sonnera minuit, comme le veut la tradition.<\/strong> Soudain, la Llamada a la Tamborada commence \u00e0 retentir, une m\u00e9lodie compos\u00e9e par Fernando Belijar. Derri\u00e8re elle, le premier carillon de l&rsquo;horloge qui marque les sons de minuit et avec lui, des milliers de tambours se fondent dans un rugissement qui fait vibrer la ville.<\/span><\/div>\n<\/div><\/div><\/div><div id=\"cz_74730\" class=\"cz_74730 cz_title clr cz_mobile_text_center cz_title_pos_inline\"><div class=\"cz_title_content\"><div class=\"cz_wpe_content\"><p><span style=\"font-weight: bold; font-family: Montserrat; font-size: 24px;\">LE BANDO<\/span><\/p>\n<\/div><\/div><\/div><div id=\"cz_39473\" class=\"cz_39473 cz_title clr cz_mobile_text_center cz_title_pos_inline\"><div class=\"cz_title_content\"><div class=\"cz_wpe_content\"><div style=\"line-height: 1.6;\"><span style=\"font-family: Montserrat; font-size: 18px; font-weight: 400;\">El Bando est le communiqu\u00e9 officiel publi\u00e9 par la mairie, quelques jours avant P\u00e2ques, faisant conna\u00eetre <\/span><span style=\"font-family: Montserrat; font-size: 18px; font-weight: 400;\">aux habitants de Mula les heures et les jours de tambour.<\/span><\/div>\n<\/div><\/div><\/div><div id=\"cz_99478\" data-arrows='{\"open\":\"fa fa-chevron-circle-down\",\"close\":\"fa fa-chevron-circle-up\"}' class=\"cz_99478 cz_acc clr\"><div><div id=\"cz_59300\"><span class=\"cz_acc_child\"><div>EN SAVOIR PLUS LE BANDO<\/div><\/span><div class=\"cz_acc_child_content clr\">[vc_row_inner][vc_column_inner][vc_single_image image=\u00a0\u00bb2788&Prime; img_size=\u00a0\u00bbmedium\u00a0\u00bb alignment=\u00a0\u00bbcenter\u00a0\u00bb onclick=\u00a0\u00bblink_image\u00a0\u00bb]<div class=\"cz_gap clr \" style=\"height: 50px\"><\/div><div id=\"cz_18881\" class=\"cz_18881 cz_title clr cz_title_pos_inline tac\"><div class=\"cz_title_content\"><div class=\"cz_wpe_content\"><div>\n<div id=\"tw-container\" class=\"\" data-cp=\"1\" data-is-ver=\"false\" data-nnttsvi=\"1\" data-sm=\"1\" data-sugg-time=\"500\" data-sugg-url=\"https:\/\/clients1.google.com\/complete\/search\" data-uilc=\"es\">\n<div>\n<div>\n<div id=\"tw-ob\" class=\"tw-src-ltr\">\n<div class=\"oSioSc\">\n<div id=\"tw-target\">\n<div id=\"kAz1tf\" class=\"g9WsWb\">\n<div id=\"tw-target-text-container\" class=\"tw-ta-container F0azHf tw-nfl\" style=\"text-align: center;\" tabindex=\"0\">\n<pre id=\"tw-target-text\" class=\"tw-data-text tw-text-large XcVN5d tw-ta\" dir=\"ltr\" data-placeholder=\"Traducci\u00f3n\"><span style=\"font-weight: bold; font-size: 15px;\"><strong><span class=\"Y2IQFc\" lang=\"fr\" style=\"font-family: Montserrat;\">DOCUMENT:\r\n<\/span><\/strong><\/span>Bando de la ville de Mula - 1926\r\n<span style=\"font-size: 10px;\">(cliquez sur le document pour l'agrandir)<\/span><\/pre>\n<\/div>\n<\/div>\n<\/div>\n<\/div>\n<\/div>\n<\/div>\n<\/div>\n<\/div>\n<\/div>\n<\/div><\/div><\/div>[\/vc_column_inner][\/vc_row_inner]<\/div><\/div><\/div><\/div><div class=\"cz_gap clr  hide_on_mobile\" style=\"height: 40px\"><\/div><div class=\"cz_gap show_on_mobile clr\" style=\"height: 50px\"><\/div>[\/vc_column][\/vc_row][vc_row full_width=\u00a0\u00bbstretch_row_content_no_spaces\u00a0\u00bb equal_height=\u00a0\u00bbyes\u00a0\u00bb content_placement=\u00a0\u00bbmiddle\u00a0\u00bb][vc_column width=\u00a0\u00bb1\/2&Prime; css=\u00a0\u00bb.vc_custom_1500554500154{padding-top: 50px !important;padding-right: 70px !important;padding-left: 70px !important;background-color: rgba(215,186,147,0.05) !important;}\u00a0\u00bb]<div id=\"cz_54467\" class=\"cz_54467 cz_title clr cz_mobile_text_center cz_title_pos_inline\"><div class=\"cz_title_content\"><div class=\"cz_wpe_content\"><p><span style=\"font-weight: bold; font-family: Montserrat; font-size: 24px;\">L&rsquo;HORLOGE ET LA PLACE<\/span><\/p>\n<\/div><\/div><\/div><div id=\"cz_37429\" class=\"cz_37429 cz_title clr cz_mobile_text_center cz_title_pos_inline\"><div class=\"cz_title_content\"><div class=\"cz_wpe_content\"><div style=\"line-height: 1.6;\">\n<p><span style=\"font-weight: 400; font-family: Montserrat; font-size: 18px;\">La Place de la Mairie est, depuis sa construction dans le premier quart du XVIe si\u00e8cle, le centre n\u00e9vralgique de la ville de Mula. Des f\u00eates, des march\u00e9s, des proclamations et, en g\u00e9n\u00e9ral, tout \u00e9v\u00e9nement y ont eu lieu, faisant de cette place l&rsquo;espace public de Mula par excellence. C&rsquo;est pourquoi cette place a \u00e9t\u00e9 et est toujours le lieu o\u00f9 se r\u00e9unissent les batteurs, et c&rsquo;est l\u00e0 que le d\u00e9but de la tamborada a lieu chaque Mardi Saint.<\/span><\/p>\n<p>&nbsp;<\/p>\n<p><span style=\"font-weight: 400; font-family: Montserrat; font-size: 18px;\"><strong>Intimement li\u00e9e \u00e0 la tamborada et y jouant un r\u00f4le fondamental, se trouve la Tour de l&rsquo;Horloge sur la Place de la Mairie.<\/strong> Bien que de nos jours, c&rsquo;est la m\u00e9lodie Llamada a la Tamborada qui marque le commencement de la f\u00eate, traditionnellement c\u2019est l&rsquo;horloge publique qui l\u2019annonce. Attentifs \u00e0 l&rsquo;horloge, les batteurs attendaient que les aiguilles marquent minuit et que le son des cloches les invite \u00e0 battre leurs tambours.<\/span><\/p>\n<\/div>\n<\/div><\/div><\/div><div class=\"cz_gap clr  hide_on_mobile\" style=\"height: 40px\"><\/div><div class=\"cz_gap show_on_mobile clr\" style=\"height: 20px\"><\/div><div class=\"cz_btn_left cz_mobile_btn_center\"><div class=\"cz_66824_p\"><a id=\"cz_66824\" class=\"cz_66824 cz_btn cz_btn_txt_no_fx cz_btn_fill_up\" href=\"https:\/fr\/histoire-de-mula\/\" title=\"Gallery\" aria-label=\"Gallery\"><span><i class=\"fa fa-th\"><\/i><strong>MULA<\/strong><\/span><b class=\"cz_btn_onhover\"><i class=\"fa fa-th\"><\/i><strong>MULA<\/strong><\/b><\/a><\/div><\/div><div class=\"clr\"><\/div><div class=\"cz_gap clr  hide_on_mobile\" style=\"height: 40px\"><\/div><div class=\"cz_gap show_on_mobile clr\" style=\"height: 50px\"><\/div>[\/vc_column][vc_column width=\u00a0\u00bb1\/2&Prime; css=\u00a0\u00bb.vc_custom_1622581337872{background-image: url(http:\/\/lanochedelostambores.com\/wp-content\/uploads\/2021\/06\/tambores-mula-la-fiesta-5.jpg?id=1053) !important;background-position: center !important;background-repeat: no-repeat !important;background-size: cover !important;}\u00a0\u00bb offset=\u00a0\u00bbvc_col-xs-12&Prime;]<div class=\"cz_gap clr \" style=\"height: 600px\"><\/div>[\/vc_column][\/vc_row][vc_row full_width=\u00a0\u00bbstretch_row_content_no_spaces\u00a0\u00bb equal_height=\u00a0\u00bbyes\u00a0\u00bb content_placement=\u00a0\u00bbmiddle\u00a0\u00bb][vc_column width=\u00a0\u00bb1\/2&Prime; css=\u00a0\u00bb.vc_custom_1622582474253{background-image: url(http:\/\/lanochedelostambores.com\/wp-content\/uploads\/2021\/06\/monumento-tamborista-mula-2.jpg?id=1056) !important;background-position: center !important;background-repeat: no-repeat !important;background-size: cover !important;}\u00a0\u00bb offset=\u00a0\u00bbvc_col-xs-12&Prime;]<div class=\"cz_gap clr \" style=\"height: 600px\"><\/div>[\/vc_column][vc_column width=\u00a0\u00bb1\/2&Prime; css=\u00a0\u00bb.vc_custom_1500554500154{padding-top: 50px !important;padding-right: 70px !important;padding-left: 70px !important;background-color: rgba(215,186,147,0.05) !important;}\u00a0\u00bb]<div id=\"cz_107723\" class=\"cz_107723 cz_title clr cz_mobile_text_center cz_title_pos_inline\"><div class=\"cz_title_content\"><div class=\"cz_wpe_content\"><p><span style=\"font-weight: bold; font-family: Montserrat; font-size: 24px;\">LA PANGANA<\/span><\/p>\n<\/div><\/div><\/div><div id=\"cz_61379\" class=\"cz_61379 cz_title clr cz_mobile_text_center cz_title_pos_inline\"><div class=\"cz_title_content\"><div class=\"cz_wpe_content\"><div style=\"line-height: 1.6;\">\n<p><span style=\"font-size: 18px;\"><span style=\"font-family: Montserrat;\">L&rsquo;une des caract\u00e9ristiques de la tamborada mule\u00f1a sont les P\u00e1nganas, un spectacle spontan\u00e9 dans <\/span><span style=\"font-family: Montserrat;\">lequel deux batteurs s&rsquo;affrontent face \u00e0 face pour montrer qui peut tenir plus longtemps ou qui joue <\/span><span style=\"font-family: Montserrat;\">mieux.<\/span><\/span><\/p>\n<p>&nbsp;<\/p>\n<p><em><strong><span style=\"font-family: Montserrat; font-size: 18px;\">Le monument au batteur : la sculpture de Rafael Pi Belda<\/span><\/strong><\/em><\/p>\n<p>&nbsp;<\/p>\n<\/div>\n<div style=\"line-height: 1.6;\"><span style=\"font-family: Montserrat; font-size: 18px;\">En 2000, le monument au batteur Mule\u00f1o, oeuvre du sculpteur Rafael Pi Belda, a \u00e9t\u00e9 inaugur\u00e9. Deux batteurs v\u00eatus d&rsquo;une tunique et d&rsquo;une capuche jouent de leur tambour face \u00e0 face, se pr\u00e9parant \u00e0 un duel de leurs instruments dans une pangana traditionnelle.<\/span><\/div>\n<div style=\"line-height: 1.6;\">\n<p>&nbsp;<\/p>\n<p><span style=\"font-family: Montserrat; font-size: 18px;\">Bien qu\u2019\u00e0 l&rsquo;origine situ\u00e9 dans la partie ouest de la place, la pangana a d\u00e9m\u00e9nag\u00e9 il y a quelques ann\u00e9es <\/span><span style=\"font-family: Montserrat; font-size: 18px;\">sous la Tour de l&rsquo;Horloge, restant ainsi visible de tous les batteurs, qui chaque Mardi Saint se pressent <\/span><span style=\"font-family: Montserrat; font-size: 18px;\">sur la place face \u00e0 l&rsquo;Horloge.<\/span><\/p>\n<\/div>\n<\/div><\/div><\/div>[vc_column_text]<\/p>\n<div>\n<hr \/>\n<\/div>\n<div style=\"line-height: 1.3; text-align: left;\"><span style=\"font-size: 15px;\"><strong><span style=\"font-family: Montserrat;\">Texte: <\/span><\/strong><\/span><\/div>\n<div style=\"line-height: 1.3; text-align: left;\"><span style=\"font-family: Parisienne; font-size: 24px;\">Jos\u00e9 Antonio Zapata y Juan Fern\u00e1ndez del Toro<\/span><\/div>\n<p>[\/vc_column_text][\/vc_column][\/vc_row]<\/p>\n<\/div>","protected":false},"excerpt":{"rendered":"<p>[vc_row full_width=\u00a0\u00bbstretch_row_content_no_spaces\u00a0\u00bb equal_height=\u00a0\u00bbyes\u00a0\u00bb content_placement=\u00a0\u00bbmiddle\u00a0\u00bb css=\u00a0\u00bb.vc_custom_1620776736219{margin-top: 0px !important;}\u00a0\u00bb][vc_column width=\u00a0\u00bb2\/3&Prime; offset=\u00a0\u00bbvc_col-md-12&Prime;][\/vc_column][vc_column width=\u00a0\u00bb1\/3&Prime; css=\u00a0\u00bb.vc_custom_1620778972525{background-color: &#8230; <\/p>\n","protected":false},"author":2,"featured_media":0,"parent":0,"menu_order":0,"comment_status":"closed","ping_status":"closed","template":"","meta":{"om_disable_all_campaigns":false,"_monsterinsights_skip_tracking":false,"_monsterinsights_sitenote_active":false,"_monsterinsights_sitenote_note":"","_monsterinsights_sitenote_category":0,"_uf_show_specific_survey":0,"_uf_disable_surveys":false,"footnotes":""},"class_list":["post-2785","page","type-page","status-publish","hentry"],"aioseo_notices":[],"_links":{"self":[{"href":"https:\/\/lanochedelostambores.com\/fr\/wp-json\/wp\/v2\/pages\/2785","targetHints":{"allow":["GET"]}}],"collection":[{"href":"https:\/\/lanochedelostambores.com\/fr\/wp-json\/wp\/v2\/pages"}],"about":[{"href":"https:\/\/lanochedelostambores.com\/fr\/wp-json\/wp\/v2\/types\/page"}],"author":[{"embeddable":true,"href":"https:\/\/lanochedelostambores.com\/fr\/wp-json\/wp\/v2\/users\/2"}],"replies":[{"embeddable":true,"href":"https:\/\/lanochedelostambores.com\/fr\/wp-json\/wp\/v2\/comments?post=2785"}],"version-history":[{"count":14,"href":"https:\/\/lanochedelostambores.com\/fr\/wp-json\/wp\/v2\/pages\/2785\/revisions"}],"predecessor-version":[{"id":3983,"href":"https:\/\/lanochedelostambores.com\/fr\/wp-json\/wp\/v2\/pages\/2785\/revisions\/3983"}],"wp:attachment":[{"href":"https:\/\/lanochedelostambores.com\/fr\/wp-json\/wp\/v2\/media?parent=2785"}],"curies":[{"name":"wp","href":"https:\/\/api.w.org\/{rel}","templated":true}]}}