{"id":2849,"date":"2021-10-08T21:21:25","date_gmt":"2021-10-08T21:21:25","guid":{"rendered":"https:\/histoire\/"},"modified":"2021-10-08T23:51:35","modified_gmt":"2021-10-08T23:51:35","slug":"histoire","status":"publish","type":"page","link":"https:\/\/lanochedelostambores.com\/fr\/histoire\/","title":{"rendered":"HISTOIRE"},"content":{"rendered":"<div class=\"wpb-content-wrapper\"><p>[vc_row full_width=\u00a0\u00bbstretch_row\u00a0\u00bb css=\u00a0\u00bb.vc_custom_1622660616750{background-image: url(http:\/\/lanochedelostambores.com\/wp-content\/uploads\/2021\/05\/Tambores-Mula-la-fiesta-1920_2.jpg?id=1013) !important;}\u00a0\u00bb][vc_column]<div class=\"cz_gap clr \" style=\"height: 80px\"><\/div>[vc_row_inner content_placement=\u00a0\u00bbmiddle\u00a0\u00bb][vc_column_inner width=\u00a0\u00bb1\/2&Prime;]<h2 id=\"cz_60250\" data-time=\"3000\" class=\"cz_60250 cz_headline slide\"><span class=\"cz_words-wrapper\"><b class=\"is-visible\">\u00c9couter<\/b><b class=\"is-hidden\">Ressentir<\/b><b class=\"is-hidden\">Vivre<\/b><\/span><\/h2>[\/vc_column_inner][vc_column_inner width=\u00a0\u00bb1\/2&Prime;]<div id=\"cz_86412\" class=\"cz_86412 cz_title clr cz_title_pos_inline\"><div class=\"cz_title_shape shape_rectangle cz_title_shape_outline cz_shape_2\"><\/div><div class=\"cz_title_content\"><div class=\"cz_wpe_content\"><h3><span style=\"font-family: Montserrat; font-weight: 800; font-size: 34px; color: #ffffff;\">Passion pour le son tonitruant avec lequel vous pouvez sentir comment votre peau vibre et se h\u00e9risse<\/span><\/h3>\n<\/div><\/div><\/div>[\/vc_column_inner][\/vc_row_inner]<div class=\"cz_gap clr  hide_on_mobile\" style=\"height: 80px\"><\/div><div class=\"cz_gap show_on_mobile clr\" style=\"height: 101px\"><\/div>[\/vc_column][\/vc_row][vc_row full_width=\u00a0\u00bbstretch_row\u00a0\u00bb css=\u00a0\u00bb.vc_custom_1627682387176{background-color: #dbcdbc !important;}\u00a0\u00bb][vc_column]<div class=\"cz_gap clr \" style=\"height: 80px\"><\/div><div id=\"cz_15649\" class=\"cz_15649 cz_title clr cz_title_pos_inline tac\"><div class=\"cz_title_shape shape_circle cz_title_shape_outline cz_shape_1\"><\/div><div class=\"cz_title_content\"><div class=\"cz_wpe_content\"><div style=\"text-align: center; line-height: 1;\"><span style=\"font-family: Montserrat; font-size: 36px; font-weight: 300;\">HISTOIRE<\/span><\/div>\n<div style=\"text-align: center; line-height: 1;\"><span style=\"font-family: Montserrat; font-weight: 900;\">DU TAMBOUR<\/span><\/div>\n<\/div><\/div><\/div><div class=\"cz_gap clr \" style=\"height: 80px\"><\/div>[\/vc_column][\/vc_row][vc_row css=\u00a0\u00bb.vc_custom_1629912990001{margin-top: 80px !important;background-position: center !important;background-repeat: no-repeat !important;background-size: cover !important;}\u00a0\u00bb][vc_column offset=\u00a0\u00bbvc_col-lg-8 vc_col-md-8 vc_col-xs-12&Prime;]<div id=\"cz_101358\" data-arrows='{\"open\":\"fa fa-chevron-circle-down\",\"close\":\"fa fa-chevron-circle-up\"}' class=\"cz_101358 cz_acc clr cz_acc_first_open\"><div><div id=\"cz_22783\"><span class=\"cz_acc_child\"><div>HISTORIA DE LOS TAMBORES DE MULA<\/div><\/span><div class=\"cz_acc_child_content clr\">[vc_column_text]<\/p>\n<div style=\"line-height: 1.6;\"><span style=\"font-weight: 400; font-family: Montserrat;\"><strong>B<\/strong>ien que l&rsquo;origine de la tamborada mule\u00f1a soit incertaine, il semble que ce soit dans la premi\u00e8re moiti\u00e9 du XIXe si\u00e8cle qu&rsquo;elle soit apparue. Mais d\u00e9j\u00e0 dans les arr\u00eat\u00e9s municipaux de 1859 il est annonc\u00e9 d&rsquo;interdire la coutume de battre des tambours durant la Semaine Sainte en dehors de la procession :<\/span><\/div>\n<div><\/div>\n<div><\/div>\n<blockquote>\n<div style=\"line-height: 1.6;\"><span style=\"font-family: Montserrat;\"><i><span style=\"font-weight: 400;\">\u00ab\u00a0Dans les cort\u00e8ges, l&rsquo;ordre et le calme seront gard\u00e9s par les pr\u00e9pos\u00e9s, et il est totalement interdit de se promener dans les rues avec des tambours, en dehors des quelques personnes ayant l\u2019autorisation de la Fraternit\u00e9 Del Carmen, et ceux-ci m\u00eame n&rsquo;iront qu&rsquo;en procession&#8230;\u00a0\u00bb. <\/span><\/i><\/span><\/div>\n<\/blockquote>\n<p><span style=\"color: #0c0c0c; background-color: #d7ba93;\"><strong><span style=\"font-family: Montserrat; font-size: 14px; background-color: #d7ba93;\">Ordonnances municipales de Mula, ann\u00e9e 1859.<\/span><\/strong><\/span><\/p>\n<div style=\"line-height: 1.6;\"><span style=\"font-weight: 400; font-family: Montserrat;\">De plus, les nomm\u00e9s \u00ab Nazare\u00f1os de la broma \u00bb (nazar\u00e9ens de la farce) sont interdits. Ceux-ci n\u2019\u00e9taient autre que des gar\u00e7ons locaux qui, v\u00eatus de tuniques et de capuchons des confr\u00e9ries auxquelles ils appartenaient, faisaient des blagues et courtisaient les filles qui passaient vers les cort\u00e8ges, profitant de l&rsquo;anonymat, leur visage cach\u00e9 dans le plus pur style des mascarades de carnaval. Ceci n&rsquo;\u00e9tait pas vu de tr\u00e8s bon go\u00fbt par les plus conservateurs de la commune, qui plaidaient pour suivre le r\u00e8glement de l&rsquo;\u00e9glise en Semaine Sainte. <\/span><\/div>\n<p>&nbsp;<\/p>\n<div style=\"line-height: 1.6;\"><span style=\"font-weight: 600; font-family: Montserrat;\">L&rsquo;interdiction de jouer du tambour a l&rsquo;effet inverse et provoque seulement qu&rsquo;il y a de plus en plus d&rsquo;adeptes. A tel point qu&rsquo;en 1875 la tamborada est d\u00e9j\u00e0 consolid\u00e9e. \u00c0 ce moment-l\u00e0, le Nazar\u00e9en et le tambour forment un tout indivisible, consolidant ainsi une coutume qui, au fil des ans, va devenir une tradition.<\/span><\/div>\n<p>[\/vc_column_text]<\/div><\/div><div id=\"cz_68929\"><span class=\"cz_acc_child\"><div>LA EVOLUCI\u00d3N HIST\u00d3RICA<\/div><\/span><div class=\"cz_acc_child_content clr\">[vc_column_text]<\/p>\n<div style=\"line-height: 1.6;\"><span style=\"font-weight: 400; font-family: Montserrat;\">\u00c0 la fin du XIXe si\u00e8cle, la tamborada compte de nombreux adeptes, principalement issus du peuple. Les factions les plus conservatrices de la ville, qui sont les classes ais\u00e9es et le clerg\u00e9, s&rsquo;opposent \u00e0 la coutume de battre du tambour car elles consid\u00e8rent la Semaine Sainte comme un temps de recueillement pour comm\u00e9morer la Passion du Christ. Il est surprenant de voir comment, malgr\u00e9 l&rsquo;opposition de ceux qui dirigent Mula, la tamborada survit, bien que les jours et les heures de jeu commencent \u00e0 \u00eatre r\u00e9glement\u00e9s. Comme il se produit en 1892 :<\/span><\/div>\n<p>&nbsp;<\/p>\n<blockquote>\n<div style=\"line-height: 1.5;\"><span style=\"font-family: Montserrat;\"><i><span style=\"font-weight: 400;\">\u00ab\u00a0Nous pensons que nous pouvons garantir que cette ann\u00e9e il y aura des tambours et des Nazar\u00e9ens jusqu&rsquo;\u00e0 l&rsquo;heure de la procession du Mercredi Saint, et que les jours suivants, ni les tambours ni les Nazar\u00e9ens couverts ne seront autoris\u00e9s.\u00a0\u00bb <\/span><\/i><span style=\"font-weight: 400;\">Le Journal de Mula, 27 mars 1892.<\/span><\/span><\/div>\n<\/blockquote>\n<p>&nbsp;<\/p>\n<div style=\"line-height: 1.6;\"><span style=\"font-family: Montserrat; font-weight: 600;\">La tentative de r\u00e9guler la tamborada d\u00e9j\u00e0 consolid\u00e9e, se heurte au caract\u00e8re rebelle des jeunes batteurs Mule\u00f1os, qui n&rsquo;h\u00e9sitent pas \u00e0 se rassembler contre les dirigeants, comme le rapporte un journal en 1908. <\/span><\/div>\n<p>&nbsp;<\/p>\n<div style=\"line-height: 1.6;\"><span style=\"font-weight: 400; font-family: Montserrat;\">Il semble qu&rsquo;au d\u00e9but du XXe si\u00e8cle la tamborada continue d&rsquo;\u00eatre, plus que le plaisir de jouer du tambour, un exutoire pour la population la plus pauvre, qui profite de la foule et de l&rsquo;anonymat pour exprimer son m\u00e9contentement. A tel point qu&rsquo;on utilise tout ce qui est \u00e0 la port\u00e9e pour ajouter du bruit aux festivit\u00e9s : bidons d&rsquo;huile, chaudi\u00e8res et klaxons, car tout le monde n&rsquo;a pas la possibilit\u00e9 de fabriquer ou d&rsquo;acheter un tambour. Diff\u00e9rentes factions politiques influencent \u00e9galement les affrontements.<\/span><\/div>\n<p>&nbsp;<\/p>\n<div style=\"line-height: 1.6;\">\n<p><span style=\"font-weight: 400; font-family: Montserrat;\">Le m\u00e9contentement des dirigeants \u00e0 l&rsquo;\u00e9gard du \u00ab\u00a0carnaval\u00a0\u00bb mis en place les jours de la Semaine Sainte, am\u00e8ne \u00e0 ce que, compte tenu de l&rsquo;impossibilit\u00e9 d&rsquo;interdire le carnaval en raison du grand nombre de personnes participant, chaque ann\u00e9e les heures de jeu sont r\u00e9duites, atteignant seulement quatre heures pendant la dictature de Primo de Rivera, bien que, curieusement, il soit permis d&rsquo;\u00eatre habill\u00e9 en Nazar\u00e9en pendant plus d&rsquo;heures \u00e0 des jours diff\u00e9rents <\/span><span style=\"font-weight: 400; font-family: Montserrat;\">Apr\u00e8s le d\u00e9clin de la tradition pendant la dictature et la subs\u00e9quente dictature douce du g\u00e9n\u00e9ral D\u00e1maso Berenguer, la tamborada revient \u00e0 la normale avec l&rsquo;\u00e9tablissement de la Deuxi\u00e8me R\u00e9publique. Avec l&rsquo;arriv\u00e9e de la dictature franquiste, la tamborada est maintenue, le pouvoir des masses rend impensable l&rsquo;interdiction du tambour. Cependant, un nouveau b\u00e2ton surgit dans la roue de la tradition, car les dirigeants locaux \u00e9tablissent une taxe pour pouvoir jouer.<\/span><\/p>\n<p><span style=\"font-weight: 600; font-family: Montserrat;\">Ainsi, la tamborada survit pendant les ann\u00e9es de dictature jusqu&rsquo;\u00e0 l&rsquo;arriv\u00e9e de la d\u00e9mocratie, quand elle commence \u00e0 prendre des connotations plus festives.<\/span><\/p>\n<\/div>\n<p>[\/vc_column_text]<\/div><\/div><div id=\"cz_93716\"><span class=\"cz_acc_child\"><div>LA INDUMENTARIA<\/div><\/span><div class=\"cz_acc_child_content clr\">[vc_column_text]<\/p>\n<div style=\"line-height: 1.6;\"><span style=\"font-weight: 400; font-family: Montserrat;\">A l&rsquo;origine, lorsque les \u00ab Nazare\u00f1os de la broma \u00bb commenc\u00e8rent \u00e0 prendre forme au d\u00e9but du XIXe si\u00e8cle, voire \u00e0 la fin du XVIIIe si\u00e8cle, la tenue devait \u00eatre celle des \u00ab procesionarios de cada paso \u00bb c&rsquo;est\u00e0- dire les tuniques nazar\u00e9ennes de chaque fraternit\u00e9, donc de couleurs diff\u00e9rentes. C&rsquo;est parce que les gar\u00e7ons, profitant de l&rsquo;anonymat gr\u00e2ce \u00e0 la capuche, faisaient des farces sur le chemin du d\u00e9but de chaque cort\u00e8ge.<\/span><\/div>\n<p>&nbsp;<\/p>\n<div style=\"line-height: 1.6;\"><span style=\"font-weight: 400; font-family: Montserrat;\">Au fil du temps, le penchant pour les farces les jours de Semaine Sainte s&rsquo;\u00e9tendrait aux plus jeunes Mule\u00f1os de fa\u00e7on g\u00e9n\u00e9rale, qu&rsquo;ils soient li\u00e9s ou non \u00e0 une confr\u00e9rie, de sorte que ceux qui n&rsquo;avaient pas de costume nazar\u00e9en se confectionneraient une tunique et une capuche avec des chiffons trouv\u00e9s dans les maisons. C&rsquo;est de l\u00e0 que la tunique en percaline semble avoir son origine, car c&rsquo;est un tissu tr\u00e8s bon march\u00e9.<\/span><\/div>\n<p>&nbsp;<\/p>\n<p><span style=\"font-weight: 400; font-family: Montserrat;\">On sait qu&rsquo;en 1875 on utilisait non seulement des tuniques noires, mais aussi des tuniques bleues ou violettes :<\/span><\/p>\n<p>&nbsp;<\/p>\n<blockquote>\n<div style=\"line-height: 1.6;\"><span style=\"font-family: Montserrat;\"><i><span style=\"font-weight: 400;\">\u201cCertains jeunes gens joyeux et amusants, suivant la coutume traditionnelle de produire ces sc\u00e8nes, se d\u00e9guisaient en Nazar\u00e9ens avec des costumes et des masques en percaline noirs, bleus ou violets, et ils allaient et venaient en battant du tambour dans les rues et les places mal pav\u00e9es\u201d.<\/span><\/i><\/span><\/div>\n<p>&nbsp;<\/p>\n<div style=\"line-height: 1.6;\"><span style=\"font-family: Montserrat; font-size: 14px; background-color: #d7ba93; font-weight: 600;\">ournal El Constitucional d&rsquo;Alicante, 9-13 novembre 1875.<\/span><\/div>\n<\/blockquote>\n<p>&nbsp;<\/p>\n<div style=\"line-height: 1.6;\"><span style=\"font-weight: 400; font-family: Montserrat;\">Au fil du temps, l&rsquo;utilisation de la tunique noire et de la capuche de la m\u00eame couleur se g\u00e9n\u00e9ralisera, faisant dispara\u00eetre la hotte qui donnait sa forme \u00e0 ladite capuche de forme conique.<\/span><\/div>\n<p>[\/vc_column_text]<\/div><\/div><\/div><\/div><div class=\"cz_gap clr \" style=\"height: 50px\"><\/div>[\/vc_column][vc_column offset=\u00a0\u00bbvc_col-lg-4 vc_col-md-4 vc_col-xs-12&Prime;]<div class=\"cz_eqh cz_content_box_parent_fx  \"><div id=\"cz_84564\" class=\"cz_84564 cz_content_box clr\" data-tilt><div class=\"cz_box_front clr\"><div class=\"cz_box_front_inner clr \"><span><\/span><div><div class=\"cz_gap clr \" style=\"height: 50px\"><\/div><div id=\"cz_49063\" class=\"cz_49063 cz_title clr cz_mobile_text_center cz_title_pos_inline tac\"><div class=\"cz_title_content\"><div class=\"cz_wpe_content\"><h3 style=\"text-align: center; line-height: 1.3;\"><span style=\"font-size: 36px; color: #ffffff; font-family: Montserrat;\"><strong>VENIR \u00c0 LA<\/strong><\/span><\/h3>\n<h3 style=\"text-align: center; line-height: 1.3;\"><span style=\"font-size: 36px; color: #ffffff; font-family: Montserrat;\"><strong>CONNA\u00ceTRE<\/strong><\/span><\/h3>\n<\/div><\/div><\/div>[vc_column_text]<\/p>\n<p style=\"text-align: center; color: #ffffff; font-size: 14px; line-height: 18px;\"><span style=\"font-family: Montserrat;\">Mula, ville du tambour, est une exp\u00e9rience, un d\u00e9lice culturel qui attend ses visiteurs avec le calme de l&rsquo;histoire<\/span><\/p>\n<p>[\/vc_column_text]<div class=\"cz_gap clr \" style=\"height: 50px\"><\/div><\/div><\/div><\/div><\/div><\/div><div id=\"cz_107554\" class=\"cz_107554 cz_banner clr\">\n\t\t\t<figure class=\"effect-style5\">\n\t\t\t\t<img decoding=\"async\" width=\"606\" height=\"353\" src=\"data:image\/svg+xml,%3Csvg%20xmlns%3D&#39;http%3A%2F%2Fwww.w3.org%2F2000%2Fsvg&#39;%20width=&#39;606&#39;%20height=&#39;353&#39;%20viewBox%3D&#39;0%200%20606%20353&#39;%2F%3E\" data-czlz data-src=\"https:\/\/lanochedelostambores.com\/wp-content\/uploads\/2021\/07\/banner-contacto-turismo.jpg\" class=\"attachment-full\" alt=\"\" title=\"banner-contacto-turismo\" data-srcset=\"https:\/\/lanochedelostambores.com\/wp-content\/uploads\/2021\/07\/banner-contacto-turismo.jpg 606w, https:\/\/lanochedelostambores.com\/wp-content\/uploads\/2021\/07\/banner-contacto-turismo-300x175.jpg 300w, https:\/\/lanochedelostambores.com\/wp-content\/uploads\/2021\/07\/banner-contacto-turismo-600x350.jpg 600w\" data-sizes=\"(max-width: 606px) 100vw, 606px\" \/>\n\t\t\t\t<figcaption><div><h4>Tourisme Mula<\/h4><p class=\"cz_wpe_content\"><div id=\"tw-container\" class=\"\" data-cp=\"1\" data-is-ver=\"false\" data-nnttsvi=\"1\" data-sm=\"1\" data-sugg-time=\"500\" data-sugg-url=\"https:\/\/clients1.google.com\/complete\/search\" data-uilc=\"es\">\n<div id=\"tw-ob\" class=\"tw-src-ltr\">\n<div class=\"oSioSc\">\n<div id=\"tw-target\">\n<div id=\"kAz1tf\" class=\"g9WsWb\">\n<div id=\"tw-target-text-container\" class=\"tw-ta-container F0azHf tw-nfl\" tabindex=\"0\">\n<pre id=\"tw-target-text\" class=\"tw-data-text tw-text-large XcVN5d tw-ta\" dir=\"ltr\" data-placeholder=\"Traducci\u00f3n\"><span class=\"Y2IQFc\" lang=\"fr\" style=\"font-size: 20px; font-family: Montserrat;\">Aller sur le Web<\/span><\/pre>\n<\/div>\n<\/div>\n<\/div>\n<\/div>\n<\/div>\n<\/div>\n<div class=\"KFFQ0c xKf9F\"><\/div><\/div><a href=\"https:\/\/turismodemula.es\/\" target=\"_blank\"> <\/a><\/figcaption>\t\t\t\n\t\t\t<\/figure>\n\t\t<\/div><div id=\"cz_42906\" class=\"cz_42906 cz_banner clr\">\n\t\t\t<figure class=\"effect-style5\">\n\t\t\t\t<img decoding=\"async\" width=\"606\" height=\"353\" src=\"data:image\/svg+xml,%3Csvg%20xmlns%3D&#39;http%3A%2F%2Fwww.w3.org%2F2000%2Fsvg&#39;%20width=&#39;606&#39;%20height=&#39;353&#39;%20viewBox%3D&#39;0%200%20606%20353&#39;%2F%3E\" data-czlz data-src=\"https:\/\/lanochedelostambores.com\/wp-content\/uploads\/2021\/07\/banner-contacto-gastronomia.jpg\" class=\"attachment-full\" alt=\"\" title=\"banner-contacto-gastronomia\" data-srcset=\"https:\/\/lanochedelostambores.com\/wp-content\/uploads\/2021\/07\/banner-contacto-gastronomia.jpg 606w, https:\/\/lanochedelostambores.com\/wp-content\/uploads\/2021\/07\/banner-contacto-gastronomia-300x175.jpg 300w, https:\/\/lanochedelostambores.com\/wp-content\/uploads\/2021\/07\/banner-contacto-gastronomia-600x350.jpg 600w\" data-sizes=\"(max-width: 606px) 100vw, 606px\" \/>\n\t\t\t\t<figcaption><div><h4>O\u00f9 manger?<\/h4><p class=\"cz_wpe_content\"><div id=\"tw-target-text-container\" class=\"tw-ta-container F0azHf tw-nfl\" tabindex=\"0\">\n<pre id=\"tw-target-text\" class=\"tw-data-text tw-text-large XcVN5d tw-ta\" dir=\"ltr\" data-placeholder=\"Traducci\u00f3n\"><span class=\"Y2IQFc\" lang=\"fr\" style=\"font-size: 20px; font-family: Montserrat;\">voir plus<\/span><\/pre>\n<\/div><\/div><a href=\"https:\/\/turismodemula.es\/gastronomia\/bares-y-restaurantes\/\" target=\"_blank\"> <\/a><\/figcaption>\t\t\t\n\t\t\t<\/figure>\n\t\t<\/div><div id=\"cz_47274\" class=\"cz_47274 cz_title clr cz_title_pos_inline\"><div class=\"cz_title_content\"><div class=\"cz_wpe_content\"><div style=\"line-height: 1.3;\"><span style=\"font-weight: 400; font-family: Montserrat; font-size: 14px;\"><strong>Texte:<\/strong> <\/span><\/div>\n<div style=\"line-height: 1.3;\"><span style=\"font-weight: 400; font-family: Parisienne; font-size: 24px;\">Jos\u00e9 Antonio Zapata y <\/span><\/div>\n<div style=\"line-height: 1.3;\"><span style=\"font-weight: 400; font-family: Parisienne; font-size: 24px;\">Juan Fern\u00e1ndez del Toro<\/span><\/div>\n<\/div><\/div><\/div>[\/vc_column][\/vc_row]<\/p>\n<\/div>","protected":false},"excerpt":{"rendered":"<p>[vc_row full_width=\u00a0\u00bbstretch_row\u00a0\u00bb css=\u00a0\u00bb.vc_custom_1622660616750{background-image: url(http:\/\/lanochedelostambores.com\/wp-content\/uploads\/2021\/05\/Tambores-Mula-la-fiesta-1920_2.jpg?id=1013) !important;}\u00a0\u00bb][vc_column][vc_row_inner content_placement=\u00a0\u00bbmiddle\u00a0\u00bb][vc_column_inner width=\u00a0\u00bb1\/2&Prime;][\/vc_column_inner][vc_column_inner width=\u00a0\u00bb1\/2&Prime;][\/vc_column_inner][\/vc_row_inner][\/vc_column][\/vc_row][vc_row full_width=\u00a0\u00bbstretch_row\u00a0\u00bb css=\u00a0\u00bb.vc_custom_1627682387176{background-color: #dbcdbc &#8230; <\/p>\n","protected":false},"author":2,"featured_media":0,"parent":0,"menu_order":0,"comment_status":"closed","ping_status":"closed","template":"","meta":{"om_disable_all_campaigns":false,"_monsterinsights_skip_tracking":false,"_monsterinsights_sitenote_active":false,"_monsterinsights_sitenote_note":"","_monsterinsights_sitenote_category":0,"_uf_show_specific_survey":0,"_uf_disable_surveys":false,"footnotes":""},"class_list":["post-2849","page","type-page","status-publish","hentry"],"aioseo_notices":[],"_links":{"self":[{"href":"https:\/\/lanochedelostambores.com\/fr\/wp-json\/wp\/v2\/pages\/2849","targetHints":{"allow":["GET"]}}],"collection":[{"href":"https:\/\/lanochedelostambores.com\/fr\/wp-json\/wp\/v2\/pages"}],"about":[{"href":"https:\/\/lanochedelostambores.com\/fr\/wp-json\/wp\/v2\/types\/page"}],"author":[{"embeddable":true,"href":"https:\/\/lanochedelostambores.com\/fr\/wp-json\/wp\/v2\/users\/2"}],"replies":[{"embeddable":true,"href":"https:\/\/lanochedelostambores.com\/fr\/wp-json\/wp\/v2\/comments?post=2849"}],"version-history":[{"count":14,"href":"https:\/\/lanochedelostambores.com\/fr\/wp-json\/wp\/v2\/pages\/2849\/revisions"}],"predecessor-version":[{"id":3786,"href":"https:\/\/lanochedelostambores.com\/fr\/wp-json\/wp\/v2\/pages\/2849\/revisions\/3786"}],"wp:attachment":[{"href":"https:\/\/lanochedelostambores.com\/fr\/wp-json\/wp\/v2\/media?parent=2849"}],"curies":[{"name":"wp","href":"https:\/\/api.w.org\/{rel}","templated":true}]}}