{"id":2939,"date":"2021-10-08T22:18:52","date_gmt":"2021-10-08T22:18:52","guid":{"rendered":"https:\/artisanat\/"},"modified":"2021-10-08T23:54:31","modified_gmt":"2021-10-08T23:54:31","slug":"artisanat","status":"publish","type":"page","link":"https:\/\/lanochedelostambores.com\/fr\/artisanat\/","title":{"rendered":"ARTISANAT"},"content":{"rendered":"<div class=\"wpb-content-wrapper\"><p>[vc_row full_width=\u00a0\u00bbstretch_row_content\u00a0\u00bb content_placement=\u00a0\u00bbmiddle\u00a0\u00bb css=\u00a0\u00bb.vc_custom_1629915055492{background-image: url(http:\/\/lanochedelostambores.com\/wp-content\/uploads\/2021\/08\/cabecera-artesania-1.jpg?id=1555) !important;background-position: center !important;background-repeat: no-repeat !important;background-size: cover !important;}\u00a0\u00bb][vc_column offset=\u00a0\u00bbvc_col-xs-12&Prime;]<div class=\"cz_gap clr \" style=\"height: 200px\"><\/div><div class=\"cz_gap clr \" style=\"height: 100px\"><\/div><div class=\"cz_gap clr \" style=\"height: 80px\"><\/div>[\/vc_column][\/vc_row][vc_row full_width=\u00a0\u00bbstretch_row\u00a0\u00bb css=\u00a0\u00bb.vc_custom_1627668591196{background-color: #dfdbd7 !important;}\u00a0\u00bb][vc_column]<div class=\"cz_gap clr \" style=\"height: 80px\"><\/div><div id=\"cz_100810\" class=\"cz_100810 cz_title clr cz_title_pos_inline tac\"><div class=\"cz_title_shape shape_circle cz_title_shape_outline cz_shape_1\"><\/div><div class=\"cz_title_content\"><div class=\"cz_wpe_content\"><div style=\"text-align: center; line-height: 1;\"><span style=\"font-family: Montserrat; font-size: 36px; font-weight: 300;\">ARTISANAT<\/span><\/div>\n<div style=\"text-align: center; line-height: 1;\"><span style=\"font-family: Montserrat; font-weight: 900;\">DU TAMBOUR<\/span><\/div>\n<\/div><\/div><\/div><div class=\"cz_gap clr \" style=\"height: 80px\"><\/div><div id=\"cz_76672\" class=\"cz_76672 cz_title clr cz_title_pos_inline tac\"><div class=\"cz_title_content\"><div class=\"cz_wpe_content\"><div style=\"line-height: 1.6; text-align: center;\"><span style=\"font-weight: 400; font-family: Montserrat;\"><strong>L<\/strong>e tambour Mule\u00f1o (tambour de la ville de Mula) a \u00e9volu\u00e9 au fil du temps, tout comme la tradition ellem\u00eame. On ne sait que tr\u00e8s peu des premiers instruments avec lesquels la tamborada est n\u00e9e (f\u00eate locale pendant la Semaine Sainte, durant laquelle retentissent plus de 20,000 tambours dans le village) et on suppose qu&rsquo;il s&rsquo;agissait de bo\u00eetes de style militaire, qui tr\u00e8s probablement, appartenaient \u00e0 une confr\u00e9rie. C&rsquo;\u00e9taient les gar\u00e7ons, sur le chemin du cort\u00e8ge de la Semaine Sainte, qui faisaient des farces aux passants et battaient du tambour.<\/span><\/div>\n<\/div><\/div><\/div><div class=\"cz_gap clr \" style=\"height: 100px\"><\/div>[\/vc_column][\/vc_row][vc_row equal_height=\u00a0\u00bbyes\u00a0\u00bb content_placement=\u00a0\u00bbmiddle\u00a0\u00bb css=\u00a0\u00bb.vc_custom_1629913790217{margin-top: 75px !important;}\u00a0\u00bb][vc_column width=\u00a0\u00bb1\/3&Prime;]<div id=\"cz_104128\" class=\"cz_104128 cz_title clr cz_title_pos_inline tac\"><div class=\"cz_title_content\"><div class=\"cz_wpe_content\"><div style=\"text-align: center; line-height: 1.4;\">\n<p style=\"text-align: left;\"><span style=\"font-weight: 400; font-family: Montserrat; font-size: 16px;\">Bient\u00f4t, les Mule\u00f1os (habitants de Mula) les moins ais\u00e9s qui souhaitent s\u2019inscrire dans cette coutume eurent l\u2019id\u00e9e de fabriquer des tambours dans leur propre maisons, utilisant, dans la plupart des cas, des bo\u00eetes de conserve de poisson pour confectionner les caisses, quelques anneaux command\u00e9s \u00e0 un charpentier, des cordes pour serrer les anneaux et des peaux en boyau pour le tambour. Il n\u2019\u00e9tait pas difficile d\u2019obtenir des boyaux dans une localit\u00e9 \u00e9minemment rurale comme Mula, o\u00f9 les ch\u00e8vres et les moutons prolif\u00e9raient. Ainsi le Mule\u00f1o avait les pi\u00e8ces n\u00e9cessaires pour fabriquer son propre tambour. <\/span><\/p>\n<p>&nbsp;<\/p>\n<p style=\"text-align: left;\">\n<\/div>\n<\/div><\/div><\/div>[\/vc_column][vc_column width=\u00a0\u00bb2\/3&Prime;]<div id=\"cz_61954\" class=\"cz_61954 cz_image clr cz_image_no_fx center_on_mobile\"><div class=\"\" ><div class=\"cz_image_in\"><div class=\"cz_main_image\"><img decoding=\"async\" width=\"1800\" height=\"1200\" src=\"data:image\/svg+xml,%3Csvg%20xmlns%3D&#39;http%3A%2F%2Fwww.w3.org%2F2000%2Fsvg&#39;%20width=&#39;1800&#39;%20height=&#39;1200&#39;%20viewBox%3D&#39;0%200%201800%201200&#39;%2F%3E\" data-czlz data-src=\"https:\/\/lanochedelostambores.com\/wp-content\/uploads\/2021\/08\/TAMBORES-2014.-WEB.-LA-CHOLEPA-65.jpg\" class=\"attachment-full\" alt=\"\" title=\"TAMBORES 2014. WEB. LA CHOLEPA-65\" data-srcset=\"https:\/\/lanochedelostambores.com\/wp-content\/uploads\/2021\/08\/TAMBORES-2014.-WEB.-LA-CHOLEPA-65.jpg 1800w, https:\/\/lanochedelostambores.com\/wp-content\/uploads\/2021\/08\/TAMBORES-2014.-WEB.-LA-CHOLEPA-65-300x200.jpg 300w, https:\/\/lanochedelostambores.com\/wp-content\/uploads\/2021\/08\/TAMBORES-2014.-WEB.-LA-CHOLEPA-65-1024x683.jpg 1024w, https:\/\/lanochedelostambores.com\/wp-content\/uploads\/2021\/08\/TAMBORES-2014.-WEB.-LA-CHOLEPA-65-768x512.jpg 768w, https:\/\/lanochedelostambores.com\/wp-content\/uploads\/2021\/08\/TAMBORES-2014.-WEB.-LA-CHOLEPA-65-1536x1024.jpg 1536w, https:\/\/lanochedelostambores.com\/wp-content\/uploads\/2021\/08\/TAMBORES-2014.-WEB.-LA-CHOLEPA-65-600x400.jpg 600w\" data-sizes=\"(max-width: 1800px) 100vw, 1800px\" \/><\/div><\/div><\/div><\/div><div id=\"cz_36639\" class=\"cz_36639 cz_hotspot\"><div class=\"cz_hotspot_waves\" style=\"animation-duration: 1.4s\"><div class=\"cz_hotspot_circle\"><i class=\"fa fa-plus\"><\/i><\/div><\/div><div class=\"cz_hotspot_content cz_wpe_content cz_hotspot_top\"><div style=\"line-height: 1.2;\"><span style=\"font-size: 15px;\"><strong><span style=\"font-family: Montserrat;\">BORDONES:<\/span><\/strong><\/span><\/div>\n<div style=\"line-height: 1.2;\"><span style=\"font-family: Montserrat; font-size: 15px;\">\u00e0 l&rsquo;origine c&rsquo;\u00e9taient des boyaux, de nos jours on utilise des cordes de guitare. Ceux-ci touchent la peau du dos du tambour. Ceux-ci touchent la peau du dos.<\/span><\/div>\n<\/div><\/div><div id=\"cz_101325\" class=\"cz_101325 cz_hotspot\"><div class=\"cz_hotspot_waves\" style=\"animation-duration: 1s\"><div class=\"cz_hotspot_circle\"><i class=\"fa fa-plus\"><\/i><\/div><\/div><div class=\"cz_hotspot_content cz_wpe_content cz_hotspot_top\"><div style=\"line-height: 1.2;\"><strong><span style=\"font-family: Montserrat; font-size: 15px;\">PUENTE (CHEVALET):<\/span><\/strong><\/div>\n<div style=\"line-height: 1.2;\"><span style=\"font-family: Montserrat; font-size: 15px;\">El\u00e9ment viss\u00e9 au caisson et qui supporte le peigne.<\/span><\/div>\n<\/div><\/div><div id=\"cz_106690\" class=\"cz_106690 cz_hotspot\"><div class=\"cz_hotspot_waves\" style=\"animation-duration: 1s\"><div class=\"cz_hotspot_circle\"><i class=\"fa fa-plus\"><\/i><\/div><\/div><div class=\"cz_hotspot_content cz_wpe_content cz_hotspot_top\"><div style=\"line-height: 1.2;\"><strong><span style=\"font-family: Montserrat; font-size: 15px;\">PEINETA (PEIGNE):<\/span><\/strong><\/div>\n<div style=\"line-height: 1.2;\"><span style=\"font-weight: 400; font-family: Montserrat; font-size: 15px;\">Pi\u00e8ce qui sert \u00e0 serrer les douelles. Il y a ceux qui portent des peignes personnalis\u00e9s avec des images typiques de Mula ou ceux avec un sceau personnel.<\/span><\/div>\n<\/div><\/div><div id=\"cz_87211\" class=\"cz_87211 cz_hotspot\"><div class=\"cz_hotspot_waves\" style=\"animation-duration: 1s\"><div class=\"cz_hotspot_circle\"><i class=\"fa fa-plus\"><\/i><\/div><\/div><div class=\"cz_hotspot_content cz_wpe_content cz_hotspot_top\"><div style=\"line-height: 1.2;\"><strong><span style=\"font-family: Montserrat; font-size: 15px;\">AROS:<\/span><\/strong><\/div>\n<div style=\"line-height: 1.2;\"><span style=\"font-weight: 400; font-family: Montserrat; font-size: 15px;\">Les cerceaux en bois fixent les peaux sur la bo\u00eete. Si le tambour est tendu avec de la corde, les cerceaux ont des trous qui permettent le passage de la corde. S&rsquo;il est fait de vis, il n&rsquo;a pas de trous.<\/span><\/div>\n<\/div><\/div><div id=\"cz_13879\" class=\"cz_13879 cz_hotspot\"><div class=\"cz_hotspot_waves\" style=\"animation-duration: 1s\"><div class=\"cz_hotspot_circle\"><i class=\"fa fa-plus\"><\/i><\/div><\/div><div class=\"cz_hotspot_content cz_wpe_content cz_hotspot_top\"><div style=\"line-height: 1.2;\"><strong><span style=\"font-family: Montserrat; font-size: 15px;\">PIEL (PEAUX):<\/span><\/strong><\/div>\n<div style=\"line-height: 1.2;\"><span style=\"font-weight: 400; font-family: Montserrat; font-size: 15px;\">Le devant, dit palillera (cure-dent), de ch\u00e8vre et le dos, la bordonera (le pi\u00e8ge), de mouton.<\/span><\/div>\n<div style=\"line-height: 1;\"><span style=\"font-weight: 400; font-family: Montserrat; font-size: 13px;\">Les deux peaux sont emball\u00e9es dans des anneaux en bois qui donnent la forme souhait\u00e9e.<\/span><\/div>\n<\/div><\/div><div id=\"cz_13879\" class=\"cz_13879 cz_hotspot\"><div class=\"cz_hotspot_waves\" style=\"animation-duration: 1s\"><div class=\"cz_hotspot_circle\"><i class=\"fa fa-plus\"><\/i><\/div><\/div><div class=\"cz_hotspot_content cz_wpe_content cz_hotspot_top\"><div style=\"line-height: 1.2;\"><strong><span style=\"font-family: Montserrat; font-size: 15px;\">PIEL (PEAUX):<\/span><\/strong><\/div>\n<div style=\"line-height: 1.2;\"><span style=\"font-weight: 400; font-family: Montserrat; font-size: 15px;\">Le devant, dit palillera (cure-dent), de ch\u00e8vre et le dos, la bordonera (le pi\u00e8ge), de mouton.<\/span><\/div>\n<div style=\"line-height: 1;\"><span style=\"font-weight: 400; font-family: Montserrat; font-size: 13px;\">Les deux peaux sont emball\u00e9es dans des anneaux en bois qui donnent la forme souhait\u00e9e.<\/span><\/div>\n<\/div><\/div><div id=\"cz_14590\" class=\"cz_14590 cz_hotspot\"><div class=\"cz_hotspot_waves\" style=\"animation-duration: 1s\"><div class=\"cz_hotspot_circle\"><i class=\"fa fa-plus\"><\/i><\/div><\/div><div class=\"cz_hotspot_content cz_wpe_content cz_hotspot_top\"><div style=\"line-height: 1.2;\"><strong><span style=\"font-family: Montserrat; font-size: 15px;\">PIEL (PEAUX):<\/span><\/strong><\/div>\n<div style=\"line-height: 1.2;\"><span style=\"font-weight: 400; font-family: Montserrat; font-size: 15px;\">Arri\u00e8re, connu sous le nom de bordonera, fait de mouton.<\/span><\/div>\n<div style=\"line-height: 1;\"><span style=\"font-weight: 400; font-family: Montserrat; font-size: 13px;\">(Les deux peaux, recto et verso, sont emball\u00e9es dans des anneaux en bois qui donnent la forme souhait\u00e9e)<\/span><\/div>\n<\/div><\/div>[\/vc_column][\/vc_row][vc_row equal_height=\u00a0\u00bbyes\u00a0\u00bb content_placement=\u00a0\u00bbmiddle\u00a0\u00bb css=\u00a0\u00bb.vc_custom_1628103197217{margin-top: 30px !important;}\u00a0\u00bb][vc_column width=\u00a0\u00bb2\/3&Prime;]<div id=\"cz_25083\" class=\"cz_25083 cz_image clr cz_image_no_fx center_on_mobile\"><div class=\"\" ><div class=\"cz_image_in\"><div class=\"cz_main_image\"><img decoding=\"async\" width=\"1200\" height=\"800\" src=\"data:image\/svg+xml,%3Csvg%20xmlns%3D&#39;http%3A%2F%2Fwww.w3.org%2F2000%2Fsvg&#39;%20width=&#39;1200&#39;%20height=&#39;800&#39;%20viewBox%3D&#39;0%200%201200%20800&#39;%2F%3E\" data-czlz data-src=\"https:\/\/lanochedelostambores.com\/wp-content\/uploads\/2021\/08\/Tambores-Mula-96.jpg\" class=\"attachment-full\" alt=\"\" title=\"Tambours-Mula-96\" data-srcset=\"https:\/\/lanochedelostambores.com\/wp-content\/uploads\/2021\/08\/Tambores-Mula-96.jpg 1200w, https:\/\/lanochedelostambores.com\/wp-content\/uploads\/2021\/08\/Tambores-Mula-96-300x200.jpg 300w, https:\/\/lanochedelostambores.com\/wp-content\/uploads\/2021\/08\/Tambores-Mula-96-1024x683.jpg 1024w, https:\/\/lanochedelostambores.com\/wp-content\/uploads\/2021\/08\/Tambores-Mula-96-768x512.jpg 768w, https:\/\/lanochedelostambores.com\/wp-content\/uploads\/2021\/08\/Tambores-Mula-96-600x400.jpg 600w\" data-sizes=\"(max-width: 1200px) 100vw, 1200px\" \/><\/div><\/div><\/div><\/div><div id=\"cz_28696\" class=\"cz_28696 cz_hotspot\"><div class=\"cz_hotspot_waves\" style=\"animation-duration: 1s\"><div class=\"cz_hotspot_circle\"><i class=\"fa fa-plus\"><\/i><\/div><\/div><div class=\"cz_hotspot_content cz_wpe_content cz_hotspot_top\"><div style=\"line-height: 1.2;\"><span style=\"font-size: 15px;\"><strong><span style=\"font-family: Montserrat;\">CAJA (Bo\u00eeTE): <\/span><\/strong><\/span><\/div>\n<div style=\"line-height: 1.2;\"><span style=\"font-weight: 400; font-family: Montserrat; font-size: 15px;\">El\u00e9ment m\u00e9tallique en t\u00f4le ou en acier, qui donne corps au tambour en le laissant creux \u00e0 l&rsquo;int\u00e9rieur.<\/span><\/div>\n<\/div><\/div><div id=\"cz_54367\" class=\"cz_54367 cz_hotspot\"><div class=\"cz_hotspot_waves\" style=\"animation-duration: 1s\"><div class=\"cz_hotspot_circle\"><i class=\"fa fa-plus\"><\/i><\/div><\/div><div class=\"cz_hotspot_content cz_wpe_content cz_hotspot_top\"><div style=\"line-height: 1.2;\"><strong><span style=\"font-family: Montserrat; font-size: 15px;\">AROS (CERCEAUX OU ANNEAUX) :<\/span><\/strong><\/div>\n<div style=\"line-height: 1.2;\"><span style=\"font-weight: 400; font-family: Montserrat; font-size: 15px;\">les anneaux, en bois, fixent les peaux sur la bo\u00eete. Si le tambour est tendu avec de la corde, les anneaux ont des trous qui permettent le passage de la corde. S&rsquo;il est fait de vis, il n&rsquo;a pas de trous. Si le tambour est tendu avec de la corde, les anneaux ont des trous qui permettent le passage de la corde. S&rsquo;il est fait de vis, il n&rsquo;a pas de trous.<\/span><\/div>\n<\/div><\/div><div id=\"cz_55489\" class=\"cz_55489 cz_hotspot\"><div class=\"\" style=\"animation-duration: 1s\"><div class=\"cz_hotspot_circle\"><i class=\"fa fa-plus\"><\/i><\/div><\/div><div class=\"cz_hotspot_content cz_wpe_content cz_hotspot_top\"><div style=\"line-height: 1.2;\"><strong><span style=\"font-family: Montserrat; font-size: 15px;\">CUERDA (CORDE): <\/span><\/strong><\/div>\n<div style=\"line-height: 1.2;\"><span style=\"font-weight: 400; font-family: Montserrat; font-size: 15px;\">corde qui sert \u00e0 serrer les anneaux qui, \u00e0 leur tour, tendent les peaux.<\/span><\/div>\n<\/div><\/div><div id=\"cz_100137\" class=\"cz_100137 cz_hotspot\"><div class=\"cz_hotspot_waves\" style=\"animation-duration: 1s\"><div class=\"cz_hotspot_circle\"><i class=\"fa fa-plus\"><\/i><\/div><\/div><div class=\"cz_hotspot_content cz_wpe_content cz_hotspot_top\"><div style=\"line-height: 1.2;\"><strong><span style=\"font-family: Montserrat; font-size: 15px;\">TORNILLOS (VIS):<\/span><\/strong><\/div>\n<div style=\"line-height: 1.2;\"><span style=\"font-weight: 400; font-family: Montserrat; font-size: 15px;\">une variante pour serrer le tambour. Elles remplissent la m\u00eame fonction que les cordes.<\/span><\/div>\n<\/div><\/div>[\/vc_column][vc_column width=\u00a0\u00bb1\/3&Prime;]<div id=\"cz_38454\" class=\"cz_38454 cz_title clr cz_title_pos_inline tac\"><div class=\"cz_title_content\"><div class=\"cz_wpe_content\"><div style=\"text-align: center; line-height: 1.4;\">\n<p style=\"text-align: left;\"><span style=\"font-weight: 400; font-family: Montserrat; font-size: 16px;\">Il est \u00e9vident que ces premiers tambours n\u2019\u00e9taient pas de tr\u00e8s bonne qualit\u00e9, mais \u00e0 ce moment-l\u00e0 on ne recherchait pas un son parfait, cela viendrait avec le temps. <\/span><\/p>\n<\/div>\n<\/div><\/div><\/div><div class=\"relative\"><div id=\"cz_76189\" class=\"cz_76189 cz_line tac\"><\/div><\/div><div class=\"clr\"><\/div><div id=\"cz_63349\" class=\"cz_63349 cz_title clr cz_title_pos_inline tac\"><div class=\"cz_title_content\"><div class=\"cz_wpe_content\"><div style=\"text-align: center; line-height: 1.4;\">\n<p style=\"text-align: left;\"><span style=\"font-weight: 400; font-family: Montserrat; font-size: 18px;\"><strong> Et c\u2019est ainsi que, alors que la tradition se consolidait petit \u00e0 petit, les concours entre batteurs donn\u00e8rent lieu \u00e0 une recherche d&rsquo;am\u00e9lioration des pi\u00e8ces et, par cons\u00e9quent, du tambour, ce qui amena aux magnifiques instruments qui sont fabriqu\u00e9s aujourd&rsquo;hui.<\/strong><\/span><\/p>\n<\/div>\n<\/div><\/div><\/div>[\/vc_column][\/vc_row][vc_row full_width=\u00a0\u00bbstretch_row_content_no_spaces\u00a0\u00bb css=\u00a0\u00bb.vc_custom_1628104465611{margin-top: 75px !important;margin-bottom: 0px !important;padding-top: 50px !important;padding-bottom: 50px !important;background-color: #dfd5cc !important;}\u00a0\u00bb][vc_column]<div id=\"cz_14176\" class=\"cz_grid_p cz_14176\"><div class=\"cz_grid cz_grid_1 clr cz_grid_c4 cz_grid_1_no_title cz_grid_1_mid tac\"><div class=\"cz_grid_item cz_grid_first\"><\/div><div class=\"cz_grid_item \"><div><a class=\"cz_grid_link \" href=\"https:\/\/lanochedelostambores.com\/wp-content\/uploads\/2021\/08\/Tambores-Mula-66.jpg\" data-xtra-lightbox><img decoding=\"async\" width=\"300\" height=\"200\" src=\"data:image\/svg+xml,%3Csvg%20xmlns%3D&#39;http%3A%2F%2Fwww.w3.org%2F2000%2Fsvg&#39;%20width=&#39;300&#39;%20height=&#39;200&#39;%20viewBox%3D&#39;0%200%20300%20200&#39;%2F%3E\" data-czlz data-src=\"https:\/\/lanochedelostambores.com\/wp-content\/uploads\/2021\/08\/Tambores-Mula-66-300x200.jpg\" class=\"attachment-medium\" alt=\"\" title=\"Tambours-Mula-66\" data-srcset=\"https:\/\/lanochedelostambores.com\/wp-content\/uploads\/2021\/08\/Tambores-Mula-66-300x200.jpg 300w, https:\/\/lanochedelostambores.com\/wp-content\/uploads\/2021\/08\/Tambores-Mula-66-1024x683.jpg 1024w, https:\/\/lanochedelostambores.com\/wp-content\/uploads\/2021\/08\/Tambores-Mula-66-768x512.jpg 768w, https:\/\/lanochedelostambores.com\/wp-content\/uploads\/2021\/08\/Tambores-Mula-66-600x400.jpg 600w, https:\/\/lanochedelostambores.com\/wp-content\/uploads\/2021\/08\/Tambores-Mula-66.jpg 1200w\" data-sizes=\"(max-width: 300px) 100vw, 300px\" \/><div class=\"cz_grid_details\"><i class=\"fa fa-search cz_grid_icon\"><\/i><\/div><\/a><\/div><\/div><div class=\"cz_grid_item \"><div><a class=\"cz_grid_link \" href=\"https:\/\/lanochedelostambores.com\/wp-content\/uploads\/2021\/08\/Tambores-Mula-56.jpg\" data-xtra-lightbox><img decoding=\"async\" width=\"300\" height=\"200\" src=\"data:image\/svg+xml,%3Csvg%20xmlns%3D&#39;http%3A%2F%2Fwww.w3.org%2F2000%2Fsvg&#39;%20width=&#39;300&#39;%20height=&#39;200&#39;%20viewBox%3D&#39;0%200%20300%20200&#39;%2F%3E\" data-czlz data-src=\"https:\/\/lanochedelostambores.com\/wp-content\/uploads\/2021\/08\/Tambores-Mula-56-300x200.jpg\" class=\"attachment-medium\" alt=\"\" title=\"Tambours-Mula-56\" data-srcset=\"https:\/\/lanochedelostambores.com\/wp-content\/uploads\/2021\/08\/Tambores-Mula-56-300x200.jpg 300w, https:\/\/lanochedelostambores.com\/wp-content\/uploads\/2021\/08\/Tambores-Mula-56-1024x683.jpg 1024w, https:\/\/lanochedelostambores.com\/wp-content\/uploads\/2021\/08\/Tambores-Mula-56-768x512.jpg 768w, https:\/\/lanochedelostambores.com\/wp-content\/uploads\/2021\/08\/Tambores-Mula-56-600x400.jpg 600w, https:\/\/lanochedelostambores.com\/wp-content\/uploads\/2021\/08\/Tambores-Mula-56.jpg 1200w\" data-sizes=\"(max-width: 300px) 100vw, 300px\" \/><div class=\"cz_grid_details\"><i class=\"fa fa-search cz_grid_icon\"><\/i><\/div><\/a><\/div><\/div><div class=\"cz_grid_item \"><div><a class=\"cz_grid_link \" href=\"https:\/\/lanochedelostambores.com\/wp-content\/uploads\/2021\/08\/Tambores-Mula-39.jpg\" data-xtra-lightbox><img decoding=\"async\" width=\"300\" height=\"200\" src=\"data:image\/svg+xml,%3Csvg%20xmlns%3D&#39;http%3A%2F%2Fwww.w3.org%2F2000%2Fsvg&#39;%20width=&#39;300&#39;%20height=&#39;200&#39;%20viewBox%3D&#39;0%200%20300%20200&#39;%2F%3E\" data-czlz data-src=\"https:\/\/lanochedelostambores.com\/wp-content\/uploads\/2021\/08\/Tambores-Mula-39-300x200.jpg\" class=\"attachment-medium\" alt=\"\" title=\"Tambours-Mula-39\" data-srcset=\"https:\/\/lanochedelostambores.com\/wp-content\/uploads\/2021\/08\/Tambores-Mula-39-300x200.jpg 300w, https:\/\/lanochedelostambores.com\/wp-content\/uploads\/2021\/08\/Tambores-Mula-39-1024x683.jpg 1024w, https:\/\/lanochedelostambores.com\/wp-content\/uploads\/2021\/08\/Tambores-Mula-39-768x512.jpg 768w, https:\/\/lanochedelostambores.com\/wp-content\/uploads\/2021\/08\/Tambores-Mula-39-600x400.jpg 600w, https:\/\/lanochedelostambores.com\/wp-content\/uploads\/2021\/08\/Tambores-Mula-39.jpg 1200w\" data-sizes=\"(max-width: 300px) 100vw, 300px\" \/><div class=\"cz_grid_details\"><i class=\"fa fa-search cz_grid_icon\"><\/i><\/div><\/a><\/div><\/div><div class=\"cz_grid_item \"><div><a class=\"cz_grid_link \" href=\"https:\/\/lanochedelostambores.com\/wp-content\/uploads\/2021\/08\/Tambores-Mula-30.jpg\" data-xtra-lightbox><img decoding=\"async\" width=\"300\" height=\"200\" src=\"data:image\/svg+xml,%3Csvg%20xmlns%3D&#39;http%3A%2F%2Fwww.w3.org%2F2000%2Fsvg&#39;%20width=&#39;300&#39;%20height=&#39;200&#39;%20viewBox%3D&#39;0%200%20300%20200&#39;%2F%3E\" data-czlz data-src=\"https:\/\/lanochedelostambores.com\/wp-content\/uploads\/2021\/08\/Tambores-Mula-30-300x200.jpg\" class=\"attachment-medium\" alt=\"\" title=\"Tambours-Mula-30\" data-srcset=\"https:\/\/lanochedelostambores.com\/wp-content\/uploads\/2021\/08\/Tambores-Mula-30-300x200.jpg 300w, https:\/\/lanochedelostambores.com\/wp-content\/uploads\/2021\/08\/Tambores-Mula-30-1024x683.jpg 1024w, https:\/\/lanochedelostambores.com\/wp-content\/uploads\/2021\/08\/Tambores-Mula-30-768x512.jpg 768w, https:\/\/lanochedelostambores.com\/wp-content\/uploads\/2021\/08\/Tambores-Mula-30-600x400.jpg 600w, https:\/\/lanochedelostambores.com\/wp-content\/uploads\/2021\/08\/Tambores-Mula-30.jpg 1200w\" data-sizes=\"(max-width: 300px) 100vw, 300px\" \/><div class=\"cz_grid_details\"><i class=\"fa fa-search cz_grid_icon\"><\/i><\/div><\/a><\/div><\/div><\/div><\/div>[\/vc_column][\/vc_row]<\/p>\n<\/div>","protected":false},"excerpt":{"rendered":"<p>[vc_row full_width=\u00a0\u00bbstretch_row_content\u00a0\u00bb content_placement=\u00a0\u00bbmiddle\u00a0\u00bb css=\u00a0\u00bb.vc_custom_1629915055492{background-image: url(http:\/\/lanochedelostambores.com\/wp-content\/uploads\/2021\/08\/cabecera-artesania-1.jpg?id=1555) !important;background-position: center !important;background-repeat: no-repeat !important;background-size: cover &#8230; <\/p>\n","protected":false},"author":2,"featured_media":0,"parent":0,"menu_order":0,"comment_status":"closed","ping_status":"closed","template":"","meta":{"om_disable_all_campaigns":false,"_monsterinsights_skip_tracking":false,"_monsterinsights_sitenote_active":false,"_monsterinsights_sitenote_note":"","_monsterinsights_sitenote_category":0,"_uf_show_specific_survey":0,"_uf_disable_surveys":false,"footnotes":""},"class_list":["post-2939","page","type-page","status-publish","hentry"],"aioseo_notices":[],"_links":{"self":[{"href":"https:\/\/lanochedelostambores.com\/fr\/wp-json\/wp\/v2\/pages\/2939","targetHints":{"allow":["GET"]}}],"collection":[{"href":"https:\/\/lanochedelostambores.com\/fr\/wp-json\/wp\/v2\/pages"}],"about":[{"href":"https:\/\/lanochedelostambores.com\/fr\/wp-json\/wp\/v2\/types\/page"}],"author":[{"embeddable":true,"href":"https:\/\/lanochedelostambores.com\/fr\/wp-json\/wp\/v2\/users\/2"}],"replies":[{"embeddable":true,"href":"https:\/\/lanochedelostambores.com\/fr\/wp-json\/wp\/v2\/comments?post=2939"}],"version-history":[{"count":5,"href":"https:\/\/lanochedelostambores.com\/fr\/wp-json\/wp\/v2\/pages\/2939\/revisions"}],"predecessor-version":[{"id":3788,"href":"https:\/\/lanochedelostambores.com\/fr\/wp-json\/wp\/v2\/pages\/2939\/revisions\/3788"}],"wp:attachment":[{"href":"https:\/\/lanochedelostambores.com\/fr\/wp-json\/wp\/v2\/media?parent=2939"}],"curies":[{"name":"wp","href":"https:\/\/api.w.org\/{rel}","templated":true}]}}