{"id":2960,"date":"2021-10-08T22:31:36","date_gmt":"2021-10-08T22:31:36","guid":{"rendered":"https:\/lassociation\/"},"modified":"2021-10-08T22:31:42","modified_gmt":"2021-10-08T22:31:42","slug":"lassociation","status":"publish","type":"page","link":"https:\/\/lanochedelostambores.com\/fr\/lassociation\/","title":{"rendered":"L&rsquo;ASSOCIATION"},"content":{"rendered":"<div class=\"wpb-content-wrapper\"><p>[vc_row full_width=\u00a0\u00bbstretch_row\u00a0\u00bb css=\u00a0\u00bb.vc_custom_1627686117206{background-image: url(http:\/\/lanochedelostambores.com\/wp-content\/uploads\/2021\/07\/cabecera-asociacion-tamboristas.jpg?id=1294) !important;background-position: center !important;background-repeat: no-repeat !important;background-size: cover !important;}\u00a0\u00bb][vc_column]<div class=\"cz_gap clr \" style=\"height: 200px\"><\/div>[\/vc_column][\/vc_row][vc_row equal_height=\u00a0\u00bbyes\u00a0\u00bb content_placement=\u00a0\u00bbmiddle\u00a0\u00bb css=\u00a0\u00bb.vc_custom_1627686743220{margin-top: 75px !important;}\u00a0\u00bb][vc_column width=\u00a0\u00bb1\/3&Prime;]<div class=\"cz_gap clr \" style=\"height: 50px\"><\/div><div id=\"cz_39738\" class=\"cz_39738 cz_title clr cz_title_pos_inline tac\"><div class=\"cz_title_shape shape_circle cz_title_shape_outline cz_shape_1\"><\/div><div class=\"cz_title_content\"><div class=\"cz_wpe_content\"><div style=\"text-align: center;line-height: 1\"><span style=\"font-family: Montserrat;font-size: 36px;font-weight: 300\">L&rsquo;ASSOCIATION<\/span><\/div>\n<div style=\"text-align: center;line-height: 1\"><span style=\"font-family: Montserrat;font-weight: 900\">DES BATTEURS<\/span><\/div>\n<\/div><\/div><\/div><div class=\"cz_gap clr \" style=\"height: 50px\"><\/div>[\/vc_column][vc_column width=\u00a0\u00bb2\/3&Prime;][vc_column_text]<\/p>\n<div style=\"line-height: 1.4\"><span style=\"font-size: 18px;font-family: Montserrat;font-weight: 400\">L\u2019origine de l\u2019Association des Batteurs de Mula remonte \u00e0 une r\u00e9union qui a lieu le dimanche 4 mars 1979, lorsque les batteurs mule\u00f1os sont convoqu\u00e9s pour discuter de la tradition. <strong>A partir de ce jour na\u00eet une commission pr\u00e9sid\u00e9e par Diego Cervantes, avec Salvador Llorente comme secr\u00e9taire. L&rsquo;objectif de cette commission \u00e9tant de travailler pour pr\u00e9server la tradition et gagner des adeptes du tambour.<\/strong><\/span><\/div>\n<div style=\"line-height: 1.4\"><\/div>\n<div style=\"line-height: 1.4\"><span style=\"font-size: 18px;font-family: Montserrat;font-weight: 400\">L&rsquo;importance que prend le festival fait que le 5 juillet 1987 une commission de gestion est cr\u00e9\u00e9e dans le but de constituer une association qui repr\u00e9senterait les batteurs. 7 janvier 1988, les statuts sont approuv\u00e9s et l\u2019Association des Batteurs de Mula est fond\u00e9e.<\/span><\/div>\n<p>[\/vc_column_text][\/vc_column][\/vc_row][vc_row full_width=\u00a0\u00bbstretch_row\u00a0\u00bb equal_height=\u00a0\u00bbyes\u00a0\u00bb content_placement=\u00a0\u00bbmiddle\u00a0\u00bb css=\u00a0\u00bb.vc_custom_1627687011491{margin-top: 75px !important;margin-bottom: 70px !important;padding-top: 60px !important;padding-bottom: 60px !important;background-color: #0c0c0c !important;}\u00a0\u00bb][vc_column width=\u00a0\u00bb2\/3&Prime;]<div id=\"cz_94982\" class=\"cz_94982 cz_title clr cz_title_pos_inline\"><div class=\"cz_title_content\"><div class=\"cz_wpe_content\"><div style=\"line-height: 1.3\"><span style=\"font-weight: 400;font-family: Montserrat;color: #ffffff;font-size: 24px\"><strong>EL PANGANICO:<\/strong> <\/span><\/div>\n<div style=\"line-height: 1.3\"><span style=\"font-weight: 400;font-family: Montserrat;color: #ffffff;font-size: 14px\">logo de l&rsquo;association<\/span><\/div>\n<p>&nbsp;<\/p>\n<div style=\"line-height: 1.3\"><span style=\"font-weight: 400;font-family: Montserrat;font-size: 18px;color: #ffffff\">Lors de la cr\u00e9ation de l&rsquo;Association des Batteurs de Mula, en 1988, le logo choisi pour la repr\u00e9senter est un ch\u00e2teau, aux pieds duquel se trouve un tambour avec des b\u00e2tons crois\u00e9s et surtout, en arche, le nom de l&rsquo;association.<\/span><\/div>\n<div style=\"line-height: 1.3\"><\/div>\n<div style=\"line-height: 1.3\"><span style=\"font-weight: 400;font-family: Montserrat;font-size: 18px;color: #ffffff\">Le 3 mars 1990, le changement de logo est approuv\u00e9, en reprenant le design donn\u00e9 par Paco Verd\u00fa, qui lui a donn\u00e9 le nom de Panganico, le batteur gaucher. Ce m\u00eame logo est celui qui repr\u00e9sente l&rsquo;association depuis lors et est profond\u00e9ment reconnu comme une repr\u00e9sentation des batteurs de Mula.<\/span><\/div>\n<\/div><\/div><\/div>[\/vc_column][vc_column width=\u00a0\u00bb1\/3&Prime;]<div id=\"cz_96184\" class=\"cz_96184 cz_image clr cz_image_no_fx center_on_mobile\"><div class=\"\" ><div class=\"cz_image_in\"><div class=\"cz_main_image\"><img decoding=\"async\" width=\"400\" height=\"400\" src=\"data:image\/svg+xml,%3Csvg%20xmlns%3D&#39;http%3A%2F%2Fwww.w3.org%2F2000%2Fsvg&#39;%20width=&#39;400&#39;%20height=&#39;400&#39;%20viewBox%3D&#39;0%200%20400%20400&#39;%2F%3E\" data-czlz data-src=\"https:\/\/lanochedelostambores.com\/wp-content\/uploads\/2021\/05\/logo-asociacion-tambor-mula.png\" class=\"attachment-full\" alt=\"\" title=\"logo-asociacion-tambor-mula\" data-srcset=\"https:\/\/lanochedelostambores.com\/wp-content\/uploads\/2021\/05\/logo-asociacion-tambor-mula.png 400w, https:\/\/lanochedelostambores.com\/wp-content\/uploads\/2021\/05\/logo-asociacion-tambor-mula-300x300.png 300w, https:\/\/lanochedelostambores.com\/wp-content\/uploads\/2021\/05\/logo-asociacion-tambor-mula-150x150.png 150w\" data-sizes=\"(max-width: 400px) 100vw, 400px\" \/><\/div><\/div><\/div><\/div>[\/vc_column][\/vc_row][vc_row equal_height=\u00a0\u00bbyes\u00a0\u00bb content_placement=\u00a0\u00bbmiddle\u00a0\u00bb][vc_column width=\u00a0\u00bb1\/3&Prime;]<div id=\"cz_106829\" class=\"cz_106829 cz_image clr cz_image_no_fx center_on_mobile\"><div class=\"\" ><div class=\"cz_image_in\"><div class=\"cz_main_image\"><img decoding=\"async\" width=\"1200\" height=\"1800\" src=\"data:image\/svg+xml,%3Csvg%20xmlns%3D&#39;http%3A%2F%2Fwww.w3.org%2F2000%2Fsvg&#39;%20width=&#39;1200&#39;%20height=&#39;1800&#39;%20viewBox%3D&#39;0%200%201200%201800&#39;%2F%3E\" data-czlz data-src=\"https:\/\/lanochedelostambores.com\/wp-content\/uploads\/2021\/08\/TAMBORES-2014.-WEB.-LA-CHOLEPA-35.jpg\" class=\"attachment-full\" alt=\"Ni\u00f1o peque\u00f1o tocando un tambor\" title=\"TAMBORES 2014. WEB. LA CHOLEPA-35\" data-srcset=\"https:\/\/lanochedelostambores.com\/wp-content\/uploads\/2021\/08\/TAMBORES-2014.-WEB.-LA-CHOLEPA-35.jpg 1200w, https:\/\/lanochedelostambores.com\/wp-content\/uploads\/2021\/08\/TAMBORES-2014.-WEB.-LA-CHOLEPA-35-200x300.jpg 200w, https:\/\/lanochedelostambores.com\/wp-content\/uploads\/2021\/08\/TAMBORES-2014.-WEB.-LA-CHOLEPA-35-683x1024.jpg 683w, https:\/\/lanochedelostambores.com\/wp-content\/uploads\/2021\/08\/TAMBORES-2014.-WEB.-LA-CHOLEPA-35-768x1152.jpg 768w, https:\/\/lanochedelostambores.com\/wp-content\/uploads\/2021\/08\/TAMBORES-2014.-WEB.-LA-CHOLEPA-35-1024x1536.jpg 1024w, https:\/\/lanochedelostambores.com\/wp-content\/uploads\/2021\/08\/TAMBORES-2014.-WEB.-LA-CHOLEPA-35-600x900.jpg 600w\" data-sizes=\"(max-width: 1200px) 100vw, 1200px\" \/><\/div><\/div><\/div><\/div>[\/vc_column][vc_column width=\u00a0\u00bb2\/3&Prime;][vc_column_text]<\/p>\n<div style=\"line-height: 1.4\">\n<p><span style=\"font-size: 24px\"><strong><span style=\"font-family: Montserrat\">L&rsquo;\u00c9COLE DU TAMBOUR<\/span><\/strong><\/span><\/p>\n<p><span style=\"font-weight: 400;font-size: 18px;font-family: Montserrat\"><strong>Dans le but de promouvoir la pratique du tambour mule\u00f1o aupr\u00e8s des plus jeunes, l&rsquo;\u00c9cole du Tambour est n\u00e9e en 1989, un an apr\u00e8s la cr\u00e9ation de l&rsquo;Association des Tambours de Mula.<\/strong> L&rsquo;Ecole est charg\u00e9e d&rsquo;enseigner la pratique traditionnelle et l&rsquo;assemblage des tambours aux \u00e9l\u00e8ves, en transmettant les valeurs de respect et de participation au tambour mule\u00f1o.<\/span><\/p>\n<p><span style=\"font-weight: 400;font-size: 18px;font-family: Montserrat\">Les instructeurs, batteurs exp\u00e9riment\u00e9s, enseignent aux \u00e9l\u00e8ves \u00e0 jouer du tambour, selon une m\u00e9thode bas\u00e9e sur la nomenclature propre \u00e0 l&rsquo;\u00e9cole. Tout au long de l&rsquo;ann\u00e9e, les \u00e9tudiants pratiquent sur des grandes roues de camions en guise de tambour.<\/span><\/p>\n<p><span style=\"font-weight: 400;font-size: 18px;font-family: Montserrat\">Chaque ann\u00e9e, les jours pr\u00e9c\u00e9dant la Nuit des Tambours, le \u00ab Gala de cl\u00f4ture \u00bb a lieu au Th\u00e9\u00e2tre Lope de Vega, qui termine l&rsquo;ann\u00e9e scolaire, o\u00f9 les \u00e9l\u00e8ves montrent tout ce qu&rsquo;ils ont appris.<\/span><\/p>\n<\/div>\n<p>[\/vc_column_text][\/vc_column][\/vc_row][vc_row css=\u00a0\u00bb.vc_custom_1628104685649{margin-top: 30px !important;}\u00a0\u00bb][vc_column][vc_separator color=\u00a0\u00bbcustom\u00a0\u00bb border_width=\u00a0\u00bb3&Prime; accent_color=\u00a0\u00bb#bfbfbf\u00a0\u00bb][\/vc_column][\/vc_row][vc_row equal_height=\u00a0\u00bbyes\u00a0\u00bb content_placement=\u00a0\u00bbmiddle\u00a0\u00bb][vc_column width=\u00a0\u00bb2\/3&Prime;][vc_column_text]<\/p>\n<div style=\"line-height: 1.2\">\n<p>&nbsp;<\/p>\n<p><span><strong><span>XXX anniversaire<\/span><\/strong><\/span><span style=\"font-weight: 400;font-family: Montserrat;font-size: 14px\">de l&rsquo;Association des Batteurs de Mula<\/span><\/p>\n<p>&nbsp;<\/p>\n<p><span style=\"font-weight: 400;font-family: Montserrat;font-size: 18px\">En 2018, l&rsquo;Association a c\u00e9l\u00e9br\u00e9 son trenti\u00e8me anniversaire. Trente ans au cours desquels on a oeuvr\u00e9 pour pr\u00e9server la tradition du tambour. Trente ans au cours desquels on a oeuvr\u00e9 pour pr\u00e9server la tradition du tambour. Parmi les jalons les plus marquants, il faut mentionner la cr\u00e9ation de l&rsquo;\u00c9cole du Tambour en 1989 et la r\u00e9alisation de la c\u00e9l\u00e9bration des IX, XVII et XXXIII Journ\u00e9es Nationales d&rsquo;Exaltation du Tambour et de la Grosse caisse, dans la ville de Mula, les ann\u00e9es 1994, 2002 et 2018.<\/span><\/p>\n<p>&nbsp;<\/p>\n<\/div>\n<p>[\/vc_column_text][\/vc_column][vc_column width=\u00a0\u00bb1\/3&Prime;]<div id=\"cz_96537\" class=\"cz_96537 cz_image clr cz_image_no_fx center_on_mobile\"><div class=\"\" ><div class=\"cz_image_in\"><div class=\"cz_main_image\"><img decoding=\"async\" width=\"1498\" height=\"1084\" src=\"data:image\/svg+xml,%3Csvg%20xmlns%3D&#39;http%3A%2F%2Fwww.w3.org%2F2000%2Fsvg&#39;%20width=&#39;1498&#39;%20height=&#39;1084&#39;%20viewBox%3D&#39;0%200%201498%201084&#39;%2F%3E\" data-czlz data-src=\"https:\/\/lanochedelostambores.com\/wp-content\/uploads\/2021\/08\/30ANIVERSARIO-ASOCIAON-TAMBORISTA-MULA-1.jpg\" class=\"attachment-full\" alt=\"Imagen conmemorativa del 30\u00ba Aniversario de la Asociaci\u00f3n de Tamboristas de Mula\" title=\"30ANNIVERSAIRE-ASSOCIAON-BATTEUR-MULA\" data-srcset=\"https:\/\/lanochedelostambores.com\/wp-content\/uploads\/2021\/08\/30ANIVERSARIO-ASOCIAON-TAMBORISTA-MULA-1.jpg 1498w, https:\/\/lanochedelostambores.com\/wp-content\/uploads\/2021\/08\/30ANIVERSARIO-ASOCIAON-TAMBORISTA-MULA-1-300x217.jpg 300w, https:\/\/lanochedelostambores.com\/wp-content\/uploads\/2021\/08\/30ANIVERSARIO-ASOCIAON-TAMBORISTA-MULA-1-1024x741.jpg 1024w, https:\/\/lanochedelostambores.com\/wp-content\/uploads\/2021\/08\/30ANIVERSARIO-ASOCIAON-TAMBORISTA-MULA-1-768x556.jpg 768w, https:\/\/lanochedelostambores.com\/wp-content\/uploads\/2021\/08\/30ANIVERSARIO-ASOCIAON-TAMBORISTA-MULA-1-600x434.jpg 600w\" data-sizes=\"(max-width: 1498px) 100vw, 1498px\" \/><\/div><\/div><\/div><\/div>[\/vc_column][\/vc_row]<\/p>\n<\/div>","protected":false},"excerpt":{"rendered":"<p>[vc_row full_width=\u00a0\u00bbstretch_row\u00a0\u00bb css=\u00a0\u00bb.vc_custom_1627686117206{background-image: url(http:\/\/lanochedelostambores.com\/wp-content\/uploads\/2021\/07\/cabecera-asociacion-tamboristas.jpg?id=1294) !important;background-position: center !important;background-repeat: no-repeat !important;background-size: cover !important;}\u00a0\u00bb][vc_column][\/vc_column][\/vc_row][vc_row &#8230; <\/p>\n","protected":false},"author":2,"featured_media":0,"parent":0,"menu_order":0,"comment_status":"closed","ping_status":"closed","template":"","meta":{"om_disable_all_campaigns":false,"_monsterinsights_skip_tracking":false,"_monsterinsights_sitenote_active":false,"_monsterinsights_sitenote_note":"","_monsterinsights_sitenote_category":0,"_uf_show_specific_survey":0,"_uf_disable_surveys":false,"footnotes":""},"class_list":["post-2960","page","type-page","status-publish","hentry"],"aioseo_notices":[],"_links":{"self":[{"href":"https:\/\/lanochedelostambores.com\/fr\/wp-json\/wp\/v2\/pages\/2960","targetHints":{"allow":["GET"]}}],"collection":[{"href":"https:\/\/lanochedelostambores.com\/fr\/wp-json\/wp\/v2\/pages"}],"about":[{"href":"https:\/\/lanochedelostambores.com\/fr\/wp-json\/wp\/v2\/types\/page"}],"author":[{"embeddable":true,"href":"https:\/\/lanochedelostambores.com\/fr\/wp-json\/wp\/v2\/users\/2"}],"replies":[{"embeddable":true,"href":"https:\/\/lanochedelostambores.com\/fr\/wp-json\/wp\/v2\/comments?post=2960"}],"version-history":[{"count":6,"href":"https:\/\/lanochedelostambores.com\/fr\/wp-json\/wp\/v2\/pages\/2960\/revisions"}],"predecessor-version":[{"id":2966,"href":"https:\/\/lanochedelostambores.com\/fr\/wp-json\/wp\/v2\/pages\/2960\/revisions\/2966"}],"wp:attachment":[{"href":"https:\/\/lanochedelostambores.com\/fr\/wp-json\/wp\/v2\/media?parent=2960"}],"curies":[{"name":"wp","href":"https:\/\/api.w.org\/{rel}","templated":true}]}}