{"id":3748,"date":"2021-10-08T23:07:31","date_gmt":"2021-10-08T23:07:31","guid":{"rendered":"https:\/avis-juridique\/"},"modified":"2021-10-08T23:07:32","modified_gmt":"2021-10-08T23:07:32","slug":"avis-juridique","status":"publish","type":"page","link":"https:\/\/lanochedelostambores.com\/fr\/avis-juridique\/","title":{"rendered":"AVIS JURIDIQUE"},"content":{"rendered":"<div class=\"wpb-content-wrapper\"><p>[vc_row full_width=\u00a0\u00bbstretch_row\u00a0\u00bb css=\u00a0\u00bb.vc_custom_1627674909570{padding-top: 75px !important;background-color: #e4ddd6 !important;}\u00a0\u00bb][vc_column][vc_column_text]<\/p>\n<div style=\"line-height: 1.4; text-align: center;\"><span style=\"font-size: 34px; font-family: Montserrat; font-weight: 400;\"><span style=\"font-family: Montserrat;\">AVIS JURIDIQUE <\/span><\/span><\/div>\n<div>\n<hr>\n<\/div>\n<p>[\/vc_column_text][vc_column_text]<\/p>\n<div style=\"line-height: 1.4;\"><span style=\"{wpml_trans_unit_3_0_1_0_-1_0}\">Conform\u00e9ment \u00e0 l&rsquo;obligation d&rsquo;information contenue \u00e0 l&rsquo;article 10 de la loi<\/span> <span style=\"font-family: Montserrat; font-size: 16px;\">34\/2002 du 11 juillet sur les services de la soci\u00e9t\u00e9 de l&rsquo;information et<\/span> <span style=\"font-family: Montserrat; font-size: 16px;\">du commerce \u00e9lectronique, <strong>La Noche de los Tambores<\/strong><\/span> <span style=\"font-family: Montserrat; font-size: 16px;\">Mula est d\u00e9clar\u00e9e ci-dessous en tant que site Web professionnel g\u00e9r\u00e9 par :<\/span><\/div>\n<div> <\/div>\n<div style=\"line-height: 1.4;\"><span style=\"font-family: Montserrat; font-size: 16px;\"> Excmo. mairie de <\/span><span style=\"font-family: Montserrat; font-size: 16px;\">Mula. (ci-apr\u00e8s, le fournisseur), avec CIF: P3002900C et domicili\u00e9 \u00e0 Plaza del <\/span><span style=\"font-family: Montserrat; font-size: 16px;\">Mairie 8, 30170 Mula (Murcie).<\/span><\/div>\n<div style=\"line-height: 1.4;\"><strong><span style=\"font-family: Montserrat; font-size: 16px;\">E-mail: lanochedelostambores@<\/span><\/strong><\/div>\n<div> <\/div>\n<p>[\/vc_column_text][\/vc_column][\/vc_row][vc_row][vc_column][vc_column_text]<\/p>\n<p><span style=\"font-family: Montserrat;\"><\/p>\n&#13;\n<div>\u00a0<\/div>&#13;\n<div style=\"line-height: 1.4;\"><strong><span style=\"font-family: Montserrat; font-size: 20px;\">Responsabilidad<\/span><\/strong><\/div>&#13;\n<div>\u00a0<\/div>&#13;\n<div style=\"line-height: 1.4;\"><span style=\"font-family: Montserrat; font-size: 16px;\">Toda persona que acceda a este sitio web asume el papel de usuario, <\/span><span style=\"font-family: Montserrat; font-size: 16px;\">comprometi\u00e9ndose a la observancia y cumplimiento riguroso de las disposiciones <\/span><span style=\"font-family: Montserrat; font-size: 16px;\">aqu\u00ed dispuestas, as\u00ed como a cualquier otra disposici\u00f3n legal que fuera de aplicaci\u00f3n.<\/span><\/div>&#13;\n<div>\u00a0<\/div>&#13;\n<div style=\"line-height: 1.4;\"><span style=\"font-family: Montserrat; font-size: 16px;\">La Noche de los Tambores Mula se exime de cualquier tipo de responsabilidad <\/span><span style=\"font-family: Montserrat; font-size: 16px;\">derivada de la informaci\u00f3n publicada en su sitio web y por la falta de <\/span><span style=\"font-family: Montserrat; font-size: 16px;\">disponibilidad (ca\u00eddas) del sitio el cual efectuar\u00e1 adem\u00e1s paradas peri\u00f3dicas por <\/span><span style=\"font-family: Montserrat; font-size: 16px;\">mantenimientos t\u00e9cnicos. Adem\u00e1s, el prestador se reserva el derecho a modificar <\/span><span style=\"font-family: Montserrat; font-size: 16px;\">cualquier tipo de informaci\u00f3n que pudiera aparecer en el sitio web, sin que exista <\/span><span style=\"font-family: Montserrat; font-size: 16px;\">obligaci\u00f3n de preavisar o poner en conocimiento de los usuarios dichas <\/span><span style=\"font-family: Montserrat; font-size: 16px;\">obligaciones, entendi\u00e9ndose como suficiente con la publicaci\u00f3n en el sitio web del <\/span><span style=\"font-family: Montserrat; font-size: 16px;\">prestador.<\/span><\/div>&#13;\n<div>\u00a0<\/div>&#13;\n<div style=\"line-height: 1.4;\"><strong><span style=\"font-family: Montserrat; font-size: 20px;\">Pol\u00edtica de Cookies<\/span><\/strong><\/div>&#13;\n<div>\u00a0<\/div>&#13;\n<div style=\"line-height: 1.4;\"><span style=\"font-family: Montserrat; font-size: 16px;\">El sitio web de Feria del Almendro en Flor Mula puede utilizar cookies (peque\u00f1os <\/span><span style=\"font-family: Montserrat; font-size: 16px;\">archivos de texto que el servidor env\u00eda al ordenador de quien accede a la p\u00e1gina). <\/span><span style=\"font-family: Montserrat; font-size: 16px;\">Se trata de una t\u00e9cnica usada de manera habitual en Internet para llevar a cabo <\/span><span style=\"font-family: Montserrat; font-size: 16px;\">determinadas funciones que son consideradas imprescindibles para el correcto <\/span><span style=\"font-family: Montserrat; font-size: 16px;\">funcionamiento y visualizaci\u00f3n del sitio. Las cookies utilizadas en el sitio web <\/span><span style=\"font-family: Montserrat; font-size: 16px;\">tienen, en todo caso, car\u00e1cter temporal con la \u00fanica finalidad de hacer m\u00e1s eficaz <\/span><span style=\"font-family: Montserrat; font-size: 16px;\">su transmisi\u00f3n ulterior y desaparecen al terminar la sesi\u00f3n del usuario. En ning\u00fan <\/span><span style=\"font-family: Montserrat; font-size: 16px;\">caso se utilizar\u00e1n las cookies para recoger informaci\u00f3n de car\u00e1cter personal.<\/span><\/div>&#13;\n<div style=\"line-height: 1.4;\"><span style=\"font-family: Montserrat; font-size: 16px;\">Desde el sitio web del cliente es posible que se redirija a contenidos de terceros <\/span><span style=\"font-family: Montserrat; font-size: 16px;\">sitios web. Dado que el prestador no puede controlar siempre los contenidos <\/span><span style=\"font-family: Montserrat; font-size: 16px;\">introducidos por los terceros en sus sitios web, \u00e9ste no asume ning\u00fan tipo de <\/span><span style=\"font-family: Montserrat; font-size: 16px;\">responsabilidad respecto a dichos contenidos. En todo caso, el prestador se <\/span><span style=\"font-family: Montserrat; font-size: 16px;\">compromete a la retirada inmediata de cualquier contenido que pudiera <\/span><span style=\"font-family: Montserrat; font-size: 16px;\">contravenir la legislaci\u00f3n nacional o internacional, la moral o el orden p\u00fablico, <\/span><span style=\"font-family: Montserrat; font-size: 16px;\">procediendo a la retirada inmediata de la redirecci\u00f3n a dicho sitio web, poniendo <\/span><span style=\"font-family: Montserrat; font-size: 16px;\">en conocimiento de las autoridades competentes el contenido en cuesti\u00f3n.<\/span><\/div>&#13;\n<div>\u00a0<\/div>&#13;\n<div style=\"line-height: 1.4;\"><span style=\"font-size: 20px;\"><strong><span style=\"font-family: Montserrat;\">Protecci\u00f3n de datos personales<\/span><\/strong><\/span><\/div>&#13;\n<div>\u00a0<\/div>&#13;\n<div style=\"line-height: 1.4;\"><span style=\"font-family: Montserrat; font-size: 16px;\">El prestador cumple con la normativa espa\u00f1ola de protecci\u00f3n de datos de car\u00e1cter <\/span><span style=\"font-family: Montserrat; font-size: 16px;\">personal, y garantiza el cumplimiento \u00edntegro de las obligaciones dispuestas la Ley <\/span><span style=\"font-family: Montserrat; font-size: 16px;\">Org\u00e1nica 15\/1999, de 13 de diciembre, de Protecci\u00f3n de Datos de Car\u00e1cter <\/span><span style=\"font-family: Montserrat; font-size: 16px;\">Personal (LOPD), el Real Decreto 1720\/2007, de 21 de diciembre, por el que se <\/span><span style=\"font-family: Montserrat; font-size: 16px;\">aprueba el Reglamento de desarrollo de la LOPD y dem\u00e1s normativa vigente en <\/span><span style=\"font-family: Montserrat; font-size: 16px;\">cada momento, y vela por garantizar un correcto uso y tratamiento de los datos <\/span><span style=\"font-family: Montserrat; font-size: 16px;\">personales del usuario.<\/span><\/div>&#13;\n<div>\u00a0<\/div>&#13;\n<div style=\"line-height: 1.4;\"><span style=\"font-size: 20px;\"><strong><span style=\"font-family: Montserrat;\">Pol\u00edtica anti-spam<\/span><\/strong><\/span><\/div>&#13;\n<div>\u00a0<\/div>&#13;\n<div style=\"line-height: 1.4;\"><span style=\"font-family: Montserrat; font-size: 16px;\">El prestador se declara completamente en contra del env\u00edo de comunicaciones <\/span><span style=\"font-family: Montserrat; font-size: 16px;\">comerciales no solicitadas y a cualquier tipo de conducta o manifestaci\u00f3n conocida <\/span><span style=\"font-family: Montserrat; font-size: 16px;\">como \u201cspam\u201d, asimismo se declara comprometido con la lucha contra este tipo de<\/span><br\/><span style=\"font-family: Montserrat; font-size: 16px;\">pr\u00e1cticas abusivas.<\/span><\/div>&#13;\n<div style=\"line-height: 1.4;\"><span style=\"font-family: Montserrat; font-size: 16px;\">Por tanto, el prestador garantiza al usuario a que bajo ning\u00fan concepto los datos <\/span><span style=\"font-family: Montserrat; font-size: 16px;\">personales recogidos en el sitio web ser\u00e1n cedidos, compartidos, transferidos, ni <\/span><span style=\"font-family: Montserrat; font-size: 16px;\">vendidos a ning\u00fan tercero.<\/span><\/div>&#13;\n<div style=\"line-height: 1.4;\"><span style=\"font-family: Montserrat; font-size: 16px;\">El usuario puede ponerse en contacto con nosotros a trav\u00e9s del formulario de <\/span><span style=\"font-family: Montserrat; font-size: 16px;\">contacto que se mantiene en el sitio web, tanto para comunicar lo sucedido como <\/span><span style=\"font-family: Montserrat; font-size: 16px;\">para solicitar la eliminaci\u00f3n inmediata de sus datos de nuestro sistema.<\/span><\/div>&#13;\n<div>\u00a0<\/div>&#13;\n<div style=\"line-height: 1.4;\"><span style=\"font-size: 20px;\"><strong><span style=\"font-family: Montserrat;\">Consentimiento al tratamiento de los datos personales del usuario<\/span><\/strong><\/span><\/div>&#13;\n<div>\u00a0<\/div>&#13;\n<div style=\"line-height: 1.4;\"><span style=\"font-family: Montserrat; font-size: 16px;\">En el marco de sus actividades, La Noche de los Tambores dispone de la <\/span><span style=\"font-family: Montserrat; font-size: 16px;\">posibilidad de enviar mensajes a trav\u00e9s del formulario de contacto.<\/span><br\/><span style=\"font-family: Montserrat; font-size: 16px;\">El usuario, mediante el formulario de contacto y estar\u00e1 dando su consentimiento <\/span><span style=\"font-family: Montserrat; font-size: 16px;\">expreso al tratamiento de los personales proporcionados seg\u00fan lo dispuesto en el <\/span><span style=\"font-family: Montserrat; font-size: 16px;\">art\u00edculo 6 de la LOPD. El usuario podr\u00e1 ejercer sus derechos en los t\u00e9rminos <\/span><span style=\"font-family: Montserrat; font-size: 16px;\">dispuestos por el art\u00edculo 5 de la LOPD.<\/span><br\/><span style=\"font-family: Montserrat; font-size: 16px;\">Los datos de car\u00e1cter personal solicitados en estas actividades, quedar\u00e1n <\/span><span style=\"font-family: Montserrat; font-size: 16px;\">incorporados a un fichero cuya finalidad es meramente informativa al sitio web <\/span><span style=\"font-family: Montserrat; font-size: 16px;\">de Feria del Almendro en Flor Mula actuando como responsable del <\/span><span style=\"font-family: Montserrat; font-size: 16px;\">fichero el prestador. Los campos marcados con asterisco son de cumplimentaci\u00f3n <\/span><span style=\"font-family: Montserrat; font-size: 16px;\">obligatoria, siendo imposible realizar la finalidad expresada si no se aportan estos <\/span><span style=\"font-family: Montserrat; font-size: 16px;\">datos. Queda igualmente informado de la posibilidad de ejercitar los derechos que <\/span><span style=\"font-family: Montserrat; font-size: 16px;\">se indican en el apartado relativo a los Derechos del usuario.<\/span><\/div>&#13;\n<div>\u00a0<\/div>&#13;\n<div style=\"line-height: 1.4;\"><span style=\"font-size: 20px;\"><strong><span style=\"font-family: Montserrat;\">Derechos del usuario<\/span><\/strong><\/span><\/div>&#13;\n<div>\u00a0<\/div>&#13;\n<div style=\"line-height: 1.4;\"><span style=\"font-family: Montserrat; font-size: 16px;\">De conformidad con lo establecido en el art\u00edculo 5 de la LOPD, se informa al <\/span><span style=\"font-family: Montserrat; font-size: 16px;\">usuario que la finalidad exclusiva de la base de datos de registro es meramente <\/span><span style=\"font-family: Montserrat; font-size: 16px;\">informativa con el sitio web Feria del Almendro en Flor Mula. \u00danicamente los <\/span><span style=\"font-family: Montserrat; font-size: 16px;\">titulares tendr\u00e1n acceso a sus datos, y bajo ning\u00fan concepto, estos datos ser\u00e1n <\/span><span style=\"font-family: Montserrat; font-size: 16px;\">cedidos, compartidos, transferidos, ni vendidos a ning\u00fan tercero. <\/span><span style=\"font-family: Montserrat; font-size: 16px;\">De acuerdo con lo dispuesto en la LOPD, el usuario en cualquier momento podr\u00e1 <\/span><span style=\"font-family: Montserrat; font-size: 16px;\">ejercitar sus derechos de cancelaci\u00f3n y oposici\u00f3n ante el prestador.<\/span><\/div>&#13;\n<div>\u00a0<\/div>&#13;\n<div style=\"line-height: 1.4;\"><span style=\"font-size: 20px;\"><strong><span style=\"font-family: Montserrat;\">Links o hiperenlaces<\/span><\/strong><\/span><\/div>&#13;\n<div>\u00a0<\/div>&#13;\n<div style=\"line-height: 1.4;\"><span style=\"font-family: Montserrat; font-size: 16px;\">Los enlaces contenidos en nuestra Web pueden dirigir a contenidos Web de <\/span><span style=\"font-family: Montserrat; font-size: 16px;\">terceros. El objetivo de dichos enlaces es \u00fanicamente facilitarle la b\u00fasqueda de los <\/span><span style=\"font-family: Montserrat; font-size: 16px;\">recursos que le puedan interesar a trav\u00e9s de Internet. No obstante, dichas p\u00e1ginas <\/span><span style=\"font-family: Montserrat; font-size: 16px;\">no pertenecen a La Noche de los Tambores Mula, ni hace una revisi\u00f3n de sus <\/span><span style=\"font-family: Montserrat; font-size: 16px;\">contenidos y, por ello, La Noche de los Tambores Mula no asume ninguna <\/span><span style=\"font-family: Montserrat; font-size: 16px;\">responsabilidad por el contenido, informaciones o servicios que pudieran aparecer <\/span><span style=\"font-family: Montserrat; font-size: 16px;\">en dichos sitios, que tendr\u00e1n exclusivamente car\u00e1cter informativo y que en ning\u00fan <\/span><span style=\"font-family: Montserrat; font-size: 16px;\">caso implican relaci\u00f3n alguna entre La Noche de los Tambores Mula y a las <\/span><span style=\"font-family: Montserrat; font-size: 16px;\">personas o entidades titulares de tales contenidos o titulares de los sitios donde se<\/span><br\/><span style=\"font-family: Montserrat; font-size: 16px;\">encuentren. La Noche de los Tambores Mula tampoco puede hacerse responsable <\/span><span style=\"font-family: Montserrat; font-size: 16px;\">del funcionamiento de la p\u00e1gina enlazada o de los posibles da\u00f1os que puedan <\/span><span style=\"font-family: Montserrat; font-size: 16px;\">derivarse del acceso o uso de la misma.<\/span><\/div>&#13;\n<div>\u00a0<\/div>&#13;\n<div style=\"line-height: 1.4;\"><span style=\"font-family: Montserrat; font-size: 16px;\">Propiedad intelectual y uso de los contenidos <\/span><span style=\"font-family: Montserrat; font-size: 16px;\">El sitio web de La Noche de los Tambores Mula, incluyendo a t\u00edtulo enunciativo<\/span><br\/><span style=\"font-family: Montserrat; font-size: 16px;\">pero no limitativo su programaci\u00f3n, edici\u00f3n, compilaci\u00f3n y dem\u00e1s elementos <\/span><span style=\"font-family: Montserrat; font-size: 16px;\">necesarios para su funcionamiento, los dise\u00f1os, logotipos, texto y\/o gr\u00e1ficos son <\/span><span style=\"font-family: Montserrat; font-size: 16px;\">propiedad del prestador o en su caso dispone de licencia o autorizaci\u00f3n expresa <\/span><span style=\"font-family: Montserrat; font-size: 16px;\">por parte de los autores.<\/span><\/div>&#13;\n<div style=\"line-height: 1.4;\"><span style=\"font-family: Montserrat; font-size: 16px;\">Cualquier uso no autorizado previamente por parte del prestador ser\u00e1 <\/span><span style=\"font-family: Montserrat; font-size: 16px;\">considerado un incumplimiento grave de los derechos de propiedad intelectual o <\/span><span style=\"font-family: Montserrat; font-size: 16px;\">industrial del autor.<\/span><br\/><span style=\"font-family: Montserrat; font-size: 16px;\">Para realizar cualquier tipo de observaci\u00f3n respecto a posibles incumplimientos <\/span><span style=\"font-family: Montserrat; font-size: 16px;\">de los derechos de propiedad intelectual o industrial, as\u00ed como sobre cualquiera de <\/span><span style=\"font-family: Montserrat; font-size: 16px;\">los contenidos del sitio web, puede hacerlo a trav\u00e9s del formulario de contacto que <\/span><span style=\"font-family: Montserrat; font-size: 16px;\">se mantiene en el sitio web.<\/span><\/div>&#13;\n<div>\u00a0<\/div>&#13;\n<div style=\"line-height: 1.4;\"><span style=\"font-size: 20px;\"><strong><span style=\"font-family: Montserrat;\">Ley aplicable y jurisdicci\u00f3n<\/span><\/strong><\/span><\/div>&#13;\n<div>\u00a0<\/div>&#13;\n<div style=\"line-height: 1.4;\"><span style=\"font-family: Montserrat; font-size: 16px;\">Para la resoluci\u00f3n de todas las controversias o cuestiones relacionadas con el <\/span><span style=\"font-family: Montserrat; font-size: 16px;\">presente sitio web o de las actividades en \u00e9l desarrolladas, ser\u00e1 de aplicaci\u00f3n la <\/span><span style=\"font-family: Montserrat; font-size: 16px;\">legislaci\u00f3n espa\u00f1ola, a la que se someten expresamente las partes.<\/span><\/div>&#13;\n<p>[\/vc_column_text][\/vc_column][\/vc_row]<\/p><\/div>","protected":false},"excerpt":{"rendered":"<p>[vc_row full_width=\u00a0\u00bbstretch_row\u00a0\u00bb css=\u00a0\u00bb.vc_custom_1627674909570{padding-top: 75px !important;background-color: #e4ddd6 !important;}\u00a0\u00bb][vc_column][vc_column_text] AVIS JURIDIQUE [\/vc_column_text][vc_column_text] Conform\u00e9ment &#8230; <\/p>\n","protected":false},"author":1,"featured_media":0,"parent":0,"menu_order":0,"comment_status":"closed","ping_status":"open","template":"","meta":{"om_disable_all_campaigns":false,"_monsterinsights_skip_tracking":false,"_monsterinsights_sitenote_active":false,"_monsterinsights_sitenote_note":"","_monsterinsights_sitenote_category":0,"_uf_show_specific_survey":0,"_uf_disable_surveys":false,"footnotes":""},"class_list":["post-3748","page","type-page","status-publish","hentry"],"aioseo_notices":[],"_links":{"self":[{"href":"https:\/\/lanochedelostambores.com\/fr\/wp-json\/wp\/v2\/pages\/3748","targetHints":{"allow":["GET"]}}],"collection":[{"href":"https:\/\/lanochedelostambores.com\/fr\/wp-json\/wp\/v2\/pages"}],"about":[{"href":"https:\/\/lanochedelostambores.com\/fr\/wp-json\/wp\/v2\/types\/page"}],"author":[{"embeddable":true,"href":"https:\/\/lanochedelostambores.com\/fr\/wp-json\/wp\/v2\/users\/1"}],"replies":[{"embeddable":true,"href":"https:\/\/lanochedelostambores.com\/fr\/wp-json\/wp\/v2\/comments?post=3748"}],"version-history":[{"count":5,"href":"https:\/\/lanochedelostambores.com\/fr\/wp-json\/wp\/v2\/pages\/3748\/revisions"}],"predecessor-version":[{"id":3753,"href":"https:\/\/lanochedelostambores.com\/fr\/wp-json\/wp\/v2\/pages\/3748\/revisions\/3753"}],"wp:attachment":[{"href":"https:\/\/lanochedelostambores.com\/fr\/wp-json\/wp\/v2\/media?parent=3748"}],"curies":[{"name":"wp","href":"https:\/\/api.w.org\/{rel}","templated":true}]}}